{"id":4691,"date":"2015-02-25T18:48:10","date_gmt":"2015-02-25T18:48:10","guid":{"rendered":"http:\/\/panamadivecenter.com\/activities-2\/"},"modified":"2017-12-14T20:32:27","modified_gmt":"2017-12-14T20:32:27","slug":"santa-catalina-activites","status":"publish","type":"page","link":"https:\/\/panamafreediving.com\/fr\/santa-catalina-activites\/","title":{"rendered":"Activit\u00e9s"},"content":{"rendered":"","protected":false},"excerpt":{"rendered":"","protected":false},"author":2,"featured_media":0,"parent":0,"menu_order":0,"comment_status":"closed","ping_status":"open","template":"","meta":{"footnotes":""},"class_list":["post-4691","page","type-page","status-publish","hentry"],"yoast_head":"<!-- This site is optimized with the Yoast SEO Premium plugin v15.4 - https:\/\/yoast.com\/wordpress\/plugins\/seo\/ -->\n<title>Activit\u00e9s \u00e0 Santa Catalina, Panama | Panama Dive Center<\/title>\n<meta name=\"description\" content=\"Avec tout ce qu&#039;il y a \u00e0 faire \u00e0 Santa Catalina, Panama Dive Center peut aider \u00e0 vous guider vers la meilleure aventure de surf ou de plong\u00e9e.\" \/>\n<meta name=\"robots\" content=\"index, follow, max-snippet:-1, max-image-preview:large, max-video-preview:-1\" \/>\n<link rel=\"canonical\" href=\"https:\/\/panamafreediving.com\/fr\/santa-catalina-activites\/\" \/>\n<meta property=\"og:locale\" content=\"fr_FR\" \/>\n<meta property=\"og:type\" content=\"article\" \/>\n<meta property=\"og:title\" content=\"Activit\u00e9s \u00e0 Santa Catalina, Panama | Panama Dive Center\" \/>\n<meta property=\"og:description\" content=\"Avec tout ce qu&#039;il y a \u00e0 faire \u00e0 Santa Catalina, Panama Dive Center peut aider \u00e0 vous guider vers la meilleure aventure de surf ou de plong\u00e9e.\" \/>\n<meta property=\"og:url\" content=\"https:\/\/panamafreediving.com\/fr\/santa-catalina-activites\/\" \/>\n<meta property=\"og:site_name\" content=\"Panama Freediving\" \/>\n<meta property=\"article:publisher\" content=\"https:\/\/www.facebook.com\/padipanamadivecenter\" \/>\n<meta property=\"article:modified_time\" content=\"2017-12-14T20:32:27+00:00\" \/>\n<meta name=\"twitter:card\" content=\"summary_large_image\" \/>\n<meta name=\"twitter:label1\" content=\"\u00c9crit par\">\n\t<meta name=\"twitter:data1\" content=\"Sabina Schreck\">\n<script type=\"application\/ld+json\" class=\"yoast-schema-graph\">{\"@context\":\"https:\/\/schema.org\",\"@graph\":[{\"@type\":\"Organization\",\"@id\":\"https:\/\/panamafreediving.com\/#organization\",\"name\":\"Panama Free Diving\",\"url\":\"https:\/\/panamafreediving.com\/\",\"sameAs\":[\"https:\/\/www.facebook.com\/padipanamadivecenter\",\"https:\/\/www.instagram.com\/panama_dive_center\/\",\"https:\/\/www.youtube.com\/channel\/UCamRbdZ7Ysol_Lqxp0UWJPA\"],\"logo\":{\"@type\":\"ImageObject\",\"@id\":\"https:\/\/panamafreediving.com\/#logo\",\"inLanguage\":\"fr-FR\",\"url\":\"https:\/\/panamafreediving.com\/wp-content\/uploads\/2017\/12\/RAYFB.jpg\",\"width\":1026,\"height\":1026,\"caption\":\"Panama Free Diving\"},\"image\":{\"@id\":\"https:\/\/panamafreediving.com\/#logo\"}},{\"@type\":\"WebSite\",\"@id\":\"https:\/\/panamafreediving.com\/#website\",\"url\":\"https:\/\/panamafreediving.com\/\",\"name\":\"Panama Freediving\",\"description\":\"Freediving in Panama\",\"publisher\":{\"@id\":\"https:\/\/panamafreediving.com\/#organization\"},\"potentialAction\":[{\"@type\":\"SearchAction\",\"target\":\"https:\/\/panamafreediving.com\/?s={search_term_string}\",\"query-input\":\"required name=search_term_string\"}],\"inLanguage\":\"fr-FR\"},{\"@type\":\"WebPage\",\"@id\":\"https:\/\/panamafreediving.com\/fr\/santa-catalina-activites\/#webpage\",\"url\":\"https:\/\/panamafreediving.com\/fr\/santa-catalina-activites\/\",\"name\":\"Activit\\u00e9s \\u00e0 Santa Catalina, Panama | Panama Dive Center\",\"isPartOf\":{\"@id\":\"https:\/\/panamafreediving.com\/#website\"},\"datePublished\":\"2015-02-25T18:48:10+00:00\",\"dateModified\":\"2017-12-14T20:32:27+00:00\",\"description\":\"Avec tout ce qu'il y a \\u00e0 faire \\u00e0 Santa Catalina, Panama Dive Center peut aider \\u00e0 vous guider vers la meilleure aventure de surf ou de plong\\u00e9e.\",\"inLanguage\":\"fr-FR\",\"potentialAction\":[{\"@type\":\"ReadAction\",\"target\":[\"https:\/\/panamafreediving.com\/fr\/santa-catalina-activites\/\"]}]}]}<\/script>\n<!-- \/ Yoast SEO Premium plugin. -->","_links":{"self":[{"href":"https:\/\/panamafreediving.com\/fr\/wp-json\/wp\/v2\/pages\/4691\/"}],"collection":[{"href":"https:\/\/panamafreediving.com\/fr\/wp-json\/wp\/v2\/pages\/"}],"about":[{"href":"https:\/\/panamafreediving.com\/fr\/wp-json\/wp\/v2\/types\/page\/"}],"author":[{"embeddable":true,"href":"https:\/\/panamafreediving.com\/fr\/wp-json\/wp\/v2\/users\/2\/"}],"replies":[{"embeddable":true,"href":"https:\/\/panamafreediving.com\/fr\/wp-json\/wp\/v2\/comments\/?post=4691"}],"version-history":[{"count":3,"href":"https:\/\/panamafreediving.com\/fr\/wp-json\/wp\/v2\/pages\/4691\/revisions\/"}],"predecessor-version":[{"id":7740,"href":"https:\/\/panamafreediving.com\/fr\/wp-json\/wp\/v2\/pages\/4691\/revisions\/7740\/"}],"wp:attachment":[{"href":"https:\/\/panamafreediving.com\/fr\/wp-json\/wp\/v2\/media\/?parent=4691"}],"curies":[{"name":"wp","href":"https:\/\/api.w.org\/{rel}","templated":true}]}}