{"id":4515,"date":"2013-04-02T11:23:53","date_gmt":"2013-04-02T11:23:53","guid":{"rendered":"http:\/\/panamadivecenter.com\/pricing-2\/"},"modified":"2019-01-09T13:36:00","modified_gmt":"2019-01-09T13:36:00","slug":"prix","status":"publish","type":"page","link":"https:\/\/panamafreediving.com\/fr\/prix\/","title":{"rendered":"Prix"},"content":{"rendered":"<div id='av_section_1'  class='avia-section av-26nnm0j-e7611200a9c15627ba2dfcfacc7bb127 alternate_color avia-section-default avia-no-shadow  avia-builder-el-0  el_before_av_button  avia-builder-el-first  avia-bg-style-scroll container_wrap sidebar_right'  ><div class='container av-section-cont-open' ><main  role=\"main\" itemprop=\"mainContentOfPage\"  class='template-page content  av-content-small alpha units'><div class='post-entry post-entry-type-page post-entry-4515'><div class='entry-content-wrapper clearfix'>\n<div class='avia-data-table-wrap av-24xzj6b-cb9500f4a373e2584fa2bc8d9a58363b avia_responsive_table avia-table-1'><table  class='avia-table avia-data-table avia_pricing_default  avia-builder-el-1  avia-builder-el-no-sibling '  itemscope=\"itemscope\" itemtype=\"https:\/\/schema.org\/Table\" ><caption>Entrance fees to the park are not included<\/caption><tbody><tr class='avia-heading-row'><th class=''>Ceci est un aper\u00e7u des prix. Veuillez vous diriger sur l\u2019activit\u00e9 qui vous int\u00e9resse pour plus d&rsquo;informations.<br \/>\n<\/th><th class='avia-desc-col'>PRIX (US$)<br \/>\n<\/th><\/tr><tr class=''><td class=''>2 plong\u00e9es<\/td><th class='avia-desc-col'>$140<\/th><\/tr><tr class=''><td class=''>3 plong\u00e9es <\/td><th class='avia-desc-col'>$160<\/th><\/tr><tr class=''><td class=''>Discover Scuba Diving<\/td><th class='avia-desc-col'>$170<\/th><\/tr><tr class=''><td class=''>2 jours de plong\u00e9e avec h\u00e9bergement sur l\u2019\u00eele de Coiba &#8211; non disponible: l&rsquo;h\u00e9bergement sur l&rsquo;\u00eele est temporairement ferm\u00e9.<\/td><th class='avia-desc-col'>$440<\/th><\/tr><tr class=''><td class=''>3 jours de plong\u00e9e avec h\u00e9bergement sur l\u2019\u00eele de Coiba &#8211; non disponible: l&rsquo;h\u00e9bergement sur l&rsquo;\u00eele est temporairement ferm\u00e9.<\/td><th class='avia-desc-col'>$660<\/th><\/tr><tr class=''><td class=''>Cours Open Water Diver<\/td><th class='avia-desc-col'>$410<\/th><\/tr><tr class=''><td class=''>Cours Advanced Open Water Diver<\/td><th class='avia-desc-col'>$410<\/th><\/tr><tr class=''><td class=''>Sp\u00e9cialit\u00e9 Nitrox<\/td><th class='avia-desc-col'>$235<\/th><\/tr><tr class=''><td class=''>Autres sp\u00e9cialit\u00e9s : veuillez consulter notre site pour connaitre nos sp\u00e9cialit\u00e9s et leurs prix (cours de plong\u00e9e).<\/td><th class='avia-desc-col'>$100-300<\/th><\/tr><tr class=''><td class=''>Cours Rescue Diver <\/td><th class='avia-desc-col'>$660<\/th><\/tr><tr class=''><td class=''>Cours Dive Master <\/td><th class='avia-desc-col'>$1400<\/th><\/tr><tr class=''><td class=''>Droits d&rsquo;entr\u00e9e au parc national : Panam\u00e9ens et r\u00e9sidents\/\u00e9trangers<\/td><th class='avia-desc-col'>$5\/$20<\/th><\/tr><\/tbody><\/table><\/div><style type='text\/css'>.avia-table-1 td:nth-of-type(1):before { content: 'Ceci est un aper\u00e7u des prix. Veuillez vous diriger sur l\u2019activit\u00e9 qui vous int\u00e9resse pour plus d\u2019informations.\n'; } .avia-table-1 td:nth-of-type(1):before { content: 'PRIX (US$)\n'; } <\/style>\n<\/div><\/div><\/main><!-- close content main element --><\/div><\/div><div id='after_section_1'  class='main_color av_default_container_wrap container_wrap sidebar_right'  ><div class='container av-section-cont-open' ><div class='template-page content  av-content-small alpha units'><div class='post-entry post-entry-type-page post-entry-4515'><div class='entry-content-wrapper clearfix'><div  class='avia-button-wrap av-6ao177-5587cfd99009aebf6df84d29a4e0ad87-wrap avia-button-left  avia-builder-el-2  el_after_av_section  el_before_av_button  avia-builder-el-first '><a href='https:\/\/panamafreediving.com\/fr\/contact-2\/'  class='avia-button av-6ao177-5587cfd99009aebf6df84d29a4e0ad87 avia-icon_select-yes-left-icon avia-size-medium avia-position-left avia-color-theme-color'  target=\"_blank\"  rel=\"noopener noreferrer\" ><span class='avia_button_icon avia_button_icon_left' aria-hidden='true' data-av_icon='\ue8b1' data-av_iconfont='entypo-fontello'><\/span><span class='avia_iconbox_title' >Contactez nous<\/span><\/a><\/div><\/p>\n<div  class='avia-button-wrap av-4qvi3n-5a1c88852aa6ec4c13fb98221496d5a8-wrap avia-button-right  avia-builder-el-3  el_after_av_button  el_before_av_section  avia-builder-el-last '><a href='https:\/\/panamafreediving.com\/fr\/contact-2\/'  class='avia-button av-4qvi3n-5a1c88852aa6ec4c13fb98221496d5a8 avia-icon_select-yes-left-icon avia-size-medium avia-position-right avia-color-theme-color'  target=\"_blank\"  rel=\"noopener noreferrer\" ><span class='avia_button_icon avia_button_icon_left' aria-hidden='true' data-av_icon='\ue8b1' data-av_iconfont='entypo-fontello'><\/span><span class='avia_iconbox_title' >R\u00e9servez maintenant<\/span><\/a><\/div>\n<\/div><\/div><\/div><!-- close content main div --><\/div><\/div><div id='av_section_2'  class='avia-section av-36vwdf-1d82f597b065d41c5eac6663c41e280b main_color avia-section-default avia-no-shadow  avia-builder-el-4  el_after_av_button  avia-builder-el-last  avia-bg-style-scroll container_wrap sidebar_right'  ><div class='container av-section-cont-open' ><div class='template-page content  av-content-small alpha units'><div class='post-entry post-entry-type-page post-entry-4515'><div class='entry-content-wrapper clearfix'><\/div><\/div><\/div><!-- close content main div --><\/div><\/div><div id='after_section_2'  class='main_color av_default_container_wrap container_wrap sidebar_right'  ><div class='container av-section-cont-open' ><div class='template-page content  av-content-small alpha units'><div class='post-entry post-entry-type-page post-entry-4515'><div class='entry-content-wrapper clearfix'>\n","protected":false},"excerpt":{"rendered":"","protected":false},"author":2,"featured_media":0,"parent":0,"menu_order":0,"comment_status":"closed","ping_status":"open","template":"","meta":{"footnotes":""},"class_list":["post-4515","page","type-page","status-publish","hentry"],"yoast_head":"<!-- This site is optimized with the Yoast SEO Premium plugin v15.4 - https:\/\/yoast.com\/wordpress\/plugins\/seo\/ -->\n<title>Prix des plong\u00e9es \u00e0 Coiba | Santa Catalina | Panama Dive Center<\/title>\n<meta name=\"description\" content=\"Plonger dans un endroit isol\u00e9 comme le Parc National de Coiba peut para\u00eetre un peu cher, mais une fois que vous y serez, vous verrez que \u00e7a vaut le coup!\" \/>\n<meta name=\"robots\" content=\"index, follow, max-snippet:-1, max-image-preview:large, max-video-preview:-1\" \/>\n<link rel=\"canonical\" href=\"https:\/\/panamafreediving.com\/fr\/prix\/\" \/>\n<meta property=\"og:locale\" content=\"fr_FR\" \/>\n<meta property=\"og:type\" content=\"article\" \/>\n<meta property=\"og:title\" content=\"Prix des plong\u00e9es \u00e0 Coiba | Santa Catalina | Panama Dive Center\" \/>\n<meta property=\"og:description\" content=\"Plonger dans un endroit isol\u00e9 comme le Parc National de Coiba peut para\u00eetre un peu cher, mais une fois que vous y serez, vous verrez que \u00e7a vaut le coup!\" \/>\n<meta property=\"og:url\" content=\"https:\/\/panamafreediving.com\/fr\/prix\/\" \/>\n<meta property=\"og:site_name\" content=\"Panama Freediving\" \/>\n<meta property=\"article:publisher\" content=\"https:\/\/www.facebook.com\/padipanamadivecenter\" \/>\n<meta property=\"article:modified_time\" content=\"2019-01-09T13:36:00+00:00\" \/>\n<meta name=\"twitter:card\" content=\"summary_large_image\" \/>\n<meta name=\"twitter:label1\" content=\"\u00c9crit par\">\n\t<meta name=\"twitter:data1\" content=\"Sabina Schreck\">\n\t<meta name=\"twitter:label2\" content=\"Dur\u00e9e de lecture estim\u00e9e\">\n\t<meta name=\"twitter:data2\" content=\"3 minutes\">\n<script type=\"application\/ld+json\" class=\"yoast-schema-graph\">{\"@context\":\"https:\/\/schema.org\",\"@graph\":[{\"@type\":\"Organization\",\"@id\":\"https:\/\/panamafreediving.com\/#organization\",\"name\":\"Panama Free Diving\",\"url\":\"https:\/\/panamafreediving.com\/\",\"sameAs\":[\"https:\/\/www.facebook.com\/padipanamadivecenter\",\"https:\/\/www.instagram.com\/panama_dive_center\/\",\"https:\/\/www.youtube.com\/channel\/UCamRbdZ7Ysol_Lqxp0UWJPA\"],\"logo\":{\"@type\":\"ImageObject\",\"@id\":\"https:\/\/panamafreediving.com\/#logo\",\"inLanguage\":\"fr-FR\",\"url\":\"https:\/\/panamafreediving.com\/wp-content\/uploads\/2017\/12\/RAYFB.jpg\",\"width\":1026,\"height\":1026,\"caption\":\"Panama Free Diving\"},\"image\":{\"@id\":\"https:\/\/panamafreediving.com\/#logo\"}},{\"@type\":\"WebSite\",\"@id\":\"https:\/\/panamafreediving.com\/#website\",\"url\":\"https:\/\/panamafreediving.com\/\",\"name\":\"Panama Freediving\",\"description\":\"Freediving in Panama\",\"publisher\":{\"@id\":\"https:\/\/panamafreediving.com\/#organization\"},\"potentialAction\":[{\"@type\":\"SearchAction\",\"target\":\"https:\/\/panamafreediving.com\/?s={search_term_string}\",\"query-input\":\"required name=search_term_string\"}],\"inLanguage\":\"fr-FR\"},{\"@type\":\"WebPage\",\"@id\":\"https:\/\/panamafreediving.com\/fr\/prix\/#webpage\",\"url\":\"https:\/\/panamafreediving.com\/fr\/prix\/\",\"name\":\"Prix des plong\\u00e9es \\u00e0 Coiba | Santa Catalina | Panama Dive Center\",\"isPartOf\":{\"@id\":\"https:\/\/panamafreediving.com\/#website\"},\"datePublished\":\"2013-04-02T11:23:53+00:00\",\"dateModified\":\"2019-01-09T13:36:00+00:00\",\"description\":\"Plonger dans un endroit isol\\u00e9 comme le Parc National de Coiba peut para\\u00eetre un peu cher, mais une fois que vous y serez, vous verrez que \\u00e7a vaut le coup!\",\"inLanguage\":\"fr-FR\",\"potentialAction\":[{\"@type\":\"ReadAction\",\"target\":[\"https:\/\/panamafreediving.com\/fr\/prix\/\"]}]}]}<\/script>\n<!-- \/ Yoast SEO Premium plugin. -->","_links":{"self":[{"href":"https:\/\/panamafreediving.com\/fr\/wp-json\/wp\/v2\/pages\/4515\/"}],"collection":[{"href":"https:\/\/panamafreediving.com\/fr\/wp-json\/wp\/v2\/pages\/"}],"about":[{"href":"https:\/\/panamafreediving.com\/fr\/wp-json\/wp\/v2\/types\/page\/"}],"author":[{"embeddable":true,"href":"https:\/\/panamafreediving.com\/fr\/wp-json\/wp\/v2\/users\/2\/"}],"replies":[{"embeddable":true,"href":"https:\/\/panamafreediving.com\/fr\/wp-json\/wp\/v2\/comments\/?post=4515"}],"version-history":[{"count":21,"href":"https:\/\/panamafreediving.com\/fr\/wp-json\/wp\/v2\/pages\/4515\/revisions\/"}],"predecessor-version":[{"id":4516,"href":"https:\/\/panamafreediving.com\/fr\/wp-json\/wp\/v2\/pages\/4515\/revisions\/4516\/"}],"wp:attachment":[{"href":"https:\/\/panamafreediving.com\/fr\/wp-json\/wp\/v2\/media\/?parent=4515"}],"curies":[{"name":"wp","href":"https:\/\/api.w.org\/{rel}","templated":true}]}}