{"id":4507,"date":"2015-02-21T15:18:56","date_gmt":"2015-02-21T15:18:56","guid":{"rendered":"http:\/\/panamadivecenter.com\/discover-scuba-4\/"},"modified":"2020-09-13T20:19:43","modified_gmt":"2020-09-13T20:19:43","slug":"bapteme-plongee","status":"publish","type":"page","link":"https:\/\/panamafreediving.com\/fr\/bapteme-plongee\/","title":{"rendered":"Bapt\u00eame de plong\u00e9e"},"content":{"rendered":"\n<style type=\"text\/css\" data-created_by=\"avia_inline_auto\" id=\"style-css-av-av_heading-516b7f8cbec88449540a02252c37366c\">\n#top .av-special-heading.av-av_heading-516b7f8cbec88449540a02252c37366c{\npadding-bottom:10px;\ncolor:#000000;\n}\nbody .av-special-heading.av-av_heading-516b7f8cbec88449540a02252c37366c .av-special-heading-tag .heading-char{\nfont-size:25px;\n}\n.av-special-heading.av-av_heading-516b7f8cbec88449540a02252c37366c .special-heading-inner-border{\nborder-color:#000000;\n}\n.av-special-heading.av-av_heading-516b7f8cbec88449540a02252c37366c .av-subheading{\nfont-size:15px;\n}\n<\/style>\n<div  class='av-special-heading av-av_heading-516b7f8cbec88449540a02252c37366c av-special-heading-h1 custom-color-heading  avia-builder-el-0  el_before_av_one_half  avia-builder-el-first '><h1 class='av-special-heading-tag'  itemprop=\"headline\"  >Bapt\u00eame de Plong\u00e9e<\/h1><div class=\"special-heading-border\"><div class=\"special-heading-inner-border\"><\/div><\/div><\/div>\n<div  class='flex_column av-9dzf6z-1cf5d7876e42fe864a38cef1e4e3ef4c av_one_half  avia-builder-el-1  el_after_av_heading  el_before_av_one_half  first flex_column_div  '     ><p>\n<style type=\"text\/css\" data-created_by=\"avia_inline_auto\" id=\"style-css-av-87kprv-6ba885a27cbf7b3eab50fd6e3aea7a1f\">\n.avia-image-container.av-87kprv-6ba885a27cbf7b3eab50fd6e3aea7a1f img.avia_image{\nbox-shadow:none;\n}\n.avia-image-container.av-87kprv-6ba885a27cbf7b3eab50fd6e3aea7a1f .av-image-caption-overlay-center{\ncolor:#ffffff;\n}\n<\/style>\n<div  class='avia-image-container av-87kprv-6ba885a27cbf7b3eab50fd6e3aea7a1f av-styling- avia_animated_image av-animated-when-visible-95 pop-up avia-align-center  avia-builder-el-2  el_before_av_textblock  avia-builder-el-first '   itemprop=\"image\" itemscope=\"itemscope\" itemtype=\"https:\/\/schema.org\/ImageObject\" ><div class=\"avia-image-container-inner\"><div class=\"avia-image-overlay-wrap\"><img decoding=\"async\" class='wp-image-11235 avia-img-lazy-loading-not-11235 avia_image ' src=\"https:\/\/panamafreediving.com\/wp-content\/uploads\/2020\/06\/diver-surface-Pati-845x684.jpg\" alt='diving-coiba-panama' title='diver surface Pati'  height=\"684\" width=\"845\"  itemprop=\"thumbnailUrl\" srcset=\"https:\/\/panamafreediving.com\/wp-content\/uploads\/2020\/06\/diver-surface-Pati-845x684.jpg 845w, https:\/\/panamafreediving.com\/wp-content\/uploads\/2020\/06\/diver-surface-Pati-495x400.jpg 495w\" sizes=\"(max-width: 845px) 100vw, 845px\" \/><\/div><\/div><\/div><br \/>\n<section  class='av_textblock_section av-kd7rubpl-20d6991258fc1222265778d2ac94293a '   itemscope=\"itemscope\" itemtype=\"https:\/\/schema.org\/CreativeWork\" ><div class='avia_textblock'  itemprop=\"text\" ><p><span style=\"color: #000000;\"><span style=\"text-decoration: underline;\">Dur\u00e9e:<\/span> 1 jour<\/span><\/p>\n<p><span style=\"color: #000000;\"><span style=\"text-decoration: underline;\">Prix:<\/span> $170 + frais d\u2019entr\u00e9e ($20 pour les \u00e9trangers, $5 pour les panam\u00e9ens ou les r\u00e9sidents, cela doit \u00eatre pay\u00e9 en cash)<\/span><\/p>\n<p><span style=\"color: #000000;\"><span style=\"text-decoration: underline;\">Comprend:<\/span> th\u00e9orie de la plong\u00e9e, deux plong\u00e9es, \u00e9quipement et d\u00e9jeuner (fruit et un sandwich)<\/span><\/p>\n<p><span style=\"color: #000000;\"><span style=\"text-decoration: underline;\">Ajouts possibles:<\/span> si vous avez aim\u00e9 et qu\u2019il fait beau, apr\u00e8s le d\u00e9jeuner, vous pouvez faire une autre plong\u00e9e pour $20 de plus.<\/span><\/p>\n<\/div><\/section><\/p><\/div>\n\n<style type=\"text\/css\" data-created_by=\"avia_inline_auto\" id=\"style-css-av-5cynnv-3ad847ff23fff3a815eb48919f1280c7\">\n.flex_column.av-5cynnv-3ad847ff23fff3a815eb48919f1280c7{\nborder-radius:0px 0px 0px 0px;\npadding:0px 0px 0px 0px;\n}\n<\/style>\n<div  class='flex_column av-5cynnv-3ad847ff23fff3a815eb48919f1280c7 av_one_half  avia-builder-el-4  el_after_av_one_half  el_before_av_hr  flex_column_div av-zero-column-padding  '     ><section  class='av_textblock_section av-jvjsw5wv-f6eb79dee447a82089a14930c3b9149f '   itemscope=\"itemscope\" itemtype=\"https:\/\/schema.org\/CreativeWork\" ><div class='avia_textblock'  itemprop=\"text\" ><h5><span style=\"text-decoration: underline; color: #000000;\">Qu\u2019est-ce que c\u2019est?<\/span><\/h5>\n<p><span style=\"color: #000000;\">Vous \u00eates-vous toujours demand\u00e9 \u00e0 quoi \u00e7a ressemble de respirer sous l\u2019eau? Souhaitez-vous que votre partenaire ou ami tente le coup? Discover Scuba Diving convient \u00e0 tous ceux qui souhaitent s\u2019essayer \u00e0 la plong\u00e9e sous-marine mais ne sont pas tout \u00e0 fait pr\u00eats \u00e0 suivre <span style=\"text-decoration: underline; color: #0000ff;\"><a style=\"color: #0000ff; text-decoration: underline;\" href=\"https:\/\/panamafreediving.com\/fr\/cours\/#tab-id-2-active\" target=\"_blank\" rel=\"noopener\">le cours complet<\/a><\/span> de trois jours. De nombreux centres de plong\u00e9e proposent ce programme en piscine ou directement sur la plage. A Panama Dive Center, tout se passe dans le parc national de Coiba. Discover Scuba Diving est une introduction rapide et facile \u00e0 l\u2019exploration du monde sous-marin.<\/span><\/p>\n<h5><span style=\"text-decoration: underline;\"><span style=\"color: #000000; text-decoration: underline;\">Comment \u00e7a marche?<\/span><\/span><\/h5>\n<p><span style=\"color: #000000;\">Vous rencontrerez votre instructeur PADI au centre de plong\u00e9e \u00e0 7 heures du matin et recevrez une introduction th\u00e9orique \u00e0 la plong\u00e9e sous-marine. Vous rejoindrez les plongeurs certifi\u00e9s sur le bateau pour le voyage jusqu\u2019\u00e0 Coiba. Une fois sur place, votre instructeur trouvera un endroit appropri\u00e9 pour pratiquer quelques techniques et vous permettre de respirer \u00e0 l\u2019aise depuis une bouteille de plong\u00e9e, avant de vous emmener pour votre premi\u00e8re plong\u00e9e. Apr\u00e8s une pause sur une plage, vous ferez une deuxi\u00e8me plong\u00e9e sur un site diff\u00e9rent. Ensuite, nous vous offrons le d\u00e9jeuner et vous donnerons la possibilit\u00e9 de faire une autre plong\u00e9e avant de rentrer \u00e0 Santa Catalina.<\/span><\/p>\n<h5><span style=\"text-decoration: underline;\"><span style=\"color: #000000;\">Conditions pr\u00e9alables<\/span><\/span><\/h5>\n<p><span style=\"color: #000000;\">Pour vous inscrire \u00e0 une exp\u00e9rience PADI Discover Scuba Diving, vous devez avoir au moins 10 ans. Aucune exp\u00e9rience pr\u00e9alable de la plong\u00e9e sous-marine n\u2019est n\u00e9cessaire, mais vous devez savez nager et \u00eatre en bonne sant\u00e9 physique. Il vous sera demand\u00e9 de remplir au pr\u00e9alable un questionnaire m\u00e9dical\u00a0<\/span><span style=\"color: #000000;\">pour v\u00e9rifier si vous \u00eates apte \u00e0 plonger ou si vous avez besoin d\u2019un certificat m\u00e9dical.<\/span><\/p>\n<\/div><\/section><\/div>\n<style type=\"text\/css\" data-created_by=\"avia_inline_auto\" id=\"style-css-av-3jcosr-9c3eebe04247f5f93090a69a3185cd92\">\n#top .hr.hr-invisible.av-3jcosr-9c3eebe04247f5f93090a69a3185cd92{\nheight:50px;\n}\n<\/style>\n<div  class='hr av-3jcosr-9c3eebe04247f5f93090a69a3185cd92 hr-invisible  avia-builder-el-6  el_after_av_one_half  el_before_av_button '><span class='hr-inner '><span class=\"hr-inner-style\"><\/span><\/span><\/div><\/p>\n<div  class='avia-button-wrap av-36y89n-be35361e7baad287470074d084d4a41f-wrap avia-button-center  avia-builder-el-7  el_after_av_hr  el_before_av_textblock '><a href='https:\/\/panamadivecenter.rezdy.com\/56428\/padi-discover-scuba-diving-program' class='avia-button av-36y89n-be35361e7baad287470074d084d4a41f avia-icon_select-yes-left-icon avia-size-medium avia-position-center avia-color-theme-color' target=\"_blank\" rel=\"noopener noreferrer\"><span class='avia_button_icon avia_button_icon_left' aria-hidden='true' data-av_icon='\ue805' data-av_iconfont='entypo-fontello'><\/span><span class='avia_iconbox_title' >R\u00e9servez votre premi\u00e8re aventure de plong\u00e9e maintenant!<\/span><\/a><\/div>\n<section  class='av_textblock_section av-kd7rubpl-20d6991258fc1222265778d2ac94293a '   itemscope=\"itemscope\" itemtype=\"https:\/\/schema.org\/CreativeWork\" ><div class='avia_textblock'  itemprop=\"text\" ><p style=\"text-align: center;\"><span style=\"color: #000000;\">Avez-vous des questions? N\u2019h\u00e9sitez pas \u00e0 nous\u00a0<span style=\"text-decoration: underline;\"><span style=\"color: #0000ff; text-decoration: underline;\"><a style=\"color: #0000ff; text-decoration: underline;\" href=\"https:\/\/panamafreediving.com\/fr\/panama-dive-center-contact\/\" target=\"_blank\" rel=\"noopener noreferrer\">contacter<\/a>.<\/span><\/span><\/span><\/p>\n<p style=\"text-align: center;\"><span style=\"color: #000000;\">Pr\u00eat \u00e0 \u00eatre certifi\u00e9?\u00a0<span style=\"text-decoration: underline; color: #0000ff;\"><a style=\"color: #0000ff; text-decoration: underline;\" href=\"https:\/\/panamafreediving.com\/fr\/cours\/#tab-id-2\" target=\"_blank\" rel=\"noopener noreferrer\">Voici<\/a><\/span>\u00a0ce dont il s\u2019agit!<\/span><\/p>\n<\/div><\/section>\n<div  class='hr av-3jcosr-2c9df1c7efb102f865b38305fbff8053 hr-short  avia-builder-el-9  el_after_av_textblock  avia-builder-el-last  hr-center'><span class='hr-inner '><span class=\"hr-inner-style\"><\/span><\/span><\/div>\n","protected":false},"excerpt":{"rendered":"","protected":false},"author":2,"featured_media":0,"parent":0,"menu_order":0,"comment_status":"closed","ping_status":"open","template":"","meta":{"footnotes":""},"class_list":["post-4507","page","type-page","status-publish","hentry"],"yoast_head":"<!-- This site is optimized with the Yoast SEO Premium plugin v15.4 - https:\/\/yoast.com\/wordpress\/plugins\/seo\/ -->\n<title>Bapt\u00eame de plong\u00e9e \u00e0 Coiba | Santa Catalina | Panama Dive Center<\/title>\n<meta name=\"description\" content=\"Si vous voulez essayer la plong\u00e9e mais n&#039;\u00eates pas pr\u00eat \u00e0 suivre un cours pour \u00eatre certifi\u00e9, le bapt\u00eame de plong\u00e9e est fait pour vous.\" \/>\n<meta name=\"robots\" content=\"index, follow, max-snippet:-1, max-image-preview:large, max-video-preview:-1\" \/>\n<link rel=\"canonical\" href=\"https:\/\/panamafreediving.com\/fr\/bapteme-plongee\/\" \/>\n<meta property=\"og:locale\" content=\"fr_FR\" \/>\n<meta property=\"og:type\" content=\"article\" \/>\n<meta property=\"og:title\" content=\"Bapt\u00eame de plong\u00e9e \u00e0 Coiba | Santa Catalina | Panama Dive Center\" \/>\n<meta property=\"og:description\" content=\"Si vous voulez essayer la plong\u00e9e mais n&#039;\u00eates pas pr\u00eat \u00e0 suivre un cours pour \u00eatre certifi\u00e9, le bapt\u00eame de plong\u00e9e est fait pour vous.\" \/>\n<meta property=\"og:url\" content=\"https:\/\/panamafreediving.com\/fr\/bapteme-plongee\/\" \/>\n<meta property=\"og:site_name\" content=\"Panama Freediving\" \/>\n<meta property=\"article:publisher\" content=\"https:\/\/www.facebook.com\/padipanamadivecenter\" \/>\n<meta property=\"article:modified_time\" content=\"2020-09-13T20:19:43+00:00\" \/>\n<meta name=\"twitter:card\" content=\"summary_large_image\" \/>\n<meta name=\"twitter:label1\" content=\"\u00c9crit par\">\n\t<meta name=\"twitter:data1\" content=\"Sabina Schreck\">\n\t<meta name=\"twitter:label2\" content=\"Dur\u00e9e de lecture estim\u00e9e\">\n\t<meta name=\"twitter:data2\" content=\"3 minutes\">\n<script type=\"application\/ld+json\" class=\"yoast-schema-graph\">{\"@context\":\"https:\/\/schema.org\",\"@graph\":[{\"@type\":\"Organization\",\"@id\":\"https:\/\/panamafreediving.com\/#organization\",\"name\":\"Panama Free Diving\",\"url\":\"https:\/\/panamafreediving.com\/\",\"sameAs\":[\"https:\/\/www.facebook.com\/padipanamadivecenter\",\"https:\/\/www.instagram.com\/panama_dive_center\/\",\"https:\/\/www.youtube.com\/channel\/UCamRbdZ7Ysol_Lqxp0UWJPA\"],\"logo\":{\"@type\":\"ImageObject\",\"@id\":\"https:\/\/panamafreediving.com\/#logo\",\"inLanguage\":\"fr-FR\",\"url\":\"https:\/\/panamafreediving.com\/wp-content\/uploads\/2017\/12\/RAYFB.jpg\",\"width\":1026,\"height\":1026,\"caption\":\"Panama Free Diving\"},\"image\":{\"@id\":\"https:\/\/panamafreediving.com\/#logo\"}},{\"@type\":\"WebSite\",\"@id\":\"https:\/\/panamafreediving.com\/#website\",\"url\":\"https:\/\/panamafreediving.com\/\",\"name\":\"Panama Freediving\",\"description\":\"Freediving in Panama\",\"publisher\":{\"@id\":\"https:\/\/panamafreediving.com\/#organization\"},\"potentialAction\":[{\"@type\":\"SearchAction\",\"target\":\"https:\/\/panamafreediving.com\/?s={search_term_string}\",\"query-input\":\"required name=search_term_string\"}],\"inLanguage\":\"fr-FR\"},{\"@type\":\"WebPage\",\"@id\":\"https:\/\/panamafreediving.com\/fr\/bapteme-plongee\/#webpage\",\"url\":\"https:\/\/panamafreediving.com\/fr\/bapteme-plongee\/\",\"name\":\"Bapt\\u00eame de plong\\u00e9e \\u00e0 Coiba | Santa Catalina | Panama Dive Center\",\"isPartOf\":{\"@id\":\"https:\/\/panamafreediving.com\/#website\"},\"datePublished\":\"2015-02-21T15:18:56+00:00\",\"dateModified\":\"2020-09-13T20:19:43+00:00\",\"description\":\"Si vous voulez essayer la plong\\u00e9e mais n'\\u00eates pas pr\\u00eat \\u00e0 suivre un cours pour \\u00eatre certifi\\u00e9, le bapt\\u00eame de plong\\u00e9e est fait pour vous.\",\"inLanguage\":\"fr-FR\",\"potentialAction\":[{\"@type\":\"ReadAction\",\"target\":[\"https:\/\/panamafreediving.com\/fr\/bapteme-plongee\/\"]}]}]}<\/script>\n<!-- \/ Yoast SEO Premium plugin. -->","_links":{"self":[{"href":"https:\/\/panamafreediving.com\/fr\/wp-json\/wp\/v2\/pages\/4507\/"}],"collection":[{"href":"https:\/\/panamafreediving.com\/fr\/wp-json\/wp\/v2\/pages\/"}],"about":[{"href":"https:\/\/panamafreediving.com\/fr\/wp-json\/wp\/v2\/types\/page\/"}],"author":[{"embeddable":true,"href":"https:\/\/panamafreediving.com\/fr\/wp-json\/wp\/v2\/users\/2\/"}],"replies":[{"embeddable":true,"href":"https:\/\/panamafreediving.com\/fr\/wp-json\/wp\/v2\/comments\/?post=4507"}],"version-history":[{"count":16,"href":"https:\/\/panamafreediving.com\/fr\/wp-json\/wp\/v2\/pages\/4507\/revisions\/"}],"predecessor-version":[{"id":13640,"href":"https:\/\/panamafreediving.com\/fr\/wp-json\/wp\/v2\/pages\/4507\/revisions\/13640\/"}],"wp:attachment":[{"href":"https:\/\/panamafreediving.com\/fr\/wp-json\/wp\/v2\/media\/?parent=4507"}],"curies":[{"name":"wp","href":"https:\/\/api.w.org\/{rel}","templated":true}]}}