{"id":4504,"date":"2015-02-21T15:17:15","date_gmt":"2015-02-21T15:17:15","guid":{"rendered":"http:\/\/panamadivecenter.com\/general-information-2\/"},"modified":"2020-12-17T20:31:30","modified_gmt":"2020-12-17T20:31:30","slug":"informations-generales","status":"publish","type":"page","link":"https:\/\/panamafreediving.com\/fr\/informations-generales\/","title":{"rendered":"Informations g\u00e9n\u00e9rales"},"content":{"rendered":"\n<style type=\"text\/css\" data-created_by=\"avia_inline_auto\" id=\"style-css-av-av_heading-df57397181c85f187ef69b7865f2fa73\">\n#top .av-special-heading.av-av_heading-df57397181c85f187ef69b7865f2fa73{\npadding-bottom:10px;\ncolor:#000000;\n}\nbody .av-special-heading.av-av_heading-df57397181c85f187ef69b7865f2fa73 .av-special-heading-tag .heading-char{\nfont-size:25px;\n}\n.av-special-heading.av-av_heading-df57397181c85f187ef69b7865f2fa73 .special-heading-inner-border{\nborder-color:#000000;\n}\n.av-special-heading.av-av_heading-df57397181c85f187ef69b7865f2fa73 .av-subheading{\nfont-size:15px;\n}\n<\/style>\n<div  class='av-special-heading av-av_heading-df57397181c85f187ef69b7865f2fa73 av-special-heading-h1 custom-color-heading  avia-builder-el-0  el_before_av_one_half  avia-builder-el-first '><h1 class='av-special-heading-tag'  itemprop=\"headline\"  >Plong\u00e9e dans Le Parc National de Coiba<\/h1><div class=\"special-heading-border\"><div class=\"special-heading-inner-border\"><\/div><\/div><\/div>\n<div  class='flex_column av-bfrgh5-25d20587715b3e7e519f4b0b806fe5b5 av_one_half  avia-builder-el-1  el_after_av_heading  el_before_av_one_half  first flex_column_div  '     ><p>\n<style type=\"text\/css\" data-created_by=\"avia_inline_auto\" id=\"style-css-av-8i8di1-a95c974cb1645e1aacb77d8fa27e7b15\">\n.avia-image-container.av-8i8di1-a95c974cb1645e1aacb77d8fa27e7b15 img.avia_image{\nbox-shadow:none;\n}\n.avia-image-container.av-8i8di1-a95c974cb1645e1aacb77d8fa27e7b15 .av-image-caption-overlay-center{\ncolor:#ffffff;\n}\n<\/style>\n<div  class='avia-image-container av-8i8di1-a95c974cb1645e1aacb77d8fa27e7b15 av-styling- avia-align-center  avia-builder-el-2  el_before_av_textblock  avia-builder-el-first '   itemprop=\"image\" itemscope=\"itemscope\" itemtype=\"https:\/\/schema.org\/ImageObject\" ><div class=\"avia-image-container-inner\"><div class=\"avia-image-overlay-wrap\"><img decoding=\"async\" class='wp-image-11272 avia-img-lazy-loading-not-11272 avia_image ' src=\"https:\/\/panamafreediving.com\/wp-content\/uploads\/2020\/06\/Coiba-barracudas-845x684.jpg\" alt='barracuda-diving-coiba-panama' title='Coiba barracudas'  height=\"684\" width=\"845\"  itemprop=\"thumbnailUrl\" srcset=\"https:\/\/panamafreediving.com\/wp-content\/uploads\/2020\/06\/Coiba-barracudas-845x684.jpg 845w, https:\/\/panamafreediving.com\/wp-content\/uploads\/2020\/06\/Coiba-barracudas-495x400.jpg 495w\" sizes=\"(max-width: 845px) 100vw, 845px\" \/><\/div><\/div><\/div><br \/>\n<section  class='av_textblock_section av-67zrpl-61221401baabdd067efdbb2adb7561f7 '   itemscope=\"itemscope\" itemtype=\"https:\/\/schema.org\/CreativeWork\" ><div class='avia_textblock'  itemprop=\"text\" ><h5><span style=\"text-decoration: underline; color: #000000;\">Profils de plong\u00e9e<\/span><\/h5>\n<p><span style=\"color: #000000;\">En g\u00e9n\u00e9ral, nos plong\u00e9es durent environ 50min (en fonction des conditions et de la consommation en air), \u00e0 une profondeur allant de 10 \u00e0 30 m\u00e8tres. Les plong\u00e9es conviennent aux plongeurs de tous niveaux. Chaque jour, nous choisissons les sites de plong\u00e9es en fonction de la m\u00e9t\u00e9o, des conditions maritimes, de votre exp\u00e9rience et de ce que vous souhaitez voir. Les courants sont variables, allant de faibles \u00e0 parfois forts, avec ses avantages et ses inconv\u00e9nients. La plupart du temps, nous avons la chance de plonger dans une eau entre 26 et 30 degr\u00e9s Celcius (avec parfois un minimum de 24). Cependant, entre fin mars et d\u00e9but juin, la temp\u00e9rature a tendance \u00e0 baisser entre 18 et 24 degr\u00e9s Celsius (avec parfois un minimum de 14).<\/span><\/p>\n<h5><span style=\"text-decoration: underline; color: #000000;\">Prix<\/span><\/h5>\n<p><span style=\"color: #000000;\">2 plong\u00e9es $140, 3 plong\u00e9es $160\u00a0(afin de garantir votre securit\u00e9, pendant la saison des pluies, nous ne pouvons garantir la 3\u00e8me plong\u00e9e qui d\u00e9pend des conditions m\u00e9t\u00e9orologiques. Si celle-ci \u00e0 lieu, nous vous demanderons de payer le supplement de $20 \u00e0 votre retour).<\/span><\/p>\n<p><span style=\"color: #000000;\"><span style=\"text-decoration: underline;\">Inclus dans les tarifs:<\/span>\u00a0\u00e9quipement dont un ordinateur de plong\u00e9e, sandwich, fruit, eau<\/span><\/p>\n<p><span style=\"color: #000000;\"><span style=\"text-decoration: underline;\">Non inclus dans les tarifs:<\/span>\u00a0le droit d\u2019entr\u00e9e au parc ($20 \u00e9trangers, $5 Panam\u00e9ens et r\u00e9sidents \u00e0 payer en cash)<\/span><\/p>\n<p><span style=\"color: #000000;\">Si vous avez d\u2019autres questions,\u00a0<span style=\"text-decoration: underline; color: #0000ff;\"><a style=\"color: #0000ff; text-decoration: underline;\" href=\"https:\/\/panamafreediving.com\/fr\/panama-dive-center-contact\/\" target=\"_blank\" rel=\"noopener noreferrer\">contactez-nous<\/a><\/span>\u00a0!<\/span><\/p>\n<\/div><\/section><\/p><\/div>\n<style type=\"text\/css\" data-created_by=\"avia_inline_auto\" id=\"style-css-av-7jfl6x-27d9bb046f80493cf1f987c8d6219189\">\n.flex_column.av-7jfl6x-27d9bb046f80493cf1f987c8d6219189{\nborder-radius:0px 0px 0px 0px;\npadding:0px 0px 0px 0px;\n}\n<\/style>\n<div  class='flex_column av-7jfl6x-27d9bb046f80493cf1f987c8d6219189 av_one_half  avia-builder-el-4  el_after_av_one_half  el_before_av_button  flex_column_div av-zero-column-padding  '     ><section  class='av_textblock_section av-67zrpl-61221401baabdd067efdbb2adb7561f7 '   itemscope=\"itemscope\" itemtype=\"https:\/\/schema.org\/CreativeWork\" ><div class='avia_textblock'  itemprop=\"text\" ><h5><span style=\"color: #000000;\"><u>Nos sorties\u00a0pour plongeurs certifi\u00e9s<\/u><\/span><\/h5>\n<p><span style=\"color: #000000;\">Nous offrons des excursions journali\u00e8res depuis Santa Catalina. Nous nous retrouvons au centre \u00e0 7h30, apr\u00e8s avoir verifi\u00e9 votre equipement et ecout\u00e9 un de nos super briefing, nous avons une courte marche jusqu\u2019\u00e0 la plage et nous dirigeons en bateau vers le parc national. Le trajet en bateau dure environ 1h et demi. Nous faisons deux ou trois plong\u00e9es dans la journ\u00e9e, en fonction de vos pr\u00e9f\u00e9rences, et (parfois) de la m\u00e9t\u00e9o, et revenons g\u00e9n\u00e9ralement entre 15h30 et 16h00. Les sites de plong\u00e9e se trouvent dans le Parc National de Coiba qui comprend plusieurs \u00eeles magnifiques, dont Coiba, Rancher\u00eda, Canales et Contreras (consultez notre section \u00abDiff\u00e9rents voyages\u00bb pour plus d&rsquo;informations sur la plong\u00e9e ici). Nous faisons souvent une courte pause d\u00e9jeuner \u00e0 la station des gardiens du parc de Coiba, o\u00f9 l\u2019on peut observer des singes capucins, agnotis, crocodiles, iguanes et une diversit\u00e9 avicole \u00e9tonnante.<\/span><\/p>\n<h5><span style=\"color: #000000;\"><u>Que peut on voir?<\/u><\/span><\/h5>\n<p><span style=\"color: #000000;\">Quant au monde sous-marin, vous trouverez : des requins des recifs \u00e0 pointe blanche, des requins-nourrice, des tortues, des dauphins, des raies, des langoustes, des hippocampes, des ant\u00e9naires, des pompaneaux, des barracudas, et bien-s\u00fbr des poissons-papillons et des poissons-perroquets tr\u00e8s color\u00e9s. S\u2019il y a du plancton aux alentours, vous pouvez avoir la chance de voir des requins baleines et des raies manta. Entre juillet et septembre il est possible d\u2019observer les baleines \u00e0 bosse depuis la surface. Rendez-vous sur notre <span style=\"text-decoration: underline; color: #0000ff;\"><a style=\"color: #0000ff;\" title=\"Gallery\" href=\"https:\/\/panamafreediving.com\/fr\/panama-dive-center-gallery\/\" target=\"_blank\" rel=\"noopener noreferrer\">galerie<\/a><\/span>\u00a0pour plus d\u2019images.<\/span><\/p>\n<\/div><\/section><br \/>\n\n<style type=\"text\/css\" data-created_by=\"avia_inline_auto\" id=\"style-css-av-8i8di1-f1ee78794eb3f195a81e5c0a7d1e9661\">\n.avia-image-container.av-8i8di1-f1ee78794eb3f195a81e5c0a7d1e9661 img.avia_image{\nbox-shadow:none;\n}\n.avia-image-container.av-8i8di1-f1ee78794eb3f195a81e5c0a7d1e9661 .av-image-caption-overlay-center{\ncolor:#ffffff;\n}\n<\/style>\n<div  class='avia-image-container av-8i8di1-f1ee78794eb3f195a81e5c0a7d1e9661 av-styling- avia-align-center  avia-builder-el-6  el_after_av_textblock  avia-builder-el-last '   itemprop=\"image\" itemscope=\"itemscope\" itemtype=\"https:\/\/schema.org\/ImageObject\" ><div class=\"avia-image-container-inner\"><div class=\"avia-image-overlay-wrap\"><img decoding=\"async\" class='wp-image-11280 avia-img-lazy-loading-not-11280 avia_image ' src=\"https:\/\/panamafreediving.com\/wp-content\/uploads\/2020\/06\/Coiba-stingray-845x684.jpg\" alt='stingray-diving-coiba-panama' title='Coiba stingray'  height=\"684\" width=\"845\"  itemprop=\"thumbnailUrl\" srcset=\"https:\/\/panamafreediving.com\/wp-content\/uploads\/2020\/06\/Coiba-stingray-845x684.jpg 845w, https:\/\/panamafreediving.com\/wp-content\/uploads\/2020\/06\/Coiba-stingray-495x400.jpg 495w\" sizes=\"(max-width: 845px) 100vw, 845px\" \/><\/div><\/div><\/div><\/p><\/div><\/p>\n<div  class='avia-button-wrap av-2awohl-b86ece3da7ecb58f56fa537f55da926d-wrap avia-button-center  avia-builder-el-7  el_after_av_one_half  el_before_av_hr '><a href='https:\/\/panamadivecenter.rezdy.com\/74187\/2-or-3-fun-dives-at-coiba-national-park' class='avia-button av-2awohl-b86ece3da7ecb58f56fa537f55da926d avia-icon_select-yes-left-icon avia-size-small avia-position-center avia-color-theme-color' target=\"_blank\" rel=\"noopener noreferrer\"><span class='avia_button_icon avia_button_icon_left' aria-hidden='true' data-av_icon='\ue8ce' data-av_iconfont='entypo-fontello'><\/span><span class='avia_iconbox_title' >R\u00e9servez maintenant!<\/span><\/a><\/div>\n<div  class='hr av-4glqxl-8fb8ac64990eb58bc56b052f79d8473a hr-short  avia-builder-el-8  el_after_av_button  avia-builder-el-last  hr-center'><span class='hr-inner '><span class=\"hr-inner-style\"><\/span><\/span><\/div>\n","protected":false},"excerpt":{"rendered":"","protected":false},"author":2,"featured_media":0,"parent":0,"menu_order":0,"comment_status":"closed","ping_status":"open","template":"","meta":{"footnotes":""},"class_list":["post-4504","page","type-page","status-publish","hentry"],"yoast_head":"<!-- This site is optimized with the Yoast SEO Premium plugin v15.4 - https:\/\/yoast.com\/wordpress\/plugins\/seo\/ -->\n<title>Informations G\u00e9n\u00e9rale sur la Plong\u00e9e \u00e0 Coiba | Panama Dive Center<\/title>\n<meta name=\"description\" content=\"Nous faisons des sorties quotidiennes depuis Santa Catalina jusqu&#039;au Parc National de Coiba. Nous partons en g\u00e9n\u00e9ral vers 8h30 et revenons vers 16h30.\" \/>\n<meta name=\"robots\" content=\"index, follow, max-snippet:-1, max-image-preview:large, max-video-preview:-1\" \/>\n<link rel=\"canonical\" href=\"https:\/\/panamafreediving.com\/fr\/informations-generales\/\" \/>\n<meta property=\"og:locale\" content=\"fr_FR\" \/>\n<meta property=\"og:type\" content=\"article\" \/>\n<meta property=\"og:title\" content=\"Informations G\u00e9n\u00e9rale sur la Plong\u00e9e \u00e0 Coiba | Panama Dive Center\" \/>\n<meta property=\"og:description\" content=\"Nous faisons des sorties quotidiennes depuis Santa Catalina jusqu&#039;au Parc National de Coiba. Nous partons en g\u00e9n\u00e9ral vers 8h30 et revenons vers 16h30.\" \/>\n<meta property=\"og:url\" content=\"https:\/\/panamafreediving.com\/fr\/informations-generales\/\" \/>\n<meta property=\"og:site_name\" content=\"Panama Freediving\" \/>\n<meta property=\"article:publisher\" content=\"https:\/\/www.facebook.com\/padipanamadivecenter\" \/>\n<meta property=\"article:modified_time\" content=\"2020-12-17T20:31:30+00:00\" \/>\n<meta name=\"twitter:card\" content=\"summary_large_image\" \/>\n<meta name=\"twitter:label1\" content=\"\u00c9crit par\">\n\t<meta name=\"twitter:data1\" content=\"Sabina Schreck\">\n\t<meta name=\"twitter:label2\" content=\"Dur\u00e9e de lecture estim\u00e9e\">\n\t<meta name=\"twitter:data2\" content=\"4 minutes\">\n<script type=\"application\/ld+json\" class=\"yoast-schema-graph\">{\"@context\":\"https:\/\/schema.org\",\"@graph\":[{\"@type\":\"Organization\",\"@id\":\"https:\/\/panamafreediving.com\/#organization\",\"name\":\"Panama Free Diving\",\"url\":\"https:\/\/panamafreediving.com\/\",\"sameAs\":[\"https:\/\/www.facebook.com\/padipanamadivecenter\",\"https:\/\/www.instagram.com\/panama_dive_center\/\",\"https:\/\/www.youtube.com\/channel\/UCamRbdZ7Ysol_Lqxp0UWJPA\"],\"logo\":{\"@type\":\"ImageObject\",\"@id\":\"https:\/\/panamafreediving.com\/#logo\",\"inLanguage\":\"fr-FR\",\"url\":\"https:\/\/panamafreediving.com\/wp-content\/uploads\/2017\/12\/RAYFB.jpg\",\"width\":1026,\"height\":1026,\"caption\":\"Panama Free Diving\"},\"image\":{\"@id\":\"https:\/\/panamafreediving.com\/#logo\"}},{\"@type\":\"WebSite\",\"@id\":\"https:\/\/panamafreediving.com\/#website\",\"url\":\"https:\/\/panamafreediving.com\/\",\"name\":\"Panama Freediving\",\"description\":\"Freediving in Panama\",\"publisher\":{\"@id\":\"https:\/\/panamafreediving.com\/#organization\"},\"potentialAction\":[{\"@type\":\"SearchAction\",\"target\":\"https:\/\/panamafreediving.com\/?s={search_term_string}\",\"query-input\":\"required name=search_term_string\"}],\"inLanguage\":\"fr-FR\"},{\"@type\":\"WebPage\",\"@id\":\"https:\/\/panamafreediving.com\/fr\/informations-generales\/#webpage\",\"url\":\"https:\/\/panamafreediving.com\/fr\/informations-generales\/\",\"name\":\"Informations G\\u00e9n\\u00e9rale sur la Plong\\u00e9e \\u00e0 Coiba | Panama Dive Center\",\"isPartOf\":{\"@id\":\"https:\/\/panamafreediving.com\/#website\"},\"datePublished\":\"2015-02-21T15:17:15+00:00\",\"dateModified\":\"2020-12-17T20:31:30+00:00\",\"description\":\"Nous faisons des sorties quotidiennes depuis Santa Catalina jusqu'au Parc National de Coiba. Nous partons en g\\u00e9n\\u00e9ral vers 8h30 et revenons vers 16h30.\",\"inLanguage\":\"fr-FR\",\"potentialAction\":[{\"@type\":\"ReadAction\",\"target\":[\"https:\/\/panamafreediving.com\/fr\/informations-generales\/\"]}]}]}<\/script>\n<!-- \/ Yoast SEO Premium plugin. -->","_links":{"self":[{"href":"https:\/\/panamafreediving.com\/fr\/wp-json\/wp\/v2\/pages\/4504\/"}],"collection":[{"href":"https:\/\/panamafreediving.com\/fr\/wp-json\/wp\/v2\/pages\/"}],"about":[{"href":"https:\/\/panamafreediving.com\/fr\/wp-json\/wp\/v2\/types\/page\/"}],"author":[{"embeddable":true,"href":"https:\/\/panamafreediving.com\/fr\/wp-json\/wp\/v2\/users\/2\/"}],"replies":[{"embeddable":true,"href":"https:\/\/panamafreediving.com\/fr\/wp-json\/wp\/v2\/comments\/?post=4504"}],"version-history":[{"count":25,"href":"https:\/\/panamafreediving.com\/fr\/wp-json\/wp\/v2\/pages\/4504\/revisions\/"}],"predecessor-version":[{"id":24849,"href":"https:\/\/panamafreediving.com\/fr\/wp-json\/wp\/v2\/pages\/4504\/revisions\/24849\/"}],"wp:attachment":[{"href":"https:\/\/panamafreediving.com\/fr\/wp-json\/wp\/v2\/media\/?parent=4504"}],"curies":[{"name":"wp","href":"https:\/\/api.w.org\/{rel}","templated":true}]}}