{"id":10747,"date":"2020-05-27T20:44:29","date_gmt":"2020-05-27T20:44:29","guid":{"rendered":"https:\/\/panamadivecenter.com\/decharge-de-responsabilite\/"},"modified":"2020-08-20T21:00:47","modified_gmt":"2020-08-20T21:00:47","slug":"decharge-de-responsabilite","status":"publish","type":"page","link":"https:\/\/panamafreediving.com\/fr\/decharge-de-responsabilite\/","title":{"rendered":"D\u00e9charge de Responsabilit\u00e9"},"content":{"rendered":"\n<style type=\"text\/css\" data-created_by=\"avia_inline_auto\" id=\"style-css-av-av_heading-c63c6140173dc49d99d21d43f47df379\">\n#top .av-special-heading.av-av_heading-c63c6140173dc49d99d21d43f47df379{\npadding-bottom:10px;\ncolor:#000000;\n}\nbody .av-special-heading.av-av_heading-c63c6140173dc49d99d21d43f47df379 .av-special-heading-tag .heading-char{\nfont-size:25px;\n}\n.av-special-heading.av-av_heading-c63c6140173dc49d99d21d43f47df379 .special-heading-inner-border{\nborder-color:#000000;\n}\n.av-special-heading.av-av_heading-c63c6140173dc49d99d21d43f47df379 .av-subheading{\nfont-size:15px;\n}\n<\/style>\n<div  class='av-special-heading av-av_heading-c63c6140173dc49d99d21d43f47df379 av-special-heading-h1 custom-color-heading  avia-builder-el-0  el_before_av_one_half  avia-builder-el-first '><h1 class='av-special-heading-tag'  itemprop=\"headline\"  >D\u00e9charge de Responsabilit\u00e9<\/h1><div class=\"special-heading-border\"><div class=\"special-heading-inner-border\"><\/div><\/div><\/div>\n\n<style type=\"text\/css\" data-created_by=\"avia_inline_auto\" id=\"style-css-av-8mtylb-3ce60a4f4b280877d28a5fb98f3dc71e\">\n.flex_column.av-8mtylb-3ce60a4f4b280877d28a5fb98f3dc71e{\nborder-radius:0px 0px 0px 0px;\npadding:0px 0px 0px 0px;\n}\n<\/style>\n<div  class='flex_column av-8mtylb-3ce60a4f4b280877d28a5fb98f3dc71e av_one_half  avia-builder-el-1  el_after_av_heading  el_before_av_one_half  first flex_column_div av-zero-column-padding  '     ><p>\n<style type=\"text\/css\" data-created_by=\"avia_inline_auto\" id=\"style-css-av-kapn759z-ca9cb63073338e0a85d06a4b0326cf9f\">\n#top .av_textblock_section.av-kapn759z-ca9cb63073338e0a85d06a4b0326cf9f .avia_textblock{\ncolor:#000000;\n}\n<\/style>\n<section  class='av_textblock_section av-kapn759z-ca9cb63073338e0a85d06a4b0326cf9f '   itemscope=\"itemscope\" itemtype=\"https:\/\/schema.org\/CreativeWork\" ><div class='avia_textblock av_inherit_color'  itemprop=\"text\" ><p><span style=\"color: #000000;\">Avant de plonger avec nous, il vous sera demand\u00e9 de signer une d\u00e9charge de responsabilit\u00e9. N&rsquo;h\u00e9sitez pas \u00e0 consulter l&rsquo;un des exemples ci-dessous pour voir de quoi il s&rsquo;agit. Lorsque vous faites une r\u00e9servation avec nous, nous vous enverrons le lien appropri\u00e9 afin que vous puissiez d\u00e9j\u00e0 le remplir dans le confort de votre propre ordinateur, en acc\u00e9l\u00e9rant le processus d&rsquo;enregistrement lorsque vous arrivez ici et en vous assurant d&rsquo;obtenir une autorisation m\u00e9dicale avant d&rsquo;arriver ici si n\u00e9cessaire.<\/span><\/p>\n<p><span style=\"color: #000000;\">N\u2019h\u00e9sitez pas \u00e0 nous<span style=\"text-decoration: underline;\"><span style=\"color: #0000ff; text-decoration: underline;\">\u00a0<a style=\"color: #0000ff; text-decoration: underline;\" href=\"https:\/\/panamafreediving.com\/fr\/panama-dive-center-contact\/\" target=\"_blank\" rel=\"noopener\">contacter<\/a><\/span><\/span>\u00a0si vous avez des questions concernant les diff\u00e9rentes versions.<\/span><\/p>\n<\/div><\/section><br \/>\n<div  class='avia-buttonrow-wrap av-k0vcpd2l-e8194f38364b24f4ef9fbc67ca830419 avia-buttonrow-center  avia-builder-el-3  el_after_av_textblock  avia-builder-el-last '>\n\n<style type=\"text\/css\" data-created_by=\"avia_inline_auto\" id=\"style-css-av-5qhyjj-a8b49874d9e2e08291dd3884f2e7a432\">\n#top #wrap_all .avia-button.av-5qhyjj-a8b49874d9e2e08291dd3884f2e7a432{\nmargin-bottom:10px;\nmargin-right:5px;\nmargin-left:5px;\n}\n<\/style>\n<a href='https:\/\/waiver.smartwaiver.com\/v\/fdfrench\/' class='avia-button av-5qhyjj-a8b49874d9e2e08291dd3884f2e7a432 avia-icon_select-yes-left-icon avia-size-small avia-color-theme-color' target=\"_blank\" rel=\"noopener noreferrer\"><span class='avia_button_icon avia_button_icon_left ' aria-hidden='true' data-av_icon='\ue840' data-av_iconfont='entypo-fontello'><\/span><span class='avia_iconbox_title' >Plongeurs Certifi\u00e9s<\/span><\/a>\n\n<style type=\"text\/css\" data-created_by=\"avia_inline_auto\" id=\"style-css-av-4oh04v-54bbc560aefe26f45fa504c65cac858d\">\n#top #wrap_all .avia-button.av-4oh04v-54bbc560aefe26f45fa504c65cac858d{\nmargin-bottom:10px;\nmargin-right:5px;\nmargin-left:5px;\n}\n<\/style>\n<a href='https:\/\/waiver.smartwaiver.com\/v\/dsdfrench\/' class='avia-button av-4oh04v-54bbc560aefe26f45fa504c65cac858d avia-icon_select-yes-left-icon avia-size-small avia-color-theme-color' target=\"_blank\" rel=\"noopener noreferrer\"><span class='avia_button_icon avia_button_icon_left ' aria-hidden='true' data-av_icon='\ue80b' data-av_iconfont='entypo-fontello'><\/span><span class='avia_iconbox_title' >Discover Scuba<\/span><\/a>\n\n<style type=\"text\/css\" data-created_by=\"avia_inline_auto\" id=\"style-css-av-1yfjy7-a10117ffa1a79b99610e8b1a59151002\">\n#top #wrap_all .avia-button.av-1yfjy7-a10117ffa1a79b99610e8b1a59151002{\nmargin-bottom:10px;\nmargin-right:5px;\nmargin-left:5px;\n}\n<\/style>\n<a href='https:\/\/waiver.smartwaiver.com\/v\/owdcfrench\/' class='avia-button av-1yfjy7-a10117ffa1a79b99610e8b1a59151002 avia-icon_select-yes-left-icon avia-size-small avia-color-theme-color' target=\"_blank\" rel=\"noopener noreferrer\"><span class='avia_button_icon avia_button_icon_left ' aria-hidden='true' data-av_icon='\ue82a' data-av_iconfont='entypo-fontello'><\/span><span class='avia_iconbox_title' >Cours Open Water<\/span><\/a>\n<\/div><\/p><\/div>\n<style type=\"text\/css\" data-created_by=\"avia_inline_auto\" id=\"style-css-av-8mtylb-3bc25262ef2e30d5b5b7f04e5aa7e9b5\">\n.flex_column.av-8mtylb-3bc25262ef2e30d5b5b7f04e5aa7e9b5{\nborder-radius:0px 0px 0px 0px;\npadding:0px 0px 0px 0px;\n}\n<\/style>\n<div  class='flex_column av-8mtylb-3bc25262ef2e30d5b5b7f04e5aa7e9b5 av_one_half  avia-builder-el-4  el_after_av_one_half  el_before_av_hr  flex_column_div av-zero-column-padding  '     ><style type=\"text\/css\" data-created_by=\"avia_inline_auto\" id=\"style-css-av-kapnio8m-ec0f3f6047dc4c381114990654f5e3f5\">\n.avia-image-container.av-kapnio8m-ec0f3f6047dc4c381114990654f5e3f5 img.avia_image{\nbox-shadow:none;\n}\n.avia-image-container.av-kapnio8m-ec0f3f6047dc4c381114990654f5e3f5 .av-image-caption-overlay-center{\ncolor:#ffffff;\nfont-size:40px;\n}\n<\/style>\n<div  class='avia-image-container av-kapnio8m-ec0f3f6047dc4c381114990654f5e3f5 av-styling- avia-align-center  avia-builder-el-5  avia-builder-el-no-sibling '   itemprop=\"image\" itemscope=\"itemscope\" itemtype=\"https:\/\/schema.org\/ImageObject\" ><div class=\"avia-image-container-inner\"><div class=\"avia-image-overlay-wrap\"><img decoding=\"async\" class='wp-image-10726 avia-img-lazy-loading-not-10726 avia_image ' src=\"https:\/\/panamafreediving.com\/wp-content\/uploads\/2020\/05\/porcupine-1030x687.jpg\" alt='Porcupine in Coiba' title='Liability Release'  height=\"687\" width=\"1030\"  itemprop=\"thumbnailUrl\" srcset=\"https:\/\/panamafreediving.com\/wp-content\/uploads\/2020\/05\/porcupine-1030x687.jpg 1030w, https:\/\/panamafreediving.com\/wp-content\/uploads\/2020\/05\/porcupine-450x300.jpg 450w, https:\/\/panamafreediving.com\/wp-content\/uploads\/2020\/05\/porcupine-300x200.jpg 300w, https:\/\/panamafreediving.com\/wp-content\/uploads\/2020\/05\/porcupine-768x512.jpg 768w, https:\/\/panamafreediving.com\/wp-content\/uploads\/2020\/05\/porcupine-1536x1024.jpg 1536w, https:\/\/panamafreediving.com\/wp-content\/uploads\/2020\/05\/porcupine-2048x1365.jpg 2048w, https:\/\/panamafreediving.com\/wp-content\/uploads\/2020\/05\/porcupine-1500x1000.jpg 1500w, https:\/\/panamafreediving.com\/wp-content\/uploads\/2020\/05\/porcupine-705x470.jpg 705w\" sizes=\"(max-width: 1030px) 100vw, 1030px\" \/><\/div><\/div><\/div><\/div><\/p>\n<div  class='hr av-ke39opjv-ac38219b9500f4dee4cf9f49cf0e1290 hr-short  avia-builder-el-6  el_after_av_one_half  avia-builder-el-last  hr-center'><span class='hr-inner '><span class=\"hr-inner-style\"><\/span><\/span><\/div>\n","protected":false},"excerpt":{"rendered":"","protected":false},"author":2,"featured_media":0,"parent":0,"menu_order":0,"comment_status":"closed","ping_status":"open","template":"","meta":{"footnotes":""},"class_list":["post-10747","page","type-page","status-publish","hentry"],"yoast_head":"<!-- This site is optimized with the Yoast SEO Premium plugin v15.4 - https:\/\/yoast.com\/wordpress\/plugins\/seo\/ -->\n<title>Plong\u00e9e Coiba National Park Prices | Santa Catalina | Panama Dive Center<\/title>\n<meta name=\"description\" content=\"La plong\u00e9e sous-marine dans un endroit aussi recul\u00e9 comme le parc national de Coiba n&#039;est peut-\u00eatre pas une bonne affaire, mais une fois que vous y serez, vous verrez pourquoi cela en vaut la peine!\" \/>\n<meta name=\"robots\" content=\"index, follow, max-snippet:-1, max-image-preview:large, max-video-preview:-1\" \/>\n<link rel=\"canonical\" href=\"https:\/\/panamafreediving.com\/fr\/decharge-de-responsabilite\/\" \/>\n<meta property=\"og:locale\" content=\"fr_FR\" \/>\n<meta property=\"og:type\" content=\"article\" \/>\n<meta property=\"og:title\" content=\"Plong\u00e9e Coiba National Park Prices | Santa Catalina | Panama Dive Center\" \/>\n<meta property=\"og:description\" content=\"La plong\u00e9e sous-marine dans un endroit aussi recul\u00e9 comme le parc national de Coiba n&#039;est peut-\u00eatre pas une bonne affaire, mais une fois que vous y serez, vous verrez pourquoi cela en vaut la peine!\" \/>\n<meta property=\"og:url\" content=\"https:\/\/panamafreediving.com\/fr\/decharge-de-responsabilite\/\" \/>\n<meta property=\"og:site_name\" content=\"Panama Freediving\" \/>\n<meta property=\"article:publisher\" content=\"https:\/\/www.facebook.com\/padipanamadivecenter\" \/>\n<meta property=\"article:modified_time\" content=\"2020-08-20T21:00:47+00:00\" \/>\n<meta name=\"twitter:card\" content=\"summary_large_image\" \/>\n<meta name=\"twitter:label1\" content=\"\u00c9crit par\">\n\t<meta name=\"twitter:data1\" content=\"Sabina Schreck\">\n\t<meta name=\"twitter:label2\" content=\"Dur\u00e9e de lecture estim\u00e9e\">\n\t<meta name=\"twitter:data2\" content=\"4 minutes\">\n<script type=\"application\/ld+json\" class=\"yoast-schema-graph\">{\"@context\":\"https:\/\/schema.org\",\"@graph\":[{\"@type\":\"Organization\",\"@id\":\"https:\/\/panamafreediving.com\/#organization\",\"name\":\"Panama Free Diving\",\"url\":\"https:\/\/panamafreediving.com\/\",\"sameAs\":[\"https:\/\/www.facebook.com\/padipanamadivecenter\",\"https:\/\/www.instagram.com\/panama_dive_center\/\",\"https:\/\/www.youtube.com\/channel\/UCamRbdZ7Ysol_Lqxp0UWJPA\"],\"logo\":{\"@type\":\"ImageObject\",\"@id\":\"https:\/\/panamafreediving.com\/#logo\",\"inLanguage\":\"fr-FR\",\"url\":\"https:\/\/panamafreediving.com\/wp-content\/uploads\/2017\/12\/RAYFB.jpg\",\"width\":1026,\"height\":1026,\"caption\":\"Panama Free Diving\"},\"image\":{\"@id\":\"https:\/\/panamafreediving.com\/#logo\"}},{\"@type\":\"WebSite\",\"@id\":\"https:\/\/panamafreediving.com\/#website\",\"url\":\"https:\/\/panamafreediving.com\/\",\"name\":\"Panama Freediving\",\"description\":\"Freediving in Panama\",\"publisher\":{\"@id\":\"https:\/\/panamafreediving.com\/#organization\"},\"potentialAction\":[{\"@type\":\"SearchAction\",\"target\":\"https:\/\/panamafreediving.com\/?s={search_term_string}\",\"query-input\":\"required name=search_term_string\"}],\"inLanguage\":\"fr-FR\"},{\"@type\":\"WebPage\",\"@id\":\"https:\/\/panamafreediving.com\/fr\/decharge-de-responsabilite\/#webpage\",\"url\":\"https:\/\/panamafreediving.com\/fr\/decharge-de-responsabilite\/\",\"name\":\"Plong\\u00e9e Coiba National Park Prices | Santa Catalina | Panama Dive Center\",\"isPartOf\":{\"@id\":\"https:\/\/panamafreediving.com\/#website\"},\"datePublished\":\"2020-05-27T20:44:29+00:00\",\"dateModified\":\"2020-08-20T21:00:47+00:00\",\"description\":\"La plong\\u00e9e sous-marine dans un endroit aussi recul\\u00e9 comme le parc national de Coiba n'est peut-\\u00eatre pas une bonne affaire, mais une fois que vous y serez, vous verrez pourquoi cela en vaut la peine!\",\"inLanguage\":\"fr-FR\",\"potentialAction\":[{\"@type\":\"ReadAction\",\"target\":[\"https:\/\/panamafreediving.com\/fr\/decharge-de-responsabilite\/\"]}]}]}<\/script>\n<!-- \/ Yoast SEO Premium plugin. -->","_links":{"self":[{"href":"https:\/\/panamafreediving.com\/fr\/wp-json\/wp\/v2\/pages\/10747\/"}],"collection":[{"href":"https:\/\/panamafreediving.com\/fr\/wp-json\/wp\/v2\/pages\/"}],"about":[{"href":"https:\/\/panamafreediving.com\/fr\/wp-json\/wp\/v2\/types\/page\/"}],"author":[{"embeddable":true,"href":"https:\/\/panamafreediving.com\/fr\/wp-json\/wp\/v2\/users\/2\/"}],"replies":[{"embeddable":true,"href":"https:\/\/panamafreediving.com\/fr\/wp-json\/wp\/v2\/comments\/?post=10747"}],"version-history":[{"count":5,"href":"https:\/\/panamafreediving.com\/fr\/wp-json\/wp\/v2\/pages\/10747\/revisions\/"}],"predecessor-version":[{"id":13298,"href":"https:\/\/panamafreediving.com\/fr\/wp-json\/wp\/v2\/pages\/10747\/revisions\/13298\/"}],"wp:attachment":[{"href":"https:\/\/panamafreediving.com\/fr\/wp-json\/wp\/v2\/media\/?parent=10747"}],"curies":[{"name":"wp","href":"https:\/\/api.w.org\/{rel}","templated":true}]}}