{"id":3895,"date":"2013-04-02T11:23:53","date_gmt":"2013-04-02T11:23:53","guid":{"rendered":"http:\/\/panamadivecenter.com\/?page_id=3895"},"modified":"2019-01-09T13:36:29","modified_gmt":"2019-01-09T13:36:29","slug":"panama-dive-center-precios","status":"publish","type":"page","link":"https:\/\/panamafreediving.com\/es\/panama-dive-center-precios\/","title":{"rendered":"Precios"},"content":{"rendered":"<div id='av_section_1'  class='avia-section av-av_section-b34fb6cbd7d0458115088f72f0a73d3b alternate_color avia-section-default avia-no-shadow  avia-builder-el-0  el_before_av_button  avia-builder-el-first  avia-bg-style-scroll container_wrap sidebar_right'  ><div class='container av-section-cont-open' ><main  role=\"main\" itemprop=\"mainContentOfPage\"  class='template-page content  av-content-small alpha units'><div class='post-entry post-entry-type-page post-entry-3895'><div class='entry-content-wrapper clearfix'>\n<div class='avia-data-table-wrap av-av_table-6c51779a609b5a7edaef90eb0c48d0f1 avia_responsive_table avia-table-1'><table  class='avia-table avia-data-table avia_pricing_default  avia-builder-el-1  avia-builder-el-no-sibling '  itemscope=\"itemscope\" itemtype=\"https:\/\/schema.org\/Table\" ><caption>Las entradas al parque no est\u00e1n incluidas. <\/caption><tbody><tr class='avia-heading-row'><th class=''> A continuaci\u00f3n est\u00e1n nuestros precios. Si necesitas m\u00e1s informaci\u00f3n sobre cualquiera de los items, por favor referiste a la secci\u00f3n relevante en la p\u00e1gina.<br \/>\n<\/th><th class='avia-desc-col'>PRECIOS (US$)<br \/>\n<\/th><\/tr><tr class=''><td class=''>2 inmersiones <\/td><th class='avia-desc-col'>$140<\/th><\/tr><tr class=''><td class=''>3 inmersiones <\/td><th class='avia-desc-col'>$160<\/th><\/tr><tr class=''><td class=''>Discover Scuba Diving<\/td><th class='avia-desc-col'>$170<\/th><\/tr><tr class=''><td class=''>2 d\u00edas de buceo con quedada en la isla &#8211; no disponible, el alojamiento en la isla esta temporalmente cerrado<\/td><th class='avia-desc-col'>$440<\/th><\/tr><tr class=''><td class=''>3 d\u00edas de buceo con quedada en la isla &#8211; no disponible, el alojamiento en la isla esta temporalmente cerrado<\/td><th class='avia-desc-col'>$660<\/th><\/tr><tr class=''><td class=''>Open Water Diver Course<\/td><th class='avia-desc-col'>$410<\/th><\/tr><tr class=''><td class=''>Advanced Open Water Diver Course<\/td><th class='avia-desc-col'>$410<\/th><\/tr><tr class=''><td class=''>Especialidad de Nitrox (incluye dos inmersiones) <\/td><th class='avia-desc-col'>$235<\/th><\/tr><tr class=''><td class=''>Otras especialidades: cada especialidad esta especificada con precio en la secci\u00f3n relevante (actividades-cursos)<\/td><th class='avia-desc-col'>$100-300<\/th><\/tr><tr class=''><td class=''>Rescue Diver Course<\/td><th class='avia-desc-col'>$660<\/th><\/tr><tr class=''><td class=''>Dive Master Course<\/td><th class='avia-desc-col'>$1400<\/th><\/tr><tr class=''><td class=''>Entrada al parque: paname\u00f1os y residentes\/extranjeros<\/td><th class='avia-desc-col'>$5\/$20<\/th><\/tr><\/tbody><\/table><\/div><style type='text\/css'>.avia-table-1 td:nth-of-type(1):before { content: ' A continuaci\u00f3n est\u00e1n nuestros precios. Si necesitas m\u00e1s informaci\u00f3n sobre cualquiera de los items, por favor referiste a la secci\u00f3n relevante en la p\u00e1gina.\n'; } .avia-table-1 td:nth-of-type(1):before { content: 'PRECIOS (US$)\n'; } <\/style>\n<\/div><\/div><\/main><!-- close content main element --><\/div><\/div><div id='after_section_1'  class='main_color av_default_container_wrap container_wrap sidebar_right'  ><div class='container av-section-cont-open' ><div class='template-page content  av-content-small alpha units'><div class='post-entry post-entry-type-page post-entry-3895'><div class='entry-content-wrapper clearfix'><div  class='avia-button-wrap av-av_button-ff29f6d7e5367a7fd6b645c65b65d2eb-wrap avia-button-left  avia-builder-el-2  el_after_av_section  el_before_av_button  avia-builder-el-first '><a href='https:\/\/panamafreediving.com\/es\/contacto\/'  class='avia-button av-av_button-ff29f6d7e5367a7fd6b645c65b65d2eb avia-icon_select-yes-left-icon avia-size-medium avia-position-left avia-color-theme-color'  target=\"_blank\"  rel=\"noopener noreferrer\" ><span class='avia_button_icon avia_button_icon_left' aria-hidden='true' data-av_icon='\ue805' data-av_iconfont='entypo-fontello'><\/span><span class='avia_iconbox_title' >Contacto<\/span><\/a><\/div><\/p>\n<div  class='avia-button-wrap av-av_button-ab455a152139adeff774354b0fdc63ea-wrap avia-button-right  avia-builder-el-3  el_after_av_button  el_before_av_section  avia-builder-el-last '><a href='http:\/\/panamadivecenter.rezdy.com\/index?lang=en' class='avia-button av-av_button-ab455a152139adeff774354b0fdc63ea avia-icon_select-yes-left-icon avia-size-medium avia-position-right avia-color-theme-color' target=\"_blank\" rel=\"noopener noreferrer\"><span class='avia_button_icon avia_button_icon_left' aria-hidden='true' data-av_icon='\ue8ce' data-av_iconfont='entypo-fontello'><\/span><span class='avia_iconbox_title' >Reserva tu Aventura Ya<\/span><\/a><\/div>\n<\/div><\/div><\/div><!-- close content main div --><\/div><\/div><div id='av_section_2'  class='avia-section av-av_section-d21fdcaeecb69b7efe4eaf10b6112bd0 main_color avia-section-default avia-no-shadow  avia-builder-el-4  el_after_av_button  avia-builder-el-last  avia-bg-style-scroll container_wrap sidebar_right'  ><div class='container av-section-cont-open' ><div class='template-page content  av-content-small alpha units'><div class='post-entry post-entry-type-page post-entry-3895'><div class='entry-content-wrapper clearfix'><\/div><\/div><\/div><!-- close content main div --><\/div><\/div><div id='after_section_2'  class='main_color av_default_container_wrap container_wrap sidebar_right'  ><div class='container av-section-cont-open' ><div class='template-page content  av-content-small alpha units'><div class='post-entry post-entry-type-page post-entry-3895'><div class='entry-content-wrapper clearfix'>\n","protected":false},"excerpt":{"rendered":"","protected":false},"author":2,"featured_media":0,"parent":0,"menu_order":0,"comment_status":"closed","ping_status":"open","template":"","meta":{"footnotes":""},"class_list":["post-3895","page","type-page","status-publish","hentry"],"yoast_head":"<!-- This site is optimized with the Yoast SEO Premium plugin v15.4 - https:\/\/yoast.com\/wordpress\/plugins\/seo\/ -->\n<title>Diving Coiba National Park Precios | Santa Catalina | Panama Dive Center<\/title>\n<meta name=\"description\" content=\"Bucear en un lugar tan remoto como el Parque Nacional Coiba no es el buceo m\u00e1s barato, pero una vez que vayas, ver\u00e1s por qu\u00e9 vale la pena.\" \/>\n<meta name=\"robots\" content=\"index, follow, max-snippet:-1, max-image-preview:large, max-video-preview:-1\" \/>\n<link rel=\"canonical\" href=\"https:\/\/panamafreediving.com\/es\/panama-dive-center-precios\/\" \/>\n<meta property=\"og:locale\" content=\"es_ES\" \/>\n<meta property=\"og:type\" content=\"article\" \/>\n<meta property=\"og:title\" content=\"Diving Coiba National Park Precios | Santa Catalina | Panama Dive Center\" \/>\n<meta property=\"og:description\" content=\"Bucear en un lugar tan remoto como el Parque Nacional Coiba no es el buceo m\u00e1s barato, pero una vez que vayas, ver\u00e1s por qu\u00e9 vale la pena.\" \/>\n<meta property=\"og:url\" content=\"https:\/\/panamafreediving.com\/es\/panama-dive-center-precios\/\" \/>\n<meta property=\"og:site_name\" content=\"Panama Freediving\" \/>\n<meta property=\"article:publisher\" content=\"https:\/\/www.facebook.com\/padipanamadivecenter\" \/>\n<meta property=\"article:modified_time\" content=\"2019-01-09T13:36:29+00:00\" \/>\n<meta name=\"twitter:card\" content=\"summary_large_image\" \/>\n<meta name=\"twitter:label1\" content=\"Escrito por\">\n\t<meta name=\"twitter:data1\" content=\"Sabina Schreck\">\n\t<meta name=\"twitter:label2\" content=\"Tiempo de lectura\">\n\t<meta name=\"twitter:data2\" content=\"2 minutos\">\n<script type=\"application\/ld+json\" class=\"yoast-schema-graph\">{\"@context\":\"https:\/\/schema.org\",\"@graph\":[{\"@type\":\"Organization\",\"@id\":\"https:\/\/panamafreediving.com\/#organization\",\"name\":\"Panama Free Diving\",\"url\":\"https:\/\/panamafreediving.com\/\",\"sameAs\":[\"https:\/\/www.facebook.com\/padipanamadivecenter\",\"https:\/\/www.instagram.com\/panama_dive_center\/\",\"https:\/\/www.youtube.com\/channel\/UCamRbdZ7Ysol_Lqxp0UWJPA\"],\"logo\":{\"@type\":\"ImageObject\",\"@id\":\"https:\/\/panamafreediving.com\/#logo\",\"inLanguage\":\"es\",\"url\":\"https:\/\/panamafreediving.com\/wp-content\/uploads\/2017\/12\/RAYFB.jpg\",\"width\":1026,\"height\":1026,\"caption\":\"Panama Free Diving\"},\"image\":{\"@id\":\"https:\/\/panamafreediving.com\/#logo\"}},{\"@type\":\"WebSite\",\"@id\":\"https:\/\/panamafreediving.com\/#website\",\"url\":\"https:\/\/panamafreediving.com\/\",\"name\":\"Panama Freediving\",\"description\":\"Freediving in Panama\",\"publisher\":{\"@id\":\"https:\/\/panamafreediving.com\/#organization\"},\"potentialAction\":[{\"@type\":\"SearchAction\",\"target\":\"https:\/\/panamafreediving.com\/?s={search_term_string}\",\"query-input\":\"required name=search_term_string\"}],\"inLanguage\":\"es\"},{\"@type\":\"WebPage\",\"@id\":\"https:\/\/panamafreediving.com\/es\/panama-dive-center-precios\/#webpage\",\"url\":\"https:\/\/panamafreediving.com\/es\/panama-dive-center-precios\/\",\"name\":\"Diving Coiba National Park Precios | Santa Catalina | Panama Dive Center\",\"isPartOf\":{\"@id\":\"https:\/\/panamafreediving.com\/#website\"},\"datePublished\":\"2013-04-02T11:23:53+00:00\",\"dateModified\":\"2019-01-09T13:36:29+00:00\",\"description\":\"Bucear en un lugar tan remoto como el Parque Nacional Coiba no es el buceo m\\u00e1s barato, pero una vez que vayas, ver\\u00e1s por qu\\u00e9 vale la pena.\",\"inLanguage\":\"es\",\"potentialAction\":[{\"@type\":\"ReadAction\",\"target\":[\"https:\/\/panamafreediving.com\/es\/panama-dive-center-precios\/\"]}]}]}<\/script>\n<!-- \/ Yoast SEO Premium plugin. -->","_links":{"self":[{"href":"https:\/\/panamafreediving.com\/es\/wp-json\/wp\/v2\/pages\/3895\/"}],"collection":[{"href":"https:\/\/panamafreediving.com\/es\/wp-json\/wp\/v2\/pages\/"}],"about":[{"href":"https:\/\/panamafreediving.com\/es\/wp-json\/wp\/v2\/types\/page\/"}],"author":[{"embeddable":true,"href":"https:\/\/panamafreediving.com\/es\/wp-json\/wp\/v2\/users\/2\/"}],"replies":[{"embeddable":true,"href":"https:\/\/panamafreediving.com\/es\/wp-json\/wp\/v2\/comments\/?post=3895"}],"version-history":[{"count":23,"href":"https:\/\/panamafreediving.com\/es\/wp-json\/wp\/v2\/pages\/3895\/revisions\/"}],"predecessor-version":[{"id":8509,"href":"https:\/\/panamafreediving.com\/es\/wp-json\/wp\/v2\/pages\/3895\/revisions\/8509\/"}],"wp:attachment":[{"href":"https:\/\/panamafreediving.com\/es\/wp-json\/wp\/v2\/media\/?parent=3895"}],"curies":[{"name":"wp","href":"https:\/\/api.w.org\/{rel}","templated":true}]}}