{"id":3893,"date":"2015-03-17T19:16:09","date_gmt":"2015-03-17T19:16:09","guid":{"rendered":"http:\/\/panamadivecenter.com\/?page_id=3893"},"modified":"2020-07-30T19:18:45","modified_gmt":"2020-07-30T19:18:45","slug":"santa-catalina-bautizo-de-buceo","status":"publish","type":"page","link":"https:\/\/panamafreediving.com\/es\/santa-catalina-bautizo-de-buceo\/","title":{"rendered":"Discover Scuba"},"content":{"rendered":"\n<style type=\"text\/css\" data-created_by=\"avia_inline_auto\" id=\"style-css-av-av_heading-5938ac4c9a87ff094b6e25f9e6becaa1\">\n#top .av-special-heading.av-av_heading-5938ac4c9a87ff094b6e25f9e6becaa1{\npadding-bottom:10px;\ncolor:#000000;\n}\nbody .av-special-heading.av-av_heading-5938ac4c9a87ff094b6e25f9e6becaa1 .av-special-heading-tag .heading-char{\nfont-size:25px;\n}\n.av-special-heading.av-av_heading-5938ac4c9a87ff094b6e25f9e6becaa1 .special-heading-inner-border{\nborder-color:#000000;\n}\n.av-special-heading.av-av_heading-5938ac4c9a87ff094b6e25f9e6becaa1 .av-subheading{\nfont-size:15px;\n}\n<\/style>\n<div  class='av-special-heading av-av_heading-5938ac4c9a87ff094b6e25f9e6becaa1 av-special-heading-h1 custom-color-heading  avia-builder-el-0  el_before_av_one_half  avia-builder-el-first '><h1 class='av-special-heading-tag'  itemprop=\"headline\"  >Discover Scuba Diving (Bautismo)<\/h1><div class=\"special-heading-border\"><div class=\"special-heading-inner-border\"><\/div><\/div><\/div>\n<div  class='flex_column av-9dzf6z-1cf5d7876e42fe864a38cef1e4e3ef4c av_one_half  avia-builder-el-1  el_after_av_heading  el_before_av_one_half  first flex_column_div  '     ><p>\n<style type=\"text\/css\" data-created_by=\"avia_inline_auto\" id=\"style-css-av-87kprv-6ba885a27cbf7b3eab50fd6e3aea7a1f\">\n.avia-image-container.av-87kprv-6ba885a27cbf7b3eab50fd6e3aea7a1f img.avia_image{\nbox-shadow:none;\n}\n.avia-image-container.av-87kprv-6ba885a27cbf7b3eab50fd6e3aea7a1f .av-image-caption-overlay-center{\ncolor:#ffffff;\n}\n<\/style>\n<div  class='avia-image-container av-87kprv-6ba885a27cbf7b3eab50fd6e3aea7a1f av-styling- avia_animated_image av-animated-when-visible-95 pop-up avia-align-center  avia-builder-el-2  el_before_av_textblock  avia-builder-el-first '   itemprop=\"image\" itemscope=\"itemscope\" itemtype=\"https:\/\/schema.org\/ImageObject\" ><div class=\"avia-image-container-inner\"><div class=\"avia-image-overlay-wrap\"><img decoding=\"async\" class='wp-image-11237 avia-img-lazy-loading-not-11237 avia_image ' src=\"https:\/\/panamafreediving.com\/wp-content\/uploads\/2020\/06\/diver-surface-Pati-845x684.jpg\" alt='diving-coiba-panama' title='diver surface Pati'  height=\"684\" width=\"845\"  itemprop=\"thumbnailUrl\" srcset=\"https:\/\/panamafreediving.com\/wp-content\/uploads\/2020\/06\/diver-surface-Pati-845x684.jpg 845w, https:\/\/panamafreediving.com\/wp-content\/uploads\/2020\/06\/diver-surface-Pati-495x400.jpg 495w\" sizes=\"(max-width: 845px) 100vw, 845px\" \/><\/div><\/div><\/div><br \/>\n<section  class='av_textblock_section av-kd7rubpl-20d6991258fc1222265778d2ac94293a '   itemscope=\"itemscope\" itemtype=\"https:\/\/schema.org\/CreativeWork\" ><div class='avia_textblock'  itemprop=\"text\" ><p><span style=\"color: #000000;\"><span style=\"text-decoration: underline;\">Duraci\u00f3n:<\/span> 1 d\u00eda<\/span><\/p>\n<p><span style=\"color: #000000;\"><span style=\"text-decoration: underline;\">Precio:<\/span> $ 170 + entrada al parque nacional ($ 20 para extranjeros, $ 5 para paname\u00f1os o residentes, esto debe pagarse en efectivo)<\/span><\/p>\n<p><span style=\"color: #000000;\"><span style=\"text-decoration: underline;\">Incluye:<\/span> teor\u00eda de buceo, dos inmersiones, alquiler de equipo y almuerzo (fruta y un s\u00e1ndwich)<\/span><\/p>\n<p><span style=\"color: #000000;\"><span style=\"text-decoration: underline;\">Extras Disponibles:<\/span> si te encant\u00f3 el buceo y el clima lo permite, despu\u00e9s del almuerzo puedes hacer otra inmersi\u00f3n por $ 20 adicionales.<\/span><\/p>\n<\/div><\/section><\/p><\/div>\n\n<style type=\"text\/css\" data-created_by=\"avia_inline_auto\" id=\"style-css-av-5cynnv-3ad847ff23fff3a815eb48919f1280c7\">\n.flex_column.av-5cynnv-3ad847ff23fff3a815eb48919f1280c7{\nborder-radius:0px 0px 0px 0px;\npadding:0px 0px 0px 0px;\n}\n<\/style>\n<div  class='flex_column av-5cynnv-3ad847ff23fff3a815eb48919f1280c7 av_one_half  avia-builder-el-4  el_after_av_one_half  el_before_av_hr  flex_column_div av-zero-column-padding  '     ><section  class='av_textblock_section av-jvjsw5wv-f6eb79dee447a82089a14930c3b9149f '   itemscope=\"itemscope\" itemtype=\"https:\/\/schema.org\/CreativeWork\" ><div class='avia_textblock'  itemprop=\"text\" ><h5><span style=\"text-decoration: underline; color: #000000;\">\u00bfDe que se trata?<\/span><\/h5>\n<p><span style=\"color: #000000;\">\u00bfSiempre te has preguntado c\u00f3mo es respirar bajo el agua? \u00bfO quiz\u00e1s quieres que tu pareja o amigo lo pruebe? Discover Scuba Diving es para cualquiera que quiera probar el buceo, pero no est\u00e1 listo para tomar <a style=\"color: #000000;\" href=\"https:\/\/panamafreediving.com\/es\/santa-catalina-cursos-buceo-padi\/#tab-id-2-active\" target=\"_blank\" rel=\"noopener\"><span style=\"text-decoration: underline;\"><span style=\"color: #0000ff; text-decoration: underline;\">el curso completo<\/span><\/span><\/a> de tres d\u00edas. Muchas tiendas de buceo ofrecen este programa en una piscina o desde la playa. En Panama Dive Center todo lo hacemos en el Parque Nacional Coiba. Discover Scuba Diving es una introducci\u00f3n r\u00e1pida y f\u00e1cil a lo que se necesita para explorar el mundo submarino.<\/span><\/p>\n<h5><span style=\"text-decoration: underline; color: #000000;\">\u00bfC\u00f3mo funciona?<\/span><\/h5>\n<p><span style=\"color: #000000;\">Te encontrar\u00e1s con tu instructor PADI en la tienda de buceo a las 7\u00a0 de la ma\u00f1ana y recibir\u00e1s una introducci\u00f3n te\u00f3rica al buceo. Junto a los buzos certificados, viajar\u00e1s en barco a Coiba. Una vez all\u00ed, tu instructor encontrar\u00e1 un lugar adecuado para hacer unos ejercicios de seguridad bajo el agua\u00a0 y darte tiempo a que te acomodes a respirar bajo el agua, antes de llevarte a tu primera exploraci\u00f3n del fondo submarino. Despu\u00e9s de un descanso en la playa, har\u00e1s una segunda inmersi\u00f3n en un sitio diferente. Luego, serviremos el almuerzo y te daremos la opci\u00f3n de hacer otra inmersi\u00f3n antes de regresar a Santa Catalina.<\/span><\/p>\n<h5><span style=\"text-decoration: underline; color: #000000;\">Prerrequisitos<\/span><\/h5>\n<p><span style=\"color: #000000;\">Para inscribirte en una experiencia PADI Discover Scuba Diving, debes tener al menos 10 a\u00f1os de edad. No se necesita experiencia previa con el buceo, pero debes saber nadar y tener una salud f\u00edsica razonable. Se te pedir\u00e1 que completes un cuestionario m\u00e9dico de antemano. Este se te enviar\u00e1 cuando hagas tu reserva, por lo que puedes consultar a un m\u00e9dico si es necesario para obtener la autorizaci\u00f3n.<\/span><\/p>\n<\/div><\/section><\/div>\n<style type=\"text\/css\" data-created_by=\"avia_inline_auto\" id=\"style-css-av-3jcosr-9c3eebe04247f5f93090a69a3185cd92\">\n#top .hr.hr-invisible.av-3jcosr-9c3eebe04247f5f93090a69a3185cd92{\nheight:50px;\n}\n<\/style>\n<div  class='hr av-3jcosr-9c3eebe04247f5f93090a69a3185cd92 hr-invisible  avia-builder-el-6  el_after_av_one_half  el_before_av_button '><span class='hr-inner '><span class=\"hr-inner-style\"><\/span><\/span><\/div><\/p>\n<div  class='avia-button-wrap av-36y89n-5b7d07af5ef8aaa866471885bc04ee2d-wrap avia-button-center  avia-builder-el-7  el_after_av_hr  el_before_av_textblock '><a href='https:\/\/panamadivecenter.rezdy.com\/56428\/padi-discover-scuba-diving-program' class='avia-button av-36y89n-5b7d07af5ef8aaa866471885bc04ee2d avia-icon_select-yes-left-icon avia-size-medium avia-position-center avia-color-theme-color' target=\"_blank\" rel=\"noopener noreferrer\"><span class='avia_button_icon avia_button_icon_left' aria-hidden='true' data-av_icon='\ue805' data-av_iconfont='entypo-fontello'><\/span><span class='avia_iconbox_title' >Reserva tu primera aventura subacu\u00e1tica ya! <\/span><\/a><\/div>\n<section  class='av_textblock_section av-kd7rubpl-20d6991258fc1222265778d2ac94293a '   itemscope=\"itemscope\" itemtype=\"https:\/\/schema.org\/CreativeWork\" ><div class='avia_textblock'  itemprop=\"text\" ><p style=\"text-align: center;\"><span style=\"color: #000000;\">\u00bfTienes alguna pregunta? \u00a1<span style=\"text-decoration: underline; color: #0000ff;\"><a style=\"color: #0000ff; text-decoration: underline;\" href=\"https:\/\/panamafreediving.com\/es\/contacto\/\" target=\"_blank\" rel=\"noopener\">Cont\u00e1ctanos<\/a><\/span>!\u00a0<\/span><\/p>\n<p style=\"text-align: center;\"><span style=\"color: #000000;\">\u00bfQuieres sacarte la certificaci\u00f3n de buceo? Toda la informaci\u00f3n est\u00e1 <span style=\"text-decoration: underline;\"><span style=\"color: #0000ff; text-decoration: underline;\"><a style=\"color: #0000ff; text-decoration: underline;\" href=\"https:\/\/panamafreediving.com\/es\/santa-catalina-cursos-buceo-padi\/#tab-id-2-active\" target=\"_blank\" rel=\"noopener\">aqu\u00ed<\/a><\/span><\/span>!<\/span><\/p>\n<\/div><\/section>\n<div  class='hr av-3jcosr-2c9df1c7efb102f865b38305fbff8053 hr-short  avia-builder-el-9  el_after_av_textblock  avia-builder-el-last  hr-center'><span class='hr-inner '><span class=\"hr-inner-style\"><\/span><\/span><\/div>\n","protected":false},"excerpt":{"rendered":"","protected":false},"author":2,"featured_media":0,"parent":0,"menu_order":0,"comment_status":"closed","ping_status":"open","template":"","meta":{"footnotes":""},"class_list":["post-3893","page","type-page","status-publish","hentry"],"yoast_head":"<!-- This site is optimized with the Yoast SEO Premium plugin v15.4 - https:\/\/yoast.com\/wordpress\/plugins\/seo\/ -->\n<title>Bautizo de Buceo en Coiba | Santa Catalina | Panama Dive Center<\/title>\n<meta name=\"description\" content=\"Si quieres probar el buceo, pero no estas listo para tomar el curso completo, este bautizo es para ti. Atr\u00e9vete a ver Coiba por debajo de la superficie!\" \/>\n<meta name=\"robots\" content=\"index, follow, max-snippet:-1, max-image-preview:large, max-video-preview:-1\" \/>\n<link rel=\"canonical\" href=\"https:\/\/panamafreediving.com\/es\/santa-catalina-bautizo-de-buceo\/\" \/>\n<meta property=\"og:locale\" content=\"es_ES\" \/>\n<meta property=\"og:type\" content=\"article\" \/>\n<meta property=\"og:title\" content=\"Bautizo de Buceo en Coiba | Santa Catalina | Panama Dive Center\" \/>\n<meta property=\"og:description\" content=\"Si quieres probar el buceo, pero no estas listo para tomar el curso completo, este bautizo es para ti. Atr\u00e9vete a ver Coiba por debajo de la superficie!\" \/>\n<meta property=\"og:url\" content=\"https:\/\/panamafreediving.com\/es\/santa-catalina-bautizo-de-buceo\/\" \/>\n<meta property=\"og:site_name\" content=\"Panama Freediving\" \/>\n<meta property=\"article:publisher\" content=\"https:\/\/www.facebook.com\/padipanamadivecenter\" \/>\n<meta property=\"article:modified_time\" content=\"2020-07-30T19:18:45+00:00\" \/>\n<meta name=\"twitter:card\" content=\"summary_large_image\" \/>\n<meta name=\"twitter:label1\" content=\"Escrito por\">\n\t<meta name=\"twitter:data1\" content=\"Sabina Schreck\">\n\t<meta name=\"twitter:label2\" content=\"Tiempo de lectura\">\n\t<meta name=\"twitter:data2\" content=\"3 minutos\">\n<script type=\"application\/ld+json\" class=\"yoast-schema-graph\">{\"@context\":\"https:\/\/schema.org\",\"@graph\":[{\"@type\":\"Organization\",\"@id\":\"https:\/\/panamafreediving.com\/#organization\",\"name\":\"Panama Free Diving\",\"url\":\"https:\/\/panamafreediving.com\/\",\"sameAs\":[\"https:\/\/www.facebook.com\/padipanamadivecenter\",\"https:\/\/www.instagram.com\/panama_dive_center\/\",\"https:\/\/www.youtube.com\/channel\/UCamRbdZ7Ysol_Lqxp0UWJPA\"],\"logo\":{\"@type\":\"ImageObject\",\"@id\":\"https:\/\/panamafreediving.com\/#logo\",\"inLanguage\":\"es\",\"url\":\"https:\/\/panamafreediving.com\/wp-content\/uploads\/2017\/12\/RAYFB.jpg\",\"width\":1026,\"height\":1026,\"caption\":\"Panama Free Diving\"},\"image\":{\"@id\":\"https:\/\/panamafreediving.com\/#logo\"}},{\"@type\":\"WebSite\",\"@id\":\"https:\/\/panamafreediving.com\/#website\",\"url\":\"https:\/\/panamafreediving.com\/\",\"name\":\"Panama Freediving\",\"description\":\"Freediving in Panama\",\"publisher\":{\"@id\":\"https:\/\/panamafreediving.com\/#organization\"},\"potentialAction\":[{\"@type\":\"SearchAction\",\"target\":\"https:\/\/panamafreediving.com\/?s={search_term_string}\",\"query-input\":\"required name=search_term_string\"}],\"inLanguage\":\"es\"},{\"@type\":\"WebPage\",\"@id\":\"https:\/\/panamafreediving.com\/es\/santa-catalina-bautizo-de-buceo\/#webpage\",\"url\":\"https:\/\/panamafreediving.com\/es\/santa-catalina-bautizo-de-buceo\/\",\"name\":\"Bautizo de Buceo en Coiba | Santa Catalina | Panama Dive Center\",\"isPartOf\":{\"@id\":\"https:\/\/panamafreediving.com\/#website\"},\"datePublished\":\"2015-03-17T19:16:09+00:00\",\"dateModified\":\"2020-07-30T19:18:45+00:00\",\"description\":\"Si quieres probar el buceo, pero no estas listo para tomar el curso completo, este bautizo es para ti. Atr\\u00e9vete a ver Coiba por debajo de la superficie!\",\"inLanguage\":\"es\",\"potentialAction\":[{\"@type\":\"ReadAction\",\"target\":[\"https:\/\/panamafreediving.com\/es\/santa-catalina-bautizo-de-buceo\/\"]}]}]}<\/script>\n<!-- \/ Yoast SEO Premium plugin. -->","_links":{"self":[{"href":"https:\/\/panamafreediving.com\/es\/wp-json\/wp\/v2\/pages\/3893\/"}],"collection":[{"href":"https:\/\/panamafreediving.com\/es\/wp-json\/wp\/v2\/pages\/"}],"about":[{"href":"https:\/\/panamafreediving.com\/es\/wp-json\/wp\/v2\/types\/page\/"}],"author":[{"embeddable":true,"href":"https:\/\/panamafreediving.com\/es\/wp-json\/wp\/v2\/users\/2\/"}],"replies":[{"embeddable":true,"href":"https:\/\/panamafreediving.com\/es\/wp-json\/wp\/v2\/comments\/?post=3893"}],"version-history":[{"count":18,"href":"https:\/\/panamafreediving.com\/es\/wp-json\/wp\/v2\/pages\/3893\/revisions\/"}],"predecessor-version":[{"id":12636,"href":"https:\/\/panamafreediving.com\/es\/wp-json\/wp\/v2\/pages\/3893\/revisions\/12636\/"}],"wp:attachment":[{"href":"https:\/\/panamafreediving.com\/es\/wp-json\/wp\/v2\/media\/?parent=3893"}],"curies":[{"name":"wp","href":"https:\/\/api.w.org\/{rel}","templated":true}]}}