{"id":3887,"date":"2015-03-17T19:00:20","date_gmt":"2015-03-17T19:00:20","guid":{"rendered":"http:\/\/panamadivecenter.com\/?page_id=3887"},"modified":"2020-12-17T20:31:09","modified_gmt":"2020-12-17T20:31:09","slug":"coiba-panama-informacion-scuba","status":"publish","type":"page","link":"https:\/\/panamafreediving.com\/es\/coiba-panama-informacion-scuba\/","title":{"rendered":"Informaci\u00f3n General"},"content":{"rendered":"\n<style type=\"text\/css\" data-created_by=\"avia_inline_auto\" id=\"style-css-av-av_heading-e0bd1b209a2d06d86c06ea254f838b85\">\n#top .av-special-heading.av-av_heading-e0bd1b209a2d06d86c06ea254f838b85{\npadding-bottom:10px;\ncolor:#000000;\n}\nbody .av-special-heading.av-av_heading-e0bd1b209a2d06d86c06ea254f838b85 .av-special-heading-tag .heading-char{\nfont-size:25px;\n}\n.av-special-heading.av-av_heading-e0bd1b209a2d06d86c06ea254f838b85 .special-heading-inner-border{\nborder-color:#000000;\n}\n.av-special-heading.av-av_heading-e0bd1b209a2d06d86c06ea254f838b85 .av-subheading{\nfont-size:15px;\n}\n<\/style>\n<div  class='av-special-heading av-av_heading-e0bd1b209a2d06d86c06ea254f838b85 av-special-heading-h1 custom-color-heading  avia-builder-el-0  el_before_av_one_half  avia-builder-el-first '><h1 class='av-special-heading-tag'  itemprop=\"headline\"  >Buceo en el Parque Nacional Coiba<\/h1><div class=\"special-heading-border\"><div class=\"special-heading-inner-border\"><\/div><\/div><\/div>\n<div  class='flex_column av-bfrgh5-25d20587715b3e7e519f4b0b806fe5b5 av_one_half  avia-builder-el-1  el_after_av_heading  el_before_av_one_half  first flex_column_div  '     ><p>\n<style type=\"text\/css\" data-created_by=\"avia_inline_auto\" id=\"style-css-av-8i8di1-a95c974cb1645e1aacb77d8fa27e7b15\">\n.avia-image-container.av-8i8di1-a95c974cb1645e1aacb77d8fa27e7b15 img.avia_image{\nbox-shadow:none;\n}\n.avia-image-container.av-8i8di1-a95c974cb1645e1aacb77d8fa27e7b15 .av-image-caption-overlay-center{\ncolor:#ffffff;\n}\n<\/style>\n<div  class='avia-image-container av-8i8di1-a95c974cb1645e1aacb77d8fa27e7b15 av-styling- avia-align-center  avia-builder-el-2  el_before_av_textblock  avia-builder-el-first '   itemprop=\"image\" itemscope=\"itemscope\" itemtype=\"https:\/\/schema.org\/ImageObject\" ><div class=\"avia-image-container-inner\"><div class=\"avia-image-overlay-wrap\"><img decoding=\"async\" class='wp-image-11274 avia-img-lazy-loading-not-11274 avia_image ' src=\"https:\/\/panamafreediving.com\/wp-content\/uploads\/2020\/06\/Coiba-barracudas-845x684.jpg\" alt='barracuda-diving-coiba-panama' title='Coiba barracudas'  height=\"684\" width=\"845\"  itemprop=\"thumbnailUrl\" srcset=\"https:\/\/panamafreediving.com\/wp-content\/uploads\/2020\/06\/Coiba-barracudas-845x684.jpg 845w, https:\/\/panamafreediving.com\/wp-content\/uploads\/2020\/06\/Coiba-barracudas-495x400.jpg 495w\" sizes=\"(max-width: 845px) 100vw, 845px\" \/><\/div><\/div><\/div><br \/>\n<section  class='av_textblock_section av-67zrpl-61221401baabdd067efdbb2adb7561f7 '   itemscope=\"itemscope\" itemtype=\"https:\/\/schema.org\/CreativeWork\" ><div class='avia_textblock'  itemprop=\"text\" ><h5><span style=\"text-decoration: underline; color: #000000;\"><strong>Perfil<\/strong><\/span><\/h5>\n<p><span style=\"color: #000000;\">Nuestras inmersiones se planifican para durar unos 50 minutos, dependiendo de las condiciones y el consumo de aire y las profundidades var\u00edan de 10 a 30 metros. El buceo es adecuado para todos los niveles y basamos nuestras elecciones de los sitios de acuerdo a la experiencia de los buzos, la temporada, y las condiciones meteorol\u00f3gicas y del mar. Las corrientes pueden variar entre muy leve a muy fuerte, incluso en un mismo d\u00eda. La mayor parte del a\u00f1o por lo general disfrutamos de agua entre 26 y 30 grados cent\u00edgrados. Sin embargo, desde mediados de marzo hasta principios de junio pueden haber termoclinas en las que la temperatura del agua oscila entre 18 y 24 grados cent\u00edgrados.<\/span><\/p>\n<h5><span style=\"text-decoration: underline; color: #000000;\">Precios<\/span><\/h5>\n<p><span style=\"color: #000000;\"><u><\/u>El buceo cuesta $140 para dos, $160 para tres inmersiones. En temporada de lluvia no podemos garantizar el tercer tanque por motivos clim\u00e1ticos y seguridad, por lo tanto, la diferencia de $20 ser\u00e1 pagada cuando regresemos a Santa Catalina.<\/span><\/p>\n<p><span style=\"color: #000000;\"><span style=\"text-decoration: underline;\">Incluye:<\/span>\u00a0equipo (tambi\u00e9n el computador de buceo), sandwich, fruta y agua<\/span><\/p>\n<p><span style=\"color: #000000;\"><span style=\"text-decoration: underline;\">No incluye:<\/span>\u00a0entradas al parque nacional, $20 extranjeros, $5 paname\u00f1os y residentes (estas se deben pagar en efectivo).<\/span><\/p>\n<p><span style=\"color: #000000;\"><span style=\"text-decoration: underline; color: #0000ff;\"><a style=\"color: #0000ff; text-decoration: underline;\" href=\"https:\/\/panamafreediving.com\/es\/contacto\/\" target=\"_blank\" rel=\"noopener noreferrer\">Cont\u00e1ctanos<\/a>\u00a0<\/span>si tienes alguna otra duda.<\/span><\/p>\n<\/div><\/section><\/p><\/div>\n<style type=\"text\/css\" data-created_by=\"avia_inline_auto\" id=\"style-css-av-7jfl6x-27d9bb046f80493cf1f987c8d6219189\">\n.flex_column.av-7jfl6x-27d9bb046f80493cf1f987c8d6219189{\nborder-radius:0px 0px 0px 0px;\npadding:0px 0px 0px 0px;\n}\n<\/style>\n<div  class='flex_column av-7jfl6x-27d9bb046f80493cf1f987c8d6219189 av_one_half  avia-builder-el-4  el_after_av_one_half  el_before_av_button  flex_column_div av-zero-column-padding  '     ><section  class='av_textblock_section av-67zrpl-61221401baabdd067efdbb2adb7561f7 '   itemscope=\"itemscope\" itemtype=\"https:\/\/schema.org\/CreativeWork\" ><div class='avia_textblock'  itemprop=\"text\" ><h5><span style=\"text-decoration: underline; color: #000000;\">Viajes para buzos certificados<\/span><\/h5>\n<p><span style=\"color: #000000;\">Realizamos viajes de buceo diarios desde Santa Catalina. Nos reunimos en el centro de buceo para tomar un caf\u00e9 y el briefing a las 7.30 am, despu\u00e9s del cual bajamos a la playa y nos encaminamos al parque nacional. La traves\u00eda en bote a los sitios de buceo dura aproximadamente una hora y treinta minutos. Hacemos dos o tres inmersiones al d\u00eda, seg\u00fan lo que prefieras y (ocasionalmente) las condiciones clim\u00e1ticas, y solemos regresar entre las 15.30 y las 16.00. Todos los sitios de buceo se encuentran en el Parque Nacional de Coiba, que cubre una serie de hermosas islas, incluidas Coiba, Isla Rancher\u00eda, Canales y el \u00e1rea de Contreras (consulta la secci\u00f3n \u00abOtros Viajes\u00bb mas informaci\u00f3n sobre el buceo aqu\u00ed). A menudo nos detenemos para un breve almuerzo en la estaci\u00f3n de guarda parques en Coiba, hogar de monos salvajes, \u00f1eques, cocodrilos, iguanas y una incre\u00edble vida de aves, o en una de las otras hermosas playas que se encuentran en el parque.<\/span><\/p>\n<h5><span style=\"text-decoration: underline; color: #000000;\"><strong>Que puedes ver<\/strong><\/span><\/h5>\n<p><span style=\"color: #000000;\">Aunque esta \u00e1rea del mundo no est\u00e1 bendecida con coloridos arrecifes de coral, la cantidad de vida que se puede encontrar es asombrosa. Nuestros residentes locales incluyen tiburon punta blanca, tortuga, delf\u00edn, raya \u00e1guila, raya diablo, langosta, caballito de mar, pez sapo, jurel aleta azul, barracuda, morena, wahoo, pargo y por supuesto un mont\u00f3n de coloridos peces mariposa y peces loro. Si hay plancton, tambi\u00e9n puedes tener suerte y encontrarte con un tibur\u00f3n ballena o una manta gigante. De julio a septiembre, a menudo tambi\u00e9n vemos ballena jorobada en superficie. Echale un vistazo a nuestra <a style=\"color: #000000;\" href=\"https:\/\/panamafreediving.com\/es\/panama-dive-center-galleria\/\" target=\"_blank\" rel=\"noopener noreferrer\"><span style=\"text-decoration: underline;\"><span style=\"color: #0000ff; text-decoration: underline;\">galer\u00eda<\/span><\/span><\/a>.<\/span><\/p>\n<\/div><\/section><br \/>\n\n<style type=\"text\/css\" data-created_by=\"avia_inline_auto\" id=\"style-css-av-8i8di1-f1ee78794eb3f195a81e5c0a7d1e9661\">\n.avia-image-container.av-8i8di1-f1ee78794eb3f195a81e5c0a7d1e9661 img.avia_image{\nbox-shadow:none;\n}\n.avia-image-container.av-8i8di1-f1ee78794eb3f195a81e5c0a7d1e9661 .av-image-caption-overlay-center{\ncolor:#ffffff;\n}\n<\/style>\n<div  class='avia-image-container av-8i8di1-f1ee78794eb3f195a81e5c0a7d1e9661 av-styling- avia-align-center  avia-builder-el-6  el_after_av_textblock  avia-builder-el-last '   itemprop=\"image\" itemscope=\"itemscope\" itemtype=\"https:\/\/schema.org\/ImageObject\" ><div class=\"avia-image-container-inner\"><div class=\"avia-image-overlay-wrap\"><img decoding=\"async\" class='wp-image-11282 avia-img-lazy-loading-not-11282 avia_image ' src=\"https:\/\/panamafreediving.com\/wp-content\/uploads\/2020\/06\/Coiba-stingray-845x684.jpg\" alt='stingray-diving-coiba-panama' title='Coiba stingray'  height=\"684\" width=\"845\"  itemprop=\"thumbnailUrl\" srcset=\"https:\/\/panamafreediving.com\/wp-content\/uploads\/2020\/06\/Coiba-stingray-845x684.jpg 845w, https:\/\/panamafreediving.com\/wp-content\/uploads\/2020\/06\/Coiba-stingray-495x400.jpg 495w\" sizes=\"(max-width: 845px) 100vw, 845px\" \/><\/div><\/div><\/div><\/p><\/div><\/p>\n<div  class='avia-button-wrap av-2awohl-cbbc70aa4d2f11c0d9a73ee2e802f9da-wrap avia-button-center  avia-builder-el-7  el_after_av_one_half  el_before_av_hr '><a href='https:\/\/panamadivecenter.rezdy.com\/74187\/2-or-3-fun-dives-at-coiba-national-park' class='avia-button av-2awohl-cbbc70aa4d2f11c0d9a73ee2e802f9da avia-icon_select-yes-left-icon avia-size-small avia-position-center avia-color-theme-color' target=\"_blank\" rel=\"noopener noreferrer\"><span class='avia_button_icon avia_button_icon_left' aria-hidden='true' data-av_icon='\ue8ce' data-av_iconfont='entypo-fontello'><\/span><span class='avia_iconbox_title' >Reservar ahora!<\/span><\/a><\/div>\n<div  class='hr av-4glqxl-8fb8ac64990eb58bc56b052f79d8473a hr-short  avia-builder-el-8  el_after_av_button  avia-builder-el-last  hr-center'><span class='hr-inner '><span class=\"hr-inner-style\"><\/span><\/span><\/div>\n","protected":false},"excerpt":{"rendered":"","protected":false},"author":2,"featured_media":0,"parent":0,"menu_order":0,"comment_status":"closed","ping_status":"open","template":"","meta":{"footnotes":""},"class_list":["post-3887","page","type-page","status-publish","hentry"],"yoast_head":"<!-- This site is optimized with the Yoast SEO Premium plugin v15.4 - https:\/\/yoast.com\/wordpress\/plugins\/seo\/ -->\n<title>Buceo en Coiba Informaci\u00f3n General - Panama Dive Center<\/title>\n<meta name=\"description\" content=\"Hacemos viajes diarios al Parque Nacional Coiba.\" \/>\n<meta name=\"robots\" content=\"index, follow, max-snippet:-1, max-image-preview:large, max-video-preview:-1\" \/>\n<link rel=\"canonical\" href=\"https:\/\/panamafreediving.com\/es\/coiba-panama-informacion-scuba\/\" \/>\n<meta property=\"og:locale\" content=\"es_ES\" \/>\n<meta property=\"og:type\" content=\"article\" \/>\n<meta property=\"og:title\" content=\"Buceo en Coiba Informaci\u00f3n General - Panama Dive Center\" \/>\n<meta property=\"og:description\" content=\"Hacemos viajes diarios al Parque Nacional Coiba.\" \/>\n<meta property=\"og:url\" content=\"https:\/\/panamafreediving.com\/es\/coiba-panama-informacion-scuba\/\" \/>\n<meta property=\"og:site_name\" content=\"Panama Freediving\" \/>\n<meta property=\"article:publisher\" content=\"https:\/\/www.facebook.com\/padipanamadivecenter\" \/>\n<meta property=\"article:modified_time\" content=\"2020-12-17T20:31:09+00:00\" \/>\n<meta name=\"twitter:card\" content=\"summary_large_image\" \/>\n<meta name=\"twitter:label1\" content=\"Escrito por\">\n\t<meta name=\"twitter:data1\" content=\"Sabina Schreck\">\n\t<meta name=\"twitter:label2\" content=\"Tiempo de lectura\">\n\t<meta name=\"twitter:data2\" content=\"4 minutos\">\n<script type=\"application\/ld+json\" class=\"yoast-schema-graph\">{\"@context\":\"https:\/\/schema.org\",\"@graph\":[{\"@type\":\"Organization\",\"@id\":\"https:\/\/panamafreediving.com\/#organization\",\"name\":\"Panama Free Diving\",\"url\":\"https:\/\/panamafreediving.com\/\",\"sameAs\":[\"https:\/\/www.facebook.com\/padipanamadivecenter\",\"https:\/\/www.instagram.com\/panama_dive_center\/\",\"https:\/\/www.youtube.com\/channel\/UCamRbdZ7Ysol_Lqxp0UWJPA\"],\"logo\":{\"@type\":\"ImageObject\",\"@id\":\"https:\/\/panamafreediving.com\/#logo\",\"inLanguage\":\"es\",\"url\":\"https:\/\/panamafreediving.com\/wp-content\/uploads\/2017\/12\/RAYFB.jpg\",\"width\":1026,\"height\":1026,\"caption\":\"Panama Free Diving\"},\"image\":{\"@id\":\"https:\/\/panamafreediving.com\/#logo\"}},{\"@type\":\"WebSite\",\"@id\":\"https:\/\/panamafreediving.com\/#website\",\"url\":\"https:\/\/panamafreediving.com\/\",\"name\":\"Panama Freediving\",\"description\":\"Freediving in Panama\",\"publisher\":{\"@id\":\"https:\/\/panamafreediving.com\/#organization\"},\"potentialAction\":[{\"@type\":\"SearchAction\",\"target\":\"https:\/\/panamafreediving.com\/?s={search_term_string}\",\"query-input\":\"required name=search_term_string\"}],\"inLanguage\":\"es\"},{\"@type\":\"WebPage\",\"@id\":\"https:\/\/panamafreediving.com\/es\/coiba-panama-informacion-scuba\/#webpage\",\"url\":\"https:\/\/panamafreediving.com\/es\/coiba-panama-informacion-scuba\/\",\"name\":\"Buceo en Coiba Informaci\\u00f3n General - Panama Dive Center\",\"isPartOf\":{\"@id\":\"https:\/\/panamafreediving.com\/#website\"},\"datePublished\":\"2015-03-17T19:00:20+00:00\",\"dateModified\":\"2020-12-17T20:31:09+00:00\",\"description\":\"Hacemos viajes diarios al Parque Nacional Coiba.\",\"inLanguage\":\"es\",\"potentialAction\":[{\"@type\":\"ReadAction\",\"target\":[\"https:\/\/panamafreediving.com\/es\/coiba-panama-informacion-scuba\/\"]}]}]}<\/script>\n<!-- \/ Yoast SEO Premium plugin. -->","_links":{"self":[{"href":"https:\/\/panamafreediving.com\/es\/wp-json\/wp\/v2\/pages\/3887\/"}],"collection":[{"href":"https:\/\/panamafreediving.com\/es\/wp-json\/wp\/v2\/pages\/"}],"about":[{"href":"https:\/\/panamafreediving.com\/es\/wp-json\/wp\/v2\/types\/page\/"}],"author":[{"embeddable":true,"href":"https:\/\/panamafreediving.com\/es\/wp-json\/wp\/v2\/users\/2\/"}],"replies":[{"embeddable":true,"href":"https:\/\/panamafreediving.com\/es\/wp-json\/wp\/v2\/comments\/?post=3887"}],"version-history":[{"count":25,"href":"https:\/\/panamafreediving.com\/es\/wp-json\/wp\/v2\/pages\/3887\/revisions\/"}],"predecessor-version":[{"id":24847,"href":"https:\/\/panamafreediving.com\/es\/wp-json\/wp\/v2\/pages\/3887\/revisions\/24847\/"}],"wp:attachment":[{"href":"https:\/\/panamafreediving.com\/es\/wp-json\/wp\/v2\/media\/?parent=3887"}],"curies":[{"name":"wp","href":"https:\/\/api.w.org\/{rel}","templated":true}]}}