{"id":3793,"date":"2013-04-07T17:44:22","date_gmt":"2013-04-07T17:44:22","guid":{"rendered":"http:\/\/panamadivecenter.com\/?page_id=3793"},"modified":"2022-07-07T12:00:36","modified_gmt":"2022-07-07T12:00:36","slug":"scuba-diving-coiba-national-marine-park-2","status":"publish","type":"page","link":"https:\/\/panamafreediving.com\/es\/","title":{"rendered":"Freediving en Panama"},"content":{"rendered":"<div   class='avia-fullscreen-slider main_color   avia-builder-el-0  el_before_av_textblock  avia-builder-el-first  container_wrap sidebar_right'  ><div  class='avia-slideshow av-l4eeohmj-25bb289ec25ecef6ff3d8ac78a940b99 avia-slideshow-large av_fullscreen avia-slide-slider av-slideshow-ui av-control-default av-slideshow-manual av-loop-once av-loop-manual-endless av-default-height-applied   avia-slideshow-1' data-slideshow-options=\"{&quot;animation&quot;:&quot;slide&quot;,&quot;autoplay&quot;:false,&quot;loop_autoplay&quot;:&quot;once&quot;,&quot;interval&quot;:5,&quot;loop_manual&quot;:&quot;manual-endless&quot;,&quot;autoplay_stopper&quot;:false,&quot;noNavigation&quot;:false,&quot;bg_slider&quot;:true,&quot;keep_padding&quot;:false,&quot;hoverpause&quot;:false,&quot;show_slide_delay&quot;:0,&quot;slide_height&quot;:&quot;100&quot;,&quot;image_attachment&quot;:&quot;&quot;}\"  itemprop=\"image\" itemscope=\"itemscope\" itemtype=\"https:\/\/schema.org\/ImageObject\" ><ul class='avia-slideshow-inner ' style='padding-bottom: 66.699029126214%;'><li style='background-position:center center;' data-img-url='https:\/\/panamafreediving.com\/wp-content\/uploads\/2022\/06\/Sabina_CreditMe_@Soulfocus_Media-21-1030x687.jpg' class='avia-slideshow-slide av-l4eeohmj-25bb289ec25ecef6ff3d8ac78a940b99__0  av-single-slide slide-1 slide-odd'><div data-rel='slideshow-1' class='avia-slide-wrap '   ><\/div><\/li><\/ul><\/div><\/div><div id='after_full_slider_1'  class='main_color av_default_container_wrap container_wrap sidebar_right'  ><div class='container av-section-cont-open' ><div class='template-page content  av-content-small alpha units'><div class='post-entry post-entry-type-page post-entry-3793'><div class='entry-content-wrapper clearfix'>\n<section  class='av_textblock_section av-l52e3tjv-abe2097184345065c3fc26cb6db3e578 '   itemscope=\"itemscope\" itemtype=\"https:\/\/schema.org\/CreativeWork\" ><div class='avia_textblock'  itemprop=\"text\" ><h3><span style=\"color: #000000;\">CURSO DE APNEA<\/span><\/h3>\n<p><span style=\"font-weight: 400; color: #000000;\">Las razones para querer probar la apnea son tan variadas como los peces en el mar.<\/span><\/p>\n<p><span style=\"font-weight: 400; color: #000000;\">Es posible que est\u00e9s buscando cambiar tu relaci\u00f3n con el oc\u00e9ano y sus criaturas, encontrar una nueva forma de meditaci\u00f3n, retar tus l\u00edmites personales, aliviar la ansiedad y el estr\u00e9s, o mejorar tus habilidades de relajaci\u00f3n y contenci\u00f3n de la respiraci\u00f3n en el agua.<\/span><\/p>\n<p><span style=\"font-weight: 400; color: #000000;\">No importa cu\u00e1l sea tu motivaci\u00f3n, este curso de Freediver es el comienzo perfecto para un viaje en el que har\u00e1s m\u00e1s grande y cercana tu conexi\u00f3n con el oc\u00e9ano y contigo mismo. Si ya tienes algo de experiencia, pero no tienes un entrenamiento formal, este curso de certificaci\u00f3n te ense\u00f1ar\u00e1 un poco m\u00e1s sobre lo maravilloso y capaz que es tu cuerpo en realidad. Aprender\u00e1s c\u00f3mo aprovechar sus capacidades innatas y c\u00f3mo hacer de cada inmersi\u00f3n en la profundidad un viaje de autodescubrimiento completamente seguro.<\/span><\/p>\n<p><span style=\"font-weight: 400; color: #000000;\">Para inscribirte en el curso \u201cApnea Total Freediver\u201d debes tener al menos 15 a\u00f1os. Necesitas habilidades de nataci\u00f3n adecuadas y estar en buena salud f\u00edsica. No se requiere experiencia previa con esn\u00f3rquel, submarinismo o apnea.<\/span><\/p>\n<p><span style=\"text-decoration: underline;\"><strong><span style=\"color: #000000; text-decoration: underline;\">Este curso de dos d\u00edas incluye:<\/span><\/strong><\/span><\/p>\n<ul>\n<li style=\"font-weight: 400;\" aria-level=\"1\"><span style=\"font-weight: 400; color: #000000;\">Dos presentaciones te\u00f3ricas dirigidas por un instructor durante las cuales aprender\u00e1s sobre diferentes disciplinas de apnea, equipo de apnea, t\u00e9cnicas de respiraci\u00f3n, ecualizaci\u00f3n, habilidades en el agua y procedimientos de seguridad.<\/span><\/li>\n<li style=\"font-weight: 400;\" aria-level=\"1\"><span style=\"font-weight: 400; color: #000000;\">Dos sesiones de aguas abiertas para practicar inmersi\u00f3n libre y apnea de peso constante, y los procedimientos adecuados de compa\u00f1ero y seguridad (profundidades entre 12 y 20 metros).<\/span><\/li>\n<\/ul>\n<p><span style=\"color: #000000;\"><span style=\"text-decoration: underline;\"><span style=\"font-weight: 400;\">Precio<\/span><\/span><span style=\"font-weight: 400;\"><span style=\"text-decoration: underline;\">:<\/span> $375 (incluye equipo de alquiler, certificaci\u00f3n en l\u00ednea, materiales del curso en l\u00ednea)<\/span><\/span><\/p>\n<\/div><\/section>\n\n<style type=\"text\/css\" data-created_by=\"avia_inline_auto\" id=\"style-css-av-l52lx6rk-2d738c2d55b1ab90c3b940431f0a916d\">\n.av_font_icon.av-l52lx6rk-2d738c2d55b1ab90c3b940431f0a916d{\ncolor:#197de8;\nborder-color:#197de8;\n}\n.av_font_icon.av-l52lx6rk-2d738c2d55b1ab90c3b940431f0a916d .av-icon-char{\nfont-size:40px;\nline-height:40px;\nwidth:40px;\n}\n<\/style>\n<span  class='av_font_icon av-l52lx6rk-2d738c2d55b1ab90c3b940431f0a916d avia_animate_when_visible av-icon-style-border avia-icon-pos-center avia-icon-animate'><a href='https:\/\/panamafreediving.com\/es\/panama-dive-center-contact\/'  target=\"_blank\"  rel=\"noopener noreferrer\"  class='av-icon-char' aria-hidden='true' data-av_icon='\ue837' data-av_iconfont='entypo-fontello' data-avia-icon-tooltip=\"&lt;br \/&gt;\nContact Us&lt;br \/&gt;\n\"><\/a><span class='av_icon_caption av-special-font'>Contacto<\/span><\/span>\n<\/div><\/div><\/div><!-- close content main div --><\/div><\/div><div   class='avia-fullscreen-slider main_color   avia-builder-el-3  el_after_av_font_icon  el_before_av_one_full  slider-not-first container_wrap sidebar_right'  ><div  class='avia-slideshow av-l52ea26c-08dfc3167642b36b174aa7dcb31439d6 avia-slideshow-large av_fullscreen avia-slide-slider av-slideshow-ui av-control-default av-slideshow-manual av-loop-once av-loop-manual-endless av-default-height-applied   avia-slideshow-2' data-slideshow-options=\"{&quot;animation&quot;:&quot;slide&quot;,&quot;autoplay&quot;:false,&quot;loop_autoplay&quot;:&quot;once&quot;,&quot;interval&quot;:5,&quot;loop_manual&quot;:&quot;manual-endless&quot;,&quot;autoplay_stopper&quot;:false,&quot;noNavigation&quot;:false,&quot;bg_slider&quot;:true,&quot;keep_padding&quot;:false,&quot;hoverpause&quot;:false,&quot;show_slide_delay&quot;:0,&quot;slide_height&quot;:&quot;100&quot;,&quot;image_attachment&quot;:&quot;&quot;}\"  itemprop=\"image\" itemscope=\"itemscope\" itemtype=\"https:\/\/schema.org\/ImageObject\" ><ul class='avia-slideshow-inner ' style='padding-bottom: 75.04854368932%;'><li style='background-position:center center;' data-img-url='https:\/\/panamafreediving.com\/wp-content\/uploads\/2022\/07\/Freediving-static-apnea-Ani.-1030x773.jpg' class='avia-slideshow-slide av-l52ea26c-08dfc3167642b36b174aa7dcb31439d6__0  av-single-slide slide-1 slide-odd'><div data-rel='slideshow-2' class='avia-slide-wrap '   ><\/div><\/li><\/ul><\/div><\/div><div id='after_full_slider_2'  class='main_color av_default_container_wrap container_wrap sidebar_right'  ><div class='container av-section-cont-open' ><div class='template-page content  av-content-small alpha units'><div class='post-entry post-entry-type-page post-entry-3793'><div class='entry-content-wrapper clearfix'>\n<div  class='flex_column av-5qunq4-228a4371db88f2bd62c758253c35b50d av_one_full  avia-builder-el-4  el_after_av_fullscreen  el_before_av_font_icon  avia-builder-el-first  first flex_column_div  '     ><section  class='av_textblock_section av-l52eb1ij-3e7c2f77e15c19bfeb36b0aa6c9a04eb '   itemscope=\"itemscope\" itemtype=\"https:\/\/schema.org\/CreativeWork\" ><div class='avia_textblock'  itemprop=\"text\" ><h3><span style=\"color: #000000;\">CURSO DE APNEA AVANZADO<\/span><\/h3>\n<p><span style=\"font-weight: 400; color: #000000;\">Si te apuntas al curso Advanced Freediver es porque ya entiendes la raz\u00f3n por la cual la apnea se est\u00e1 convirtiendo en una forma popular de explorar el mundo bajo las olas y quieres saber m\u00e1s sobre c\u00f3mo despertar los asombrosos poderes que yacen latentes en tu cuerpo.<\/span><\/p>\n<p><span style=\"font-weight: 400; color: #000000;\">Tal vez quieras ir m\u00e1s profundo y ver si puedes llegar hasta los 30 metros o m\u00e1s. Tal vez est\u00e9 buscando extender su tiempo para sostener la respiraci\u00f3n durante la apnea est\u00e1tica, agudizar la conciencia en los mensajes que el cuerpo env\u00eda o trabajar m\u00e9todos para calmar la mente y encontrar ese lugar de paz y tranquilidad absolutas.<\/span><\/p>\n<p><span style=\"font-weight: 400; color: #000000;\">Puedes esperar explorar todo esto y m\u00e1s durante el curso Advanced Freediver.<\/span><\/p>\n<p><strong><span style=\"text-decoration: underline;\"><span style=\"color: #000000; text-decoration: underline;\">Este curso de tres d\u00edas incluye<\/span><\/span><\/strong><\/p>\n<ul>\n<li style=\"font-weight: 400;\" aria-level=\"1\"><span style=\"font-weight: 400; color: #000000;\">Apnea est\u00e1tica: teor\u00eda, pr\u00e1ctica en seco y sesi\u00f3n en piscina<\/span><\/li>\n<li style=\"font-weight: 400;\" aria-level=\"1\"><span style=\"font-weight: 400; color: #000000;\">Dos presentaciones te\u00f3ricas durante las cuales aprender\u00e1 sobre t\u00e9cnicas avanzadas de respiraci\u00f3n, buceo con exhalaci\u00f3n y t\u00e9cnicas de buceo profundo.<\/span><\/li>\n<li style=\"font-weight: 400;\" aria-level=\"1\"><span style=\"font-weight: 400; color: #000000;\">Dos sesiones de aguas abiertas (profundidades de hasta 30 metros).<\/span><\/li>\n<\/ul>\n<p><span style=\"color: #000000;\"><span style=\"text-decoration: underline;\"><span style=\"font-weight: 400;\">Precio:<\/span><\/span><span style=\"font-weight: 400;\"> $420 (incluye equipo de alquiler, certificaci\u00f3n en l\u00ednea, materiales del curso en l\u00ednea)<\/span><\/span><\/p>\n<\/div><\/section><\/div>\n\n<style type=\"text\/css\" data-created_by=\"avia_inline_auto\" id=\"style-css-av-3qykfg-38777273785c246a8c56a24c4dd575c2\">\n.av_font_icon.av-3qykfg-38777273785c246a8c56a24c4dd575c2{\ncolor:#197de8;\nborder-color:#197de8;\n}\n.av_font_icon.av-3qykfg-38777273785c246a8c56a24c4dd575c2 .av-icon-char{\nfont-size:40px;\nline-height:40px;\nwidth:40px;\n}\n<\/style>\n<span  class='av_font_icon av-3qykfg-38777273785c246a8c56a24c4dd575c2 avia_animate_when_visible av-icon-style-border avia-icon-pos-center avia-icon-animate'><a href='https:\/\/panamafreediving.com\/es\/panama-dive-center-contact\/'  target=\"_blank\"  rel=\"noopener noreferrer\"  class='av-icon-char' aria-hidden='true' data-av_icon='\ue837' data-av_iconfont='entypo-fontello' data-avia-icon-tooltip=\"&lt;br \/&gt;\nContact Us&lt;br \/&gt;\n\"><\/a><span class='av_icon_caption av-special-font'>Contacto<\/span><\/span>\n<div  class='hr av-2bqfjg-4f1000c53c0807924bb09174c0f276c4 hr-short  avia-builder-el-7  el_after_av_font_icon  avia-builder-el-last  hr-center'><span class='hr-inner '><span class=\"hr-inner-style\"><\/span><\/span><\/div>\n","protected":false},"excerpt":{"rendered":"<p>This is a Page excerpt. It will be displayed for search results<\/p>\n","protected":false},"author":2,"featured_media":0,"parent":0,"menu_order":0,"comment_status":"open","ping_status":"open","template":"","meta":{"footnotes":""},"class_list":["post-3793","page","type-page","status-publish","hentry"],"yoast_head":"<!-- This site is optimized with the Yoast SEO Premium plugin v15.4 - https:\/\/yoast.com\/wordpress\/plugins\/seo\/ -->\n<title>Panama Dive Center | Diving Coiba National Park | Santa Catalina |<\/title>\n<meta name=\"description\" content=\"The first 5 Star PADI Dive Resort in Santa Catalina. We offer daily dives and PADI Courses to Coiba National Park, the top scuba diving location in Panama!\" \/>\n<meta name=\"robots\" content=\"index, follow, max-snippet:-1, max-image-preview:large, max-video-preview:-1\" \/>\n<link rel=\"canonical\" href=\"https:\/\/panamafreediving.com\/es\/\" \/>\n<meta property=\"og:locale\" content=\"es_ES\" \/>\n<meta property=\"og:type\" content=\"article\" \/>\n<meta property=\"og:title\" content=\"Panama Dive Center | Diving Coiba National Park | Santa Catalina |\" \/>\n<meta property=\"og:description\" content=\"The first 5 Star PADI Dive Resort in Santa Catalina. We offer daily dives and PADI Courses to Coiba National Park, the top scuba diving location in Panama!\" \/>\n<meta property=\"og:url\" content=\"https:\/\/panamafreediving.com\/es\/\" \/>\n<meta property=\"og:site_name\" content=\"Panama Freediving\" \/>\n<meta property=\"article:publisher\" content=\"https:\/\/www.facebook.com\/padipanamadivecenter\" \/>\n<meta property=\"article:modified_time\" content=\"2022-07-07T12:00:36+00:00\" \/>\n<meta name=\"twitter:card\" content=\"summary_large_image\" \/>\n<meta name=\"twitter:label1\" content=\"Escrito por\">\n\t<meta name=\"twitter:data1\" content=\"Sabina Schreck\">\n\t<meta name=\"twitter:label2\" content=\"Tiempo de lectura\">\n\t<meta name=\"twitter:data2\" content=\"6 minutos\">\n<script type=\"application\/ld+json\" class=\"yoast-schema-graph\">{\"@context\":\"https:\/\/schema.org\",\"@graph\":[{\"@type\":\"Organization\",\"@id\":\"https:\/\/panamafreediving.com\/#organization\",\"name\":\"Panama Free Diving\",\"url\":\"https:\/\/panamafreediving.com\/\",\"sameAs\":[\"https:\/\/www.facebook.com\/padipanamadivecenter\",\"https:\/\/www.instagram.com\/panama_dive_center\/\",\"https:\/\/www.youtube.com\/channel\/UCamRbdZ7Ysol_Lqxp0UWJPA\"],\"logo\":{\"@type\":\"ImageObject\",\"@id\":\"https:\/\/panamafreediving.com\/#logo\",\"inLanguage\":\"es\",\"url\":\"https:\/\/panamafreediving.com\/wp-content\/uploads\/2017\/12\/RAYFB.jpg\",\"width\":1026,\"height\":1026,\"caption\":\"Panama Free Diving\"},\"image\":{\"@id\":\"https:\/\/panamafreediving.com\/#logo\"}},{\"@type\":\"WebSite\",\"@id\":\"https:\/\/panamafreediving.com\/#website\",\"url\":\"https:\/\/panamafreediving.com\/\",\"name\":\"Panama Freediving\",\"description\":\"Freediving in Panama\",\"publisher\":{\"@id\":\"https:\/\/panamafreediving.com\/#organization\"},\"potentialAction\":[{\"@type\":\"SearchAction\",\"target\":\"https:\/\/panamafreediving.com\/?s={search_term_string}\",\"query-input\":\"required name=search_term_string\"}],\"inLanguage\":\"es\"},{\"@type\":\"WebPage\",\"@id\":\"https:\/\/panamafreediving.com\/es\/#webpage\",\"url\":\"https:\/\/panamafreediving.com\/es\/\",\"name\":\"Panama Dive Center | Diving Coiba National Park | Santa Catalina |\",\"isPartOf\":{\"@id\":\"https:\/\/panamafreediving.com\/#website\"},\"datePublished\":\"2013-04-07T17:44:22+00:00\",\"dateModified\":\"2022-07-07T12:00:36+00:00\",\"description\":\"The first 5 Star PADI Dive Resort in Santa Catalina. We offer daily dives and PADI Courses to Coiba National Park, the top scuba diving location in Panama!\",\"inLanguage\":\"es\",\"potentialAction\":[{\"@type\":\"ReadAction\",\"target\":[\"https:\/\/panamafreediving.com\/es\/\"]}]}]}<\/script>\n<!-- \/ Yoast SEO Premium plugin. -->","_links":{"self":[{"href":"https:\/\/panamafreediving.com\/es\/wp-json\/wp\/v2\/pages\/3793\/"}],"collection":[{"href":"https:\/\/panamafreediving.com\/es\/wp-json\/wp\/v2\/pages\/"}],"about":[{"href":"https:\/\/panamafreediving.com\/es\/wp-json\/wp\/v2\/types\/page\/"}],"author":[{"embeddable":true,"href":"https:\/\/panamafreediving.com\/es\/wp-json\/wp\/v2\/users\/2\/"}],"replies":[{"embeddable":true,"href":"https:\/\/panamafreediving.com\/es\/wp-json\/wp\/v2\/comments\/?post=3793"}],"version-history":[{"count":126,"href":"https:\/\/panamafreediving.com\/es\/wp-json\/wp\/v2\/pages\/3793\/revisions\/"}],"predecessor-version":[{"id":25523,"href":"https:\/\/panamafreediving.com\/es\/wp-json\/wp\/v2\/pages\/3793\/revisions\/25523\/"}],"wp:attachment":[{"href":"https:\/\/panamafreediving.com\/es\/wp-json\/wp\/v2\/media\/?parent=3793"}],"curies":[{"name":"wp","href":"https:\/\/api.w.org\/{rel}","templated":true}]}}