{"id":10710,"date":"2020-05-27T18:13:24","date_gmt":"2020-05-27T18:13:24","guid":{"rendered":"https:\/\/panamadivecenter.com\/descargos-de-responsabilidad\/"},"modified":"2020-08-20T20:56:34","modified_gmt":"2020-08-20T20:56:34","slug":"descargos-de-responsabilidad","status":"publish","type":"page","link":"https:\/\/panamafreediving.com\/es\/descargos-de-responsabilidad\/","title":{"rendered":"Descargos de Responsabilidad"},"content":{"rendered":"\n<style type=\"text\/css\" data-created_by=\"avia_inline_auto\" id=\"style-css-av-av_heading-c3c709dce531a33706d2b73a1fea1524\">\n#top .av-special-heading.av-av_heading-c3c709dce531a33706d2b73a1fea1524{\npadding-bottom:10px;\ncolor:#000000;\n}\nbody .av-special-heading.av-av_heading-c3c709dce531a33706d2b73a1fea1524 .av-special-heading-tag .heading-char{\nfont-size:25px;\n}\n.av-special-heading.av-av_heading-c3c709dce531a33706d2b73a1fea1524 .special-heading-inner-border{\nborder-color:#000000;\n}\n.av-special-heading.av-av_heading-c3c709dce531a33706d2b73a1fea1524 .av-subheading{\nfont-size:15px;\n}\n<\/style>\n<div  class='av-special-heading av-av_heading-c3c709dce531a33706d2b73a1fea1524 av-special-heading-h1 custom-color-heading  avia-builder-el-0  el_before_av_one_half  avia-builder-el-first '><h1 class='av-special-heading-tag'  itemprop=\"headline\"  >Descargos de Responsabilidad<\/h1><div class=\"special-heading-border\"><div class=\"special-heading-inner-border\"><\/div><\/div><\/div>\n\n<style type=\"text\/css\" data-created_by=\"avia_inline_auto\" id=\"style-css-av-8mtylb-3ce60a4f4b280877d28a5fb98f3dc71e\">\n.flex_column.av-8mtylb-3ce60a4f4b280877d28a5fb98f3dc71e{\nborder-radius:0px 0px 0px 0px;\npadding:0px 0px 0px 0px;\n}\n<\/style>\n<div  class='flex_column av-8mtylb-3ce60a4f4b280877d28a5fb98f3dc71e av_one_half  avia-builder-el-1  el_after_av_heading  el_before_av_one_half  first flex_column_div av-zero-column-padding  '     ><p>\n<style type=\"text\/css\" data-created_by=\"avia_inline_auto\" id=\"style-css-av-kapn759z-ca9cb63073338e0a85d06a4b0326cf9f\">\n#top .av_textblock_section.av-kapn759z-ca9cb63073338e0a85d06a4b0326cf9f .avia_textblock{\ncolor:#000000;\n}\n<\/style>\n<section  class='av_textblock_section av-kapn759z-ca9cb63073338e0a85d06a4b0326cf9f '   itemscope=\"itemscope\" itemtype=\"https:\/\/schema.org\/CreativeWork\" ><div class='avia_textblock av_inherit_color'  itemprop=\"text\" ><p><span style=\"color: #000000;\">Antes de bucear con nosotros, se te pedir\u00e1 que firmes un descargo de responsabilidad. No dudes en echar un vistazo a uno de los ejemplos a continuaci\u00f3n para ver de qu\u00e9 se trata. Cuando realices una reserva con nosotros, te enviaremos el enlace correspondiente para que ya puedas completarlo desde la comodidad de su propia computadora, acelerando el proceso de registro cuando llegues aqu\u00ed y asegur\u00e1ndote de que obtengas la autorizaci\u00f3n m\u00e9dica para bucear antes de llegar aqu\u00ed si es necesario.<\/span><\/p>\n<p><span style=\"color: #000000;\">Si tienes alguna duda a cerca de esto, no dudes en\u00a0<span style=\"text-decoration: underline;\"><span style=\"color: #0000ff;\"><a style=\"color: #0000ff; text-decoration: underline;\" href=\"https:\/\/panamafreediving.com\/es\/contacto\/\" target=\"_blank\" rel=\"noopener\">contactarnos.<\/a><\/span><\/span><\/span><\/p>\n<\/div><\/section><br \/>\n<div  class='avia-buttonrow-wrap av-k0vcpd2l-e8194f38364b24f4ef9fbc67ca830419 avia-buttonrow-center  avia-builder-el-3  el_after_av_textblock  avia-builder-el-last '>\n\n<style type=\"text\/css\" data-created_by=\"avia_inline_auto\" id=\"style-css-av-av_buttonrow_item-68c0b21786a96980e163979dbc37b75d\">\n#top #wrap_all .avia-button.av-av_buttonrow_item-68c0b21786a96980e163979dbc37b75d{\nmargin-bottom:10px;\nmargin-right:5px;\nmargin-left:5px;\n}\n<\/style>\n<a href='https:\/\/waiver.smartwaiver.com\/v\/fdwespanol\/' class='avia-button av-av_buttonrow_item-68c0b21786a96980e163979dbc37b75d avia-icon_select-yes-left-icon avia-size-small avia-color-theme-color' target=\"_blank\" rel=\"noopener noreferrer\"><span class='avia_button_icon avia_button_icon_left ' aria-hidden='true' data-av_icon='\ue840' data-av_iconfont='entypo-fontello'><\/span><span class='avia_iconbox_title' >Buzo Certificado<\/span><\/a>\n\n<style type=\"text\/css\" data-created_by=\"avia_inline_auto\" id=\"style-css-av-av_buttonrow_item-d57f87809361c3891618d50fec747dc3\">\n#top #wrap_all .avia-button.av-av_buttonrow_item-d57f87809361c3891618d50fec747dc3{\nmargin-bottom:10px;\nmargin-right:5px;\nmargin-left:5px;\n}\n<\/style>\n<a href='https:\/\/waiver.smartwaiver.com\/v\/dsdwespanol\/' class='avia-button av-av_buttonrow_item-d57f87809361c3891618d50fec747dc3 avia-icon_select-yes-left-icon avia-size-small avia-color-theme-color' target=\"_blank\" rel=\"noopener noreferrer\"><span class='avia_button_icon avia_button_icon_left ' aria-hidden='true' data-av_icon='\ue80b' data-av_iconfont='entypo-fontello'><\/span><span class='avia_iconbox_title' >Bautismo<\/span><\/a>\n\n<style type=\"text\/css\" data-created_by=\"avia_inline_auto\" id=\"style-css-av-av_buttonrow_item-6c48ac4da5033210acaf45c1c34c884e\">\n#top #wrap_all .avia-button.av-av_buttonrow_item-6c48ac4da5033210acaf45c1c34c884e{\nmargin-bottom:10px;\nmargin-right:5px;\nmargin-left:5px;\n}\n<\/style>\n<a href='https:\/\/waiver.smartwaiver.com\/v\/owdcwespanol\/' class='avia-button av-av_buttonrow_item-6c48ac4da5033210acaf45c1c34c884e avia-icon_select-yes-left-icon avia-size-small avia-color-theme-color' target=\"_blank\" rel=\"noopener noreferrer\"><span class='avia_button_icon avia_button_icon_left ' aria-hidden='true' data-av_icon='\ue82a' data-av_iconfont='entypo-fontello'><\/span><span class='avia_iconbox_title' >Curso Open Water<\/span><\/a>\n<\/div><\/p><\/div>\n<style type=\"text\/css\" data-created_by=\"avia_inline_auto\" id=\"style-css-av-8mtylb-3bc25262ef2e30d5b5b7f04e5aa7e9b5\">\n.flex_column.av-8mtylb-3bc25262ef2e30d5b5b7f04e5aa7e9b5{\nborder-radius:0px 0px 0px 0px;\npadding:0px 0px 0px 0px;\n}\n<\/style>\n<div  class='flex_column av-8mtylb-3bc25262ef2e30d5b5b7f04e5aa7e9b5 av_one_half  avia-builder-el-4  el_after_av_one_half  el_before_av_hr  flex_column_div av-zero-column-padding  '     ><style type=\"text\/css\" data-created_by=\"avia_inline_auto\" id=\"style-css-av-kapnio8m-ec0f3f6047dc4c381114990654f5e3f5\">\n.avia-image-container.av-kapnio8m-ec0f3f6047dc4c381114990654f5e3f5 img.avia_image{\nbox-shadow:none;\n}\n.avia-image-container.av-kapnio8m-ec0f3f6047dc4c381114990654f5e3f5 .av-image-caption-overlay-center{\ncolor:#ffffff;\nfont-size:40px;\n}\n<\/style>\n<div  class='avia-image-container av-kapnio8m-ec0f3f6047dc4c381114990654f5e3f5 av-styling- avia-align-center  avia-builder-el-5  avia-builder-el-no-sibling '   itemprop=\"image\" itemscope=\"itemscope\" itemtype=\"https:\/\/schema.org\/ImageObject\" ><div class=\"avia-image-container-inner\"><div class=\"avia-image-overlay-wrap\"><img decoding=\"async\" class='wp-image-10728 avia-img-lazy-loading-not-10728 avia_image ' src=\"https:\/\/panamafreediving.com\/wp-content\/uploads\/2020\/05\/porcupine-1030x687.jpg\" alt='Porcupine in Coiba' title='Liability Release'  height=\"687\" width=\"1030\"  itemprop=\"thumbnailUrl\" srcset=\"https:\/\/panamafreediving.com\/wp-content\/uploads\/2020\/05\/porcupine-1030x687.jpg 1030w, https:\/\/panamafreediving.com\/wp-content\/uploads\/2020\/05\/porcupine-450x300.jpg 450w, https:\/\/panamafreediving.com\/wp-content\/uploads\/2020\/05\/porcupine-300x200.jpg 300w, https:\/\/panamafreediving.com\/wp-content\/uploads\/2020\/05\/porcupine-768x512.jpg 768w, https:\/\/panamafreediving.com\/wp-content\/uploads\/2020\/05\/porcupine-1536x1024.jpg 1536w, https:\/\/panamafreediving.com\/wp-content\/uploads\/2020\/05\/porcupine-2048x1365.jpg 2048w, https:\/\/panamafreediving.com\/wp-content\/uploads\/2020\/05\/porcupine-1500x1000.jpg 1500w, https:\/\/panamafreediving.com\/wp-content\/uploads\/2020\/05\/porcupine-705x470.jpg 705w\" sizes=\"(max-width: 1030px) 100vw, 1030px\" \/><\/div><\/div><\/div><\/div><\/p>\n<div  class='hr av-ke39opjv-ac38219b9500f4dee4cf9f49cf0e1290 hr-short  avia-builder-el-6  el_after_av_one_half  avia-builder-el-last  hr-center'><span class='hr-inner '><span class=\"hr-inner-style\"><\/span><\/span><\/div>\n","protected":false},"excerpt":{"rendered":"","protected":false},"author":2,"featured_media":0,"parent":0,"menu_order":0,"comment_status":"closed","ping_status":"open","template":"","meta":{"footnotes":""},"class_list":["post-10710","page","type-page","status-publish","hentry"],"yoast_head":"<!-- This site is optimized with the Yoast SEO Premium plugin v15.4 - https:\/\/yoast.com\/wordpress\/plugins\/seo\/ -->\n<title>Diving Coiba National Park Prices | Santa Catalina | Panama Dive Center<\/title>\n<meta name=\"description\" content=\"El buceo en un lugar tan remoto como el Parque Nacional Coiba es excepcional. Una vez que vayas, ver\u00e1s por qu\u00e9 vale la pena.\" \/>\n<meta name=\"robots\" content=\"index, follow, max-snippet:-1, max-image-preview:large, max-video-preview:-1\" \/>\n<link rel=\"canonical\" href=\"https:\/\/panamafreediving.com\/es\/descargos-de-responsabilidad\/\" \/>\n<meta property=\"og:locale\" content=\"es_ES\" \/>\n<meta property=\"og:type\" content=\"article\" \/>\n<meta property=\"og:title\" content=\"Diving Coiba National Park Prices | Santa Catalina | Panama Dive Center\" \/>\n<meta property=\"og:description\" content=\"El buceo en un lugar tan remoto como el Parque Nacional Coiba es excepcional. Una vez que vayas, ver\u00e1s por qu\u00e9 vale la pena.\" \/>\n<meta property=\"og:url\" content=\"https:\/\/panamafreediving.com\/es\/descargos-de-responsabilidad\/\" \/>\n<meta property=\"og:site_name\" content=\"Panama Freediving\" \/>\n<meta property=\"article:publisher\" content=\"https:\/\/www.facebook.com\/padipanamadivecenter\" \/>\n<meta property=\"article:modified_time\" content=\"2020-08-20T20:56:34+00:00\" \/>\n<meta name=\"twitter:card\" content=\"summary_large_image\" \/>\n<meta name=\"twitter:label1\" content=\"Escrito por\">\n\t<meta name=\"twitter:data1\" content=\"Sabina Schreck\">\n\t<meta name=\"twitter:label2\" content=\"Tiempo de lectura\">\n\t<meta name=\"twitter:data2\" content=\"4 minutos\">\n<script type=\"application\/ld+json\" class=\"yoast-schema-graph\">{\"@context\":\"https:\/\/schema.org\",\"@graph\":[{\"@type\":\"Organization\",\"@id\":\"https:\/\/panamafreediving.com\/#organization\",\"name\":\"Panama Free Diving\",\"url\":\"https:\/\/panamafreediving.com\/\",\"sameAs\":[\"https:\/\/www.facebook.com\/padipanamadivecenter\",\"https:\/\/www.instagram.com\/panama_dive_center\/\",\"https:\/\/www.youtube.com\/channel\/UCamRbdZ7Ysol_Lqxp0UWJPA\"],\"logo\":{\"@type\":\"ImageObject\",\"@id\":\"https:\/\/panamafreediving.com\/#logo\",\"inLanguage\":\"es\",\"url\":\"https:\/\/panamafreediving.com\/wp-content\/uploads\/2017\/12\/RAYFB.jpg\",\"width\":1026,\"height\":1026,\"caption\":\"Panama Free Diving\"},\"image\":{\"@id\":\"https:\/\/panamafreediving.com\/#logo\"}},{\"@type\":\"WebSite\",\"@id\":\"https:\/\/panamafreediving.com\/#website\",\"url\":\"https:\/\/panamafreediving.com\/\",\"name\":\"Panama Freediving\",\"description\":\"Freediving in Panama\",\"publisher\":{\"@id\":\"https:\/\/panamafreediving.com\/#organization\"},\"potentialAction\":[{\"@type\":\"SearchAction\",\"target\":\"https:\/\/panamafreediving.com\/?s={search_term_string}\",\"query-input\":\"required name=search_term_string\"}],\"inLanguage\":\"es\"},{\"@type\":\"WebPage\",\"@id\":\"https:\/\/panamafreediving.com\/es\/descargos-de-responsabilidad\/#webpage\",\"url\":\"https:\/\/panamafreediving.com\/es\/descargos-de-responsabilidad\/\",\"name\":\"Diving Coiba National Park Prices | Santa Catalina | Panama Dive Center\",\"isPartOf\":{\"@id\":\"https:\/\/panamafreediving.com\/#website\"},\"datePublished\":\"2020-05-27T18:13:24+00:00\",\"dateModified\":\"2020-08-20T20:56:34+00:00\",\"description\":\"El buceo en un lugar tan remoto como el Parque Nacional Coiba es excepcional. Una vez que vayas, ver\\u00e1s por qu\\u00e9 vale la pena.\",\"inLanguage\":\"es\",\"potentialAction\":[{\"@type\":\"ReadAction\",\"target\":[\"https:\/\/panamafreediving.com\/es\/descargos-de-responsabilidad\/\"]}]}]}<\/script>\n<!-- \/ Yoast SEO Premium plugin. -->","_links":{"self":[{"href":"https:\/\/panamafreediving.com\/es\/wp-json\/wp\/v2\/pages\/10710\/"}],"collection":[{"href":"https:\/\/panamafreediving.com\/es\/wp-json\/wp\/v2\/pages\/"}],"about":[{"href":"https:\/\/panamafreediving.com\/es\/wp-json\/wp\/v2\/types\/page\/"}],"author":[{"embeddable":true,"href":"https:\/\/panamafreediving.com\/es\/wp-json\/wp\/v2\/users\/2\/"}],"replies":[{"embeddable":true,"href":"https:\/\/panamafreediving.com\/es\/wp-json\/wp\/v2\/comments\/?post=10710"}],"version-history":[{"count":11,"href":"https:\/\/panamafreediving.com\/es\/wp-json\/wp\/v2\/pages\/10710\/revisions\/"}],"predecessor-version":[{"id":13295,"href":"https:\/\/panamafreediving.com\/es\/wp-json\/wp\/v2\/pages\/10710\/revisions\/13295\/"}],"wp:attachment":[{"href":"https:\/\/panamafreediving.com\/es\/wp-json\/wp\/v2\/media\/?parent=10710"}],"curies":[{"name":"wp","href":"https:\/\/api.w.org\/{rel}","templated":true}]}}