{"id":3814,"date":"2015-03-17T15:23:10","date_gmt":"2015-03-17T15:23:10","guid":{"rendered":"http:\/\/panamadivecenter.com\/?page_id=3814"},"modified":"2020-07-30T19:16:52","modified_gmt":"2020-07-30T19:16:52","slug":"santa-catalina-discover-scuba","status":"publish","type":"page","link":"https:\/\/panamafreediving.com\/de\/santa-catalina-discover-scuba\/","title":{"rendered":"Discover Scuba"},"content":{"rendered":"\n<style type=\"text\/css\" data-created_by=\"avia_inline_auto\" id=\"style-css-av-av_heading-16fb19dc8f70f74c20aa2fac656be740\">\n#top .av-special-heading.av-av_heading-16fb19dc8f70f74c20aa2fac656be740{\npadding-bottom:10px;\ncolor:#000000;\n}\nbody .av-special-heading.av-av_heading-16fb19dc8f70f74c20aa2fac656be740 .av-special-heading-tag .heading-char{\nfont-size:25px;\n}\n.av-special-heading.av-av_heading-16fb19dc8f70f74c20aa2fac656be740 .special-heading-inner-border{\nborder-color:#000000;\n}\n.av-special-heading.av-av_heading-16fb19dc8f70f74c20aa2fac656be740 .av-subheading{\nfont-size:15px;\n}\n<\/style>\n<div  class='av-special-heading av-av_heading-16fb19dc8f70f74c20aa2fac656be740 av-special-heading-h1 custom-color-heading  avia-builder-el-0  el_before_av_one_half  avia-builder-el-first '><h1 class='av-special-heading-tag'  itemprop=\"headline\"  >Discover Scuba Diving <\/h1><div class=\"special-heading-border\"><div class=\"special-heading-inner-border\"><\/div><\/div><\/div>\n<div  class='flex_column av-9dzf6z-1cf5d7876e42fe864a38cef1e4e3ef4c av_one_half  avia-builder-el-1  el_after_av_heading  el_before_av_one_half  first flex_column_div  '     ><p>\n<style type=\"text\/css\" data-created_by=\"avia_inline_auto\" id=\"style-css-av-87kprv-6ba885a27cbf7b3eab50fd6e3aea7a1f\">\n.avia-image-container.av-87kprv-6ba885a27cbf7b3eab50fd6e3aea7a1f img.avia_image{\nbox-shadow:none;\n}\n.avia-image-container.av-87kprv-6ba885a27cbf7b3eab50fd6e3aea7a1f .av-image-caption-overlay-center{\ncolor:#ffffff;\n}\n<\/style>\n<div  class='avia-image-container av-87kprv-6ba885a27cbf7b3eab50fd6e3aea7a1f av-styling- avia_animated_image av-animated-when-visible-95 pop-up avia-align-center  avia-builder-el-2  el_before_av_textblock  avia-builder-el-first '   itemprop=\"image\" itemscope=\"itemscope\" itemtype=\"https:\/\/schema.org\/ImageObject\" ><div class=\"avia-image-container-inner\"><div class=\"avia-image-overlay-wrap\"><img decoding=\"async\" class='wp-image-11236 avia-img-lazy-loading-not-11236 avia_image ' src=\"https:\/\/panamafreediving.com\/wp-content\/uploads\/2020\/06\/diver-surface-Pati-845x684.jpg\" alt='diving-coiba-panama' title='diver surface Pati'  height=\"684\" width=\"845\"  itemprop=\"thumbnailUrl\" srcset=\"https:\/\/panamafreediving.com\/wp-content\/uploads\/2020\/06\/diver-surface-Pati-845x684.jpg 845w, https:\/\/panamafreediving.com\/wp-content\/uploads\/2020\/06\/diver-surface-Pati-495x400.jpg 495w\" sizes=\"(max-width: 845px) 100vw, 845px\" \/><\/div><\/div><\/div><br \/>\n<section  class='av_textblock_section av-kd7rubpl-20d6991258fc1222265778d2ac94293a '   itemscope=\"itemscope\" itemtype=\"https:\/\/schema.org\/CreativeWork\" ><div class='avia_textblock'  itemprop=\"text\" ><p><span style=\"color: #000000;\"><span style=\"text-decoration: underline;\">Dauer:<\/span>\u00a01 Tag<\/span><\/p>\n<p><span style=\"color: #000000;\"><span style=\"text-decoration: underline;\">Preis:<\/span>\u00a0$170 \u00a0+ Nationalparkgeb\u00fchr ($20 Touristen, $5 Paname\u00f1os und Einwohner. Dies muss bitte in bar gezahlt werden.)<\/span><\/p>\n<p><span style=\"color: #000000;\"><span style=\"text-decoration: underline;\">Im Preis inbegriffen:<\/span>\u00a0theoretischer Unterricht, 2 Tauchg\u00e4nge, Taucherausr\u00fcstung, Sandwich, Obst und Wasser<\/span><\/p>\n<p><span style=\"color: #000000;\"><span style=\"text-decoration: underline;\">M\u00f6gliche Zusatzleistung:<\/span>Wenn es dir gefallen hat und das Wetter sch\u00f6n ist, kannst du nach dem Mittagessen einen weiteren Tauchgang f\u00fcr zus\u00e4tzliche $20 machen.<\/span><\/p>\n<\/div><\/section><\/p><\/div>\n\n<style type=\"text\/css\" data-created_by=\"avia_inline_auto\" id=\"style-css-av-5cynnv-3ad847ff23fff3a815eb48919f1280c7\">\n.flex_column.av-5cynnv-3ad847ff23fff3a815eb48919f1280c7{\nborder-radius:0px 0px 0px 0px;\npadding:0px 0px 0px 0px;\n}\n<\/style>\n<div  class='flex_column av-5cynnv-3ad847ff23fff3a815eb48919f1280c7 av_one_half  avia-builder-el-4  el_after_av_one_half  el_before_av_hr  flex_column_div av-zero-column-padding  '     ><section  class='av_textblock_section av-jvjsw5wv-f6eb79dee447a82089a14930c3b9149f '   itemscope=\"itemscope\" itemtype=\"https:\/\/schema.org\/CreativeWork\" ><div class='avia_textblock'  itemprop=\"text\" ><h5><span style=\"text-decoration: underline; color: #000000;\">Was ist Discover Scuba?<\/span><\/h5>\n<p><span style=\"color: #000000;\">Hast du dich schon immer gefragt, wie es ist, unter Wasser zu atmen? M\u00f6chtest du, dass dein Partner oder Freund es versucht? Discover Scuba Diving ist f\u00fcr jeden, der das Tauchen ausprobieren m\u00f6chte, aber noch nicht bereit ist, den <span style=\"text-decoration: underline; color: #0000ff;\"><a style=\"color: #0000ff; text-decoration: underline;\" href=\"https:\/\/panamafreediving.com\/de\/santa-catalina-tauchkurse\/#tab-id-2-active\" target=\"_blank\" rel=\"noopener\">kompletten dreit\u00e4gigen Kurs<\/a><\/span> zu besuchen. Viele Tauchschulen bieten dieses Programm entweder in einem Pool oder direkt am Strand an. Im Panama Dive Center passiert alles im Coiba Nationalpark. Discover Scuba Diving ist eine schnelle und einfache Einf\u00fchrung in das, was es braucht, um die Unterwasserwelt zu erkunden.<\/span><\/p>\n<h5><span style=\"text-decoration: underline;\"><span style=\"color: #000000; text-decoration: underline;\">Wie funktioniert es?<\/span><\/span><\/h5>\n<p><span style=\"color: #000000;\">Du wirst deinen PADI Instructor um 7 Uhr morgens in der Tauchschule treffen und eine theoretische Einf\u00fchrung in das Tauchen erhalten. Du wirst mit den zertifizierten Tauchern auf dem Boot die Tour nach Coiba miterleben. Dort angekommen, wird dein Instruktor einen geeigneten Ort finden, um ein paar Fertigkeiten zu \u00fcben und dir das Atmen aus einer Taucheinheit zu erleichtern, bevor er dich zu deinem ersten Tauchgang mitnimmt. Nach einer Pause am Strand machst du einen zweiten Tauchgang an einem anderen Ort. Anschlie\u00dfend servieren wir das Mittagessen und geben dir die M\u00f6glichkeit, einen weiteren Tauchgang zu machen, bevor es zur\u00fcck nach Santa Catalina geht.<\/span><\/p>\n<h5><span style=\"text-decoration: underline;\"><span style=\"color: #000000; text-decoration: underline;\">Teilnahmevoraussetzungen<\/span><\/span><\/h5>\n<p><span style=\"color: #000000;\">Um sich f\u00fcr eine PADI Discover Scuba Diving Erfahrung anzumelden, musst du mindestens 10 Jahre alt sein. Es sind keine Vorkenntnisse im Tauchen erforderlich, aber du musst schwimmen k\u00f6nnen und in angemessener k\u00f6rperlicher Verfassung sein. Wir werden dich beten vorab einen medizinischen Fragebogen auszuf\u00fcllen. Dieser wird Dir nach Deiner Reservierung zugesandt, damit Du bei Bedarf eine \u00c4rztliche Beurteilung Deiner Tauchtauglichkeit vorweisen kannst.<\/span><\/p>\n<\/div><\/section><\/div>\n<style type=\"text\/css\" data-created_by=\"avia_inline_auto\" id=\"style-css-av-kd7u3mwc-e227fd5edb71f32dcab4f8d7a5cfae97\">\n#top .hr.hr-invisible.av-kd7u3mwc-e227fd5edb71f32dcab4f8d7a5cfae97{\nheight:35px;\n}\n<\/style>\n<div  class='hr av-kd7u3mwc-e227fd5edb71f32dcab4f8d7a5cfae97 hr-invisible  avia-builder-el-6  el_after_av_one_half  el_before_av_button '><span class='hr-inner '><span class=\"hr-inner-style\"><\/span><\/span><\/div><\/p>\n<div  class='avia-button-wrap av-36y89n-38f32c603daecdd9db527af6b1087781-wrap avia-button-center  avia-builder-el-7  el_after_av_hr  el_before_av_textblock '><a href='https:\/\/panamadivecenter.rezdy.com\/56428\/padi-discover-scuba-diving-program' class='avia-button av-36y89n-38f32c603daecdd9db527af6b1087781 avia-icon_select-yes-left-icon avia-size-medium avia-position-center avia-color-theme-color' target=\"_blank\" rel=\"noopener noreferrer\"><span class='avia_button_icon avia_button_icon_left' aria-hidden='true' data-av_icon='\ue805' data-av_iconfont='entypo-fontello'><\/span><span class='avia_iconbox_title' >Buche jetzt dein erstes Taucherlebnis! <\/span><\/a><\/div>\n<section  class='av_textblock_section av-kd7u1n1q-96bb9c572ff93ad607ebf4c7f93ccf40 '   itemscope=\"itemscope\" itemtype=\"https:\/\/schema.org\/CreativeWork\" ><div class='avia_textblock'  itemprop=\"text\" ><p style=\"text-align: center;\"><span style=\"color: #000000;\">Hast Du weitere Fragen? Dann\u00a0<span style=\"text-decoration: underline;\"><span style=\"color: #0000ff; text-decoration: underline;\"><a style=\"color: #0000ff; text-decoration: underline;\" href=\"https:\/\/panamafreediving.com\/de\/panama-dive-center-kontakt\/\" target=\"_blank\" rel=\"noopener noreferrer\">kontaktiere<\/a><\/span><\/span>\u00a0uns doch bitte einfach.<\/span><\/p>\n<p style=\"text-align: center;\"><span style=\"color: #000000;\">Bereit f\u00fcr die Zertifizierung?\u00a0<span style=\"text-decoration: underline;\"><span style=\"color: #0000ff;\"><a style=\"color: #0000ff; text-decoration: underline;\" href=\"https:\/\/panamafreediving.com\/de\/santa-catalina-tauchkurse\/#tab-id-2\" target=\"_blank\" rel=\"noopener noreferrer\">Hier<\/a><\/span><\/span>\u00a0zeigen wir dir, worum es geht!<\/span><\/p>\n<\/div><\/section>\n<div  class='hr av-3jcosr-2c9df1c7efb102f865b38305fbff8053 hr-short  avia-builder-el-9  el_after_av_textblock  avia-builder-el-last  hr-center'><span class='hr-inner '><span class=\"hr-inner-style\"><\/span><\/span><\/div>\n","protected":false},"excerpt":{"rendered":"","protected":false},"author":2,"featured_media":0,"parent":0,"menu_order":0,"comment_status":"closed","ping_status":"open","template":"","meta":{"footnotes":""},"class_list":["post-3814","page","type-page","status-publish","hentry"],"yoast_head":"<!-- This site is optimized with the Yoast SEO Premium plugin v15.4 - https:\/\/yoast.com\/wordpress\/plugins\/seo\/ -->\n<title>Discover Scuba im Coiba Nazionalpark\u239c Panama Dive Center<\/title>\n<meta name=\"description\" content=\"Wenn du schon immer mal das Tauchen probieren wolltest aber noch nicht bereit bist den ganzen Kurs zu machen, ist der Discover Kurs das Richtige f\u00fcr dich.\" \/>\n<meta name=\"robots\" content=\"index, follow, max-snippet:-1, max-image-preview:large, max-video-preview:-1\" \/>\n<link rel=\"canonical\" href=\"https:\/\/panamafreediving.com\/de\/santa-catalina-discover-scuba\/\" \/>\n<meta property=\"og:locale\" content=\"de_DE\" \/>\n<meta property=\"og:type\" content=\"article\" \/>\n<meta property=\"og:title\" content=\"Discover Scuba im Coiba Nazionalpark\u239c Panama Dive Center\" \/>\n<meta property=\"og:description\" content=\"Wenn du schon immer mal das Tauchen probieren wolltest aber noch nicht bereit bist den ganzen Kurs zu machen, ist der Discover Kurs das Richtige f\u00fcr dich.\" \/>\n<meta property=\"og:url\" content=\"https:\/\/panamafreediving.com\/de\/santa-catalina-discover-scuba\/\" \/>\n<meta property=\"og:site_name\" content=\"Panama dive Center\" \/>\n<meta property=\"article:publisher\" content=\"https:\/\/www.facebook.com\/padipanamadivecenter\" \/>\n<meta property=\"article:modified_time\" content=\"2020-07-30T19:16:52+00:00\" \/>\n<meta name=\"twitter:card\" content=\"summary_large_image\" \/>\n<meta name=\"twitter:label1\" content=\"Verfasst von\">\n\t<meta name=\"twitter:data1\" content=\"Sabina Schreck\">\n\t<meta name=\"twitter:label2\" content=\"Gesch\u00e4tzte Lesezeit\">\n\t<meta name=\"twitter:data2\" content=\"3 Minuten\">\n<script type=\"application\/ld+json\" class=\"yoast-schema-graph\">{\"@context\":\"https:\/\/schema.org\",\"@graph\":[{\"@type\":\"Organization\",\"@id\":\"https:\/\/panamafreediving.com\/#organization\",\"name\":\"Panama Free Diving\",\"url\":\"https:\/\/panamafreediving.com\/\",\"sameAs\":[\"https:\/\/www.facebook.com\/padipanamadivecenter\",\"https:\/\/www.instagram.com\/panama_dive_center\/\",\"https:\/\/www.youtube.com\/channel\/UCamRbdZ7Ysol_Lqxp0UWJPA\"],\"logo\":{\"@type\":\"ImageObject\",\"@id\":\"https:\/\/panamafreediving.com\/#logo\",\"inLanguage\":\"de-DE\",\"url\":\"https:\/\/panamafreediving.com\/wp-content\/uploads\/2017\/12\/RAYFB.jpg\",\"width\":1026,\"height\":1026,\"caption\":\"Panama Free Diving\"},\"image\":{\"@id\":\"https:\/\/panamafreediving.com\/#logo\"}},{\"@type\":\"WebSite\",\"@id\":\"https:\/\/panamafreediving.com\/#website\",\"url\":\"https:\/\/panamafreediving.com\/\",\"name\":\"Panama dive Center\",\"description\":\"Dive in Coiba Panama\",\"publisher\":{\"@id\":\"https:\/\/panamafreediving.com\/#organization\"},\"potentialAction\":[{\"@type\":\"SearchAction\",\"target\":\"https:\/\/panamafreediving.com\/?s={search_term_string}\",\"query-input\":\"required name=search_term_string\"}],\"inLanguage\":\"de-DE\"},{\"@type\":\"WebPage\",\"@id\":\"https:\/\/panamafreediving.com\/de\/santa-catalina-discover-scuba\/#webpage\",\"url\":\"https:\/\/panamafreediving.com\/de\/santa-catalina-discover-scuba\/\",\"name\":\"Discover Scuba im Coiba Nazionalpark\\u239c Panama Dive Center\",\"isPartOf\":{\"@id\":\"https:\/\/panamafreediving.com\/#website\"},\"datePublished\":\"2015-03-17T15:23:10+00:00\",\"dateModified\":\"2020-07-30T19:16:52+00:00\",\"description\":\"Wenn du schon immer mal das Tauchen probieren wolltest aber noch nicht bereit bist den ganzen Kurs zu machen, ist der Discover Kurs das Richtige f\\u00fcr dich.\",\"inLanguage\":\"de-DE\",\"potentialAction\":[{\"@type\":\"ReadAction\",\"target\":[\"https:\/\/panamafreediving.com\/de\/santa-catalina-discover-scuba\/\"]}]}]}<\/script>\n<!-- \/ Yoast SEO Premium plugin. -->","_links":{"self":[{"href":"https:\/\/panamafreediving.com\/de\/wp-json\/wp\/v2\/pages\/3814\/"}],"collection":[{"href":"https:\/\/panamafreediving.com\/de\/wp-json\/wp\/v2\/pages\/"}],"about":[{"href":"https:\/\/panamafreediving.com\/de\/wp-json\/wp\/v2\/types\/page\/"}],"author":[{"embeddable":true,"href":"https:\/\/panamafreediving.com\/de\/wp-json\/wp\/v2\/users\/2\/"}],"replies":[{"embeddable":true,"href":"https:\/\/panamafreediving.com\/de\/wp-json\/wp\/v2\/comments\/?post=3814"}],"version-history":[{"count":20,"href":"https:\/\/panamafreediving.com\/de\/wp-json\/wp\/v2\/pages\/3814\/revisions\/"}],"predecessor-version":[{"id":12634,"href":"https:\/\/panamafreediving.com\/de\/wp-json\/wp\/v2\/pages\/3814\/revisions\/12634\/"}],"wp:attachment":[{"href":"https:\/\/panamafreediving.com\/de\/wp-json\/wp\/v2\/media\/?parent=3814"}],"curies":[{"name":"wp","href":"https:\/\/api.w.org\/{rel}","templated":true}]}}