{"id":3811,"date":"2015-03-17T15:17:36","date_gmt":"2015-03-17T15:17:36","guid":{"rendered":"http:\/\/panamadivecenter.com\/?page_id=3811"},"modified":"2020-12-17T20:32:12","modified_gmt":"2020-12-17T20:32:12","slug":"coiba-panama-allgemeine-information","status":"publish","type":"page","link":"https:\/\/panamafreediving.com\/de\/coiba-panama-allgemeine-information\/","title":{"rendered":"Allgemeine Information"},"content":{"rendered":"\n<style type=\"text\/css\" data-created_by=\"avia_inline_auto\" id=\"style-css-av-av_heading-320a5da82f31abcacc507f2951960fc9\">\n#top .av-special-heading.av-av_heading-320a5da82f31abcacc507f2951960fc9{\npadding-bottom:10px;\ncolor:#000000;\n}\nbody .av-special-heading.av-av_heading-320a5da82f31abcacc507f2951960fc9 .av-special-heading-tag .heading-char{\nfont-size:25px;\n}\n.av-special-heading.av-av_heading-320a5da82f31abcacc507f2951960fc9 .special-heading-inner-border{\nborder-color:#000000;\n}\n.av-special-heading.av-av_heading-320a5da82f31abcacc507f2951960fc9 .av-subheading{\nfont-size:15px;\n}\n<\/style>\n<div  class='av-special-heading av-av_heading-320a5da82f31abcacc507f2951960fc9 av-special-heading-h1 custom-color-heading  avia-builder-el-0  el_before_av_one_half  avia-builder-el-first '><h1 class='av-special-heading-tag'  itemprop=\"headline\"  >Tauchen im Coiba Nationalpark<\/h1><div class=\"special-heading-border\"><div class=\"special-heading-inner-border\"><\/div><\/div><\/div>\n<div  class='flex_column av-bfrgh5-25d20587715b3e7e519f4b0b806fe5b5 av_one_half  avia-builder-el-1  el_after_av_heading  el_before_av_one_half  first flex_column_div  '     ><p>\n<style type=\"text\/css\" data-created_by=\"avia_inline_auto\" id=\"style-css-av-8i8di1-a95c974cb1645e1aacb77d8fa27e7b15\">\n.avia-image-container.av-8i8di1-a95c974cb1645e1aacb77d8fa27e7b15 img.avia_image{\nbox-shadow:none;\n}\n.avia-image-container.av-8i8di1-a95c974cb1645e1aacb77d8fa27e7b15 .av-image-caption-overlay-center{\ncolor:#ffffff;\n}\n<\/style>\n<div  class='avia-image-container av-8i8di1-a95c974cb1645e1aacb77d8fa27e7b15 av-styling- avia-align-center  avia-builder-el-2  el_before_av_textblock  avia-builder-el-first '   itemprop=\"image\" itemscope=\"itemscope\" itemtype=\"https:\/\/schema.org\/ImageObject\" ><div class=\"avia-image-container-inner\"><div class=\"avia-image-overlay-wrap\"><img decoding=\"async\" class='wp-image-11273 avia-img-lazy-loading-not-11273 avia_image ' src=\"https:\/\/panamafreediving.com\/wp-content\/uploads\/2020\/06\/Coiba-barracudas-845x684.jpg\" alt='barracuda-diving-coiba-panama' title='Coiba barracudas'  height=\"684\" width=\"845\"  itemprop=\"thumbnailUrl\" srcset=\"https:\/\/panamafreediving.com\/wp-content\/uploads\/2020\/06\/Coiba-barracudas-845x684.jpg 845w, https:\/\/panamafreediving.com\/wp-content\/uploads\/2020\/06\/Coiba-barracudas-495x400.jpg 495w\" sizes=\"(max-width: 845px) 100vw, 845px\" \/><\/div><\/div><\/div><br \/>\n<section  class='av_textblock_section av-67zrpl-61221401baabdd067efdbb2adb7561f7 '   itemscope=\"itemscope\" itemtype=\"https:\/\/schema.org\/CreativeWork\" ><div class='avia_textblock'  itemprop=\"text\" ><h5><span style=\"text-decoration: underline; color: #000000;\">Tauchprofile<\/span><\/h5>\n<p><span style=\"color: #000000;\">Unsere Tauchg\u00e4nge dauern in der Regel je nach Bedingungen und Luftverbrauch bei ca. 50 Minuten. Die Tiefen reichen von 10 bis 30 Metern. Das Tauchen ist f\u00fcr alle Niveaus m\u00f6glich und wir passen die Auswahl der Tauchpunkte der Erfahrung der Taucher, der Saison, den Wetter- und Meeresbedingungen an. Die Str\u00f6mungen sind sehr unterschiedlich und variieren von sehr mild bis ziemlich stark, dies hat jeweils seine Vor- und Nachteile. Die meiste Zeit des Jahres genie\u00dfen wir in der Regel 26 bis 30 Grad Celsius warmes Wasser. Von Ende M\u00e4rz bis Anfang Juni k\u00f6nnen die Wassertemperaturen jedoch zwischen 18 und 24 Grad Celsius liegen.<\/span><\/p>\n<h5><span style=\"text-decoration: underline; color: #000000;\">Preise<\/span><\/h5>\n<p><span style=\"color: #000000;\">$140 f\u00fcr zwei Tauchg\u00e4nge, $160 f\u00fcr drei Tauchg\u00e4nge. Bitte beachte, dass wir in der Regenzeit den dritten Tauchgang aufgrund der Wetterbedingung und Sicherheitsgew\u00e4hrleistung nicht garantieren k\u00f6nnen. Deshalb bitten wir Euch, diese zus\u00e4tzlichen $20 erst nach tats\u00e4chlich erfolgtem dritten Tauchgang zu bezahlen.<\/span><\/p>\n<p><span style=\"color: #000000;\"><span style=\"text-decoration: underline;\">Inbegriffen:<\/span>\u00a0komplette Taucherausr\u00fcstung (inkl. Tauchcomputer), Sandwich, Obst und Wasser<\/span><\/p>\n<p><span style=\"color: #000000;\"><span style=\"text-decoration: underline;\">Nicht inbegriffen:<\/span>\u00a0Parkeintritt ($20 Touristen, $5 Paname\u00f1os\u00a0und Einwohner. Dies muss bitte in bar gezahlt werden)<\/span><\/p>\n<p><span style=\"color: #000000;\">Hast Du weitere Fragen? Dann\u00a0<span style=\"text-decoration: underline; color: #0000ff;\"><a style=\"color: #0000ff; text-decoration: underline;\" href=\"https:\/\/panamafreediving.com\/de\/panama-dive-center-kontakt\/\" target=\"_blank\" rel=\"noopener noreferrer\">kontaktiere<\/a><\/span>\u00a0uns doch bitte einfach.<\/span><\/p>\n<\/div><\/section><\/p><\/div>\n<style type=\"text\/css\" data-created_by=\"avia_inline_auto\" id=\"style-css-av-7jfl6x-27d9bb046f80493cf1f987c8d6219189\">\n.flex_column.av-7jfl6x-27d9bb046f80493cf1f987c8d6219189{\nborder-radius:0px 0px 0px 0px;\npadding:0px 0px 0px 0px;\n}\n<\/style>\n<div  class='flex_column av-7jfl6x-27d9bb046f80493cf1f987c8d6219189 av_one_half  avia-builder-el-4  el_after_av_one_half  el_before_av_button  flex_column_div av-zero-column-padding  '     ><section  class='av_textblock_section av-67zrpl-61221401baabdd067efdbb2adb7561f7 '   itemscope=\"itemscope\" itemtype=\"https:\/\/schema.org\/CreativeWork\" ><div class='avia_textblock'  itemprop=\"text\" ><h5><span style=\"text-decoration: underline; color: #000000;\">Unsere Tour f\u00fcr zertifizierte Taucher<\/span><\/h5>\n<p><span style=\"color: #000000;\">Wir bieten t\u00e4gliche Tauchausfl\u00fcge ab Santa Catalina an. Wir treffen uns in der Tauchschule zum Kaffee und einem Briefing um 7.30 Uhr. Danach laufen wir ein kleines St\u00fcck zum Strand hinunter wo wir dann das Boot in den Nationalpark nehmen. Die Fahrt zu den Tauchpl\u00e4tzen dauert etwa eineinhalb Stunden. Wir machen zwei oder drei Tauchg\u00e4nge pro Tag, je nachdem, was du bevorzugst und (gelegentlich) die Wetterbedingungen und sind im allgemein zwischen 15.30 und 16.00 zur\u00fcck. Alle Tauchpl\u00e4tze befinden sich im Coiba Nationalpark, der eine Reihe sch\u00f6ner Inseln umfasst, darunter Coiba, Isla Rancher\u00eda, Canales und die Gegend von Contreras (schau Dir die Sektion &#8222;Andere Trips&#8220; an, um mehr \u00fcber diese Tauchpunkte zu erfahren). Wir machen oft eine kurze Mittagspause an der Rangerstation auf Coiba, wo wilde Affen, \u00f1eques (kleine Nagetier-\u00e4hnliche Kreaturen), Krokodile, Leguane und erstaunliche Vogelarten leben, oder an einem der anderen sch\u00f6nen Str\u00e4nde im Park.<\/span><\/p>\n<h5><span style=\"text-decoration: underline;\"><span style=\"color: #000000; text-decoration: underline;\">Was gibt es unter Wasser zu sehen?<\/span><\/span><\/h5>\n<p><span style=\"color: #000000;\">Obwohl dieses Gebiet nicht mit bunten Korallenriffen gesegnet ist, ist die Menge an Leben, die gefunden werden kann, erstaunlich. Die Unterwasserwelt ist sehr vielf\u00e4ltig und unsere Einheimischen sind unter anderen Weissspitzen- Riffhaie, Schildkr\u00f6ten, Delfine, Adlerrochen, Teufelsrochen, Stachelrochen, Hummer, Seepferdchen, Anglerfische, Schulen von Makrelen, Barrakudas, Mur\u00e4nen, Wahoos und nat\u00fcrlich viele bunte Papagei- und Falterfische. Wenn es Plankton gibt, kannst du auch Gl\u00fcck haben und einem Walhai oder Riesenmanta begegnen. Von Juli bis September sehen wir oft auch Buckelwale an der Oberfl\u00e4che. Schau doch einfach in unsere <span style=\"text-decoration: underline; color: #0000ff;\"><a style=\"color: #0000ff; text-decoration: underline;\" href=\"https:\/\/panamafreediving.com\/de\/panama-dive-center-galerie\/\" target=\"_blank\" rel=\"noopener noreferrer\">Galerie<\/a>.<\/span><\/span><\/p>\n<\/div><\/section><br \/>\n\n<style type=\"text\/css\" data-created_by=\"avia_inline_auto\" id=\"style-css-av-8i8di1-f1ee78794eb3f195a81e5c0a7d1e9661\">\n.avia-image-container.av-8i8di1-f1ee78794eb3f195a81e5c0a7d1e9661 img.avia_image{\nbox-shadow:none;\n}\n.avia-image-container.av-8i8di1-f1ee78794eb3f195a81e5c0a7d1e9661 .av-image-caption-overlay-center{\ncolor:#ffffff;\n}\n<\/style>\n<div  class='avia-image-container av-8i8di1-f1ee78794eb3f195a81e5c0a7d1e9661 av-styling- avia-align-center  avia-builder-el-6  el_after_av_textblock  avia-builder-el-last '   itemprop=\"image\" itemscope=\"itemscope\" itemtype=\"https:\/\/schema.org\/ImageObject\" ><div class=\"avia-image-container-inner\"><div class=\"avia-image-overlay-wrap\"><img decoding=\"async\" class='wp-image-11281 avia-img-lazy-loading-not-11281 avia_image ' src=\"https:\/\/panamafreediving.com\/wp-content\/uploads\/2020\/06\/Coiba-stingray-845x684.jpg\" alt='stingray-diving-coiba-panama' title='Coiba stingray'  height=\"684\" width=\"845\"  itemprop=\"thumbnailUrl\" srcset=\"https:\/\/panamafreediving.com\/wp-content\/uploads\/2020\/06\/Coiba-stingray-845x684.jpg 845w, https:\/\/panamafreediving.com\/wp-content\/uploads\/2020\/06\/Coiba-stingray-495x400.jpg 495w\" sizes=\"(max-width: 845px) 100vw, 845px\" \/><\/div><\/div><\/div><\/p><\/div><\/p>\n<div  class='avia-button-wrap av-2awohl-363819a2846a21af7b54af29e70f891c-wrap avia-button-center  avia-builder-el-7  el_after_av_one_half  el_before_av_hr '><a href='https:\/\/panamadivecenter.rezdy.com\/74187\/2-or-3-fun-dives-at-coiba-national-park' class='avia-button av-2awohl-363819a2846a21af7b54af29e70f891c avia-icon_select-yes-left-icon avia-size-small avia-position-center avia-color-theme-color' target=\"_blank\" rel=\"noopener noreferrer\"><span class='avia_button_icon avia_button_icon_left' aria-hidden='true' data-av_icon='\ue8ce' data-av_iconfont='entypo-fontello'><\/span><span class='avia_iconbox_title' >Jetzt Buchen!<\/span><\/a><\/div>\n<div  class='hr av-4glqxl-8fb8ac64990eb58bc56b052f79d8473a hr-short  avia-builder-el-8  el_after_av_button  avia-builder-el-last  hr-center'><span class='hr-inner '><span class=\"hr-inner-style\"><\/span><\/span><\/div>\n","protected":false},"excerpt":{"rendered":"","protected":false},"author":2,"featured_media":0,"parent":0,"menu_order":0,"comment_status":"closed","ping_status":"open","template":"","meta":{"footnotes":""},"class_list":["post-3811","page","type-page","status-publish","hentry"],"yoast_head":"<!-- This site is optimized with the Yoast SEO Premium plugin v15.4 - https:\/\/yoast.com\/wordpress\/plugins\/seo\/ -->\n<title>Scuba Diving Coiba Allgemeine Information - Panama Dive Center<\/title>\n<meta name=\"description\" content=\"Wir tauchen t\u00e4glich im Coiba Nationalpark. Normalerweise fahren wir gegen 8:30 Uhr los und kommen nach 3 Tauchg\u00e4ngen gegen 16:30 Uhr zur\u00fcck.\" \/>\n<meta name=\"robots\" content=\"index, follow, max-snippet:-1, max-image-preview:large, max-video-preview:-1\" \/>\n<link rel=\"canonical\" href=\"https:\/\/panamafreediving.com\/de\/coiba-panama-allgemeine-information\/\" \/>\n<meta property=\"og:locale\" content=\"de_DE\" \/>\n<meta property=\"og:type\" content=\"article\" \/>\n<meta property=\"og:title\" content=\"Scuba Diving Coiba Allgemeine Information - Panama Dive Center\" \/>\n<meta property=\"og:description\" content=\"Wir tauchen t\u00e4glich im Coiba Nationalpark. Normalerweise fahren wir gegen 8:30 Uhr los und kommen nach 3 Tauchg\u00e4ngen gegen 16:30 Uhr zur\u00fcck.\" \/>\n<meta property=\"og:url\" content=\"https:\/\/panamafreediving.com\/de\/coiba-panama-allgemeine-information\/\" \/>\n<meta property=\"og:site_name\" content=\"Panama dive Center\" \/>\n<meta property=\"article:publisher\" content=\"https:\/\/www.facebook.com\/padipanamadivecenter\" \/>\n<meta property=\"article:modified_time\" content=\"2020-12-17T20:32:12+00:00\" \/>\n<meta name=\"twitter:card\" content=\"summary_large_image\" \/>\n<meta name=\"twitter:label1\" content=\"Verfasst von\">\n\t<meta name=\"twitter:data1\" content=\"Sabina Schreck\">\n\t<meta name=\"twitter:label2\" content=\"Gesch\u00e4tzte Lesezeit\">\n\t<meta name=\"twitter:data2\" content=\"4 Minuten\">\n<script type=\"application\/ld+json\" class=\"yoast-schema-graph\">{\"@context\":\"https:\/\/schema.org\",\"@graph\":[{\"@type\":\"Organization\",\"@id\":\"https:\/\/panamafreediving.com\/#organization\",\"name\":\"Panama Free Diving\",\"url\":\"https:\/\/panamafreediving.com\/\",\"sameAs\":[\"https:\/\/www.facebook.com\/padipanamadivecenter\",\"https:\/\/www.instagram.com\/panama_dive_center\/\",\"https:\/\/www.youtube.com\/channel\/UCamRbdZ7Ysol_Lqxp0UWJPA\"],\"logo\":{\"@type\":\"ImageObject\",\"@id\":\"https:\/\/panamafreediving.com\/#logo\",\"inLanguage\":\"de-DE\",\"url\":\"https:\/\/panamafreediving.com\/wp-content\/uploads\/2017\/12\/RAYFB.jpg\",\"width\":1026,\"height\":1026,\"caption\":\"Panama Free Diving\"},\"image\":{\"@id\":\"https:\/\/panamafreediving.com\/#logo\"}},{\"@type\":\"WebSite\",\"@id\":\"https:\/\/panamafreediving.com\/#website\",\"url\":\"https:\/\/panamafreediving.com\/\",\"name\":\"Panama dive Center\",\"description\":\"Dive in Coiba Panama\",\"publisher\":{\"@id\":\"https:\/\/panamafreediving.com\/#organization\"},\"potentialAction\":[{\"@type\":\"SearchAction\",\"target\":\"https:\/\/panamafreediving.com\/?s={search_term_string}\",\"query-input\":\"required name=search_term_string\"}],\"inLanguage\":\"de-DE\"},{\"@type\":\"WebPage\",\"@id\":\"https:\/\/panamafreediving.com\/de\/coiba-panama-allgemeine-information\/#webpage\",\"url\":\"https:\/\/panamafreediving.com\/de\/coiba-panama-allgemeine-information\/\",\"name\":\"Scuba Diving Coiba Allgemeine Information - Panama Dive Center\",\"isPartOf\":{\"@id\":\"https:\/\/panamafreediving.com\/#website\"},\"datePublished\":\"2015-03-17T15:17:36+00:00\",\"dateModified\":\"2020-12-17T20:32:12+00:00\",\"description\":\"Wir tauchen t\\u00e4glich im Coiba Nationalpark. Normalerweise fahren wir gegen 8:30 Uhr los und kommen nach 3 Tauchg\\u00e4ngen gegen 16:30 Uhr zur\\u00fcck.\",\"inLanguage\":\"de-DE\",\"potentialAction\":[{\"@type\":\"ReadAction\",\"target\":[\"https:\/\/panamafreediving.com\/de\/coiba-panama-allgemeine-information\/\"]}]}]}<\/script>\n<!-- \/ Yoast SEO Premium plugin. -->","_links":{"self":[{"href":"https:\/\/panamafreediving.com\/de\/wp-json\/wp\/v2\/pages\/3811\/"}],"collection":[{"href":"https:\/\/panamafreediving.com\/de\/wp-json\/wp\/v2\/pages\/"}],"about":[{"href":"https:\/\/panamafreediving.com\/de\/wp-json\/wp\/v2\/types\/page\/"}],"author":[{"embeddable":true,"href":"https:\/\/panamafreediving.com\/de\/wp-json\/wp\/v2\/users\/2\/"}],"replies":[{"embeddable":true,"href":"https:\/\/panamafreediving.com\/de\/wp-json\/wp\/v2\/comments\/?post=3811"}],"version-history":[{"count":28,"href":"https:\/\/panamafreediving.com\/de\/wp-json\/wp\/v2\/pages\/3811\/revisions\/"}],"predecessor-version":[{"id":24851,"href":"https:\/\/panamafreediving.com\/de\/wp-json\/wp\/v2\/pages\/3811\/revisions\/24851\/"}],"wp:attachment":[{"href":"https:\/\/panamafreediving.com\/de\/wp-json\/wp\/v2\/media\/?parent=3811"}],"curies":[{"name":"wp","href":"https:\/\/api.w.org\/{rel}","templated":true}]}}