{"id":3796,"date":"2013-04-07T17:44:22","date_gmt":"2013-04-07T17:44:22","guid":{"rendered":"http:\/\/panamadivecenter.com\/?page_id=3796"},"modified":"2022-07-07T12:02:56","modified_gmt":"2022-07-07T12:02:56","slug":"scuba-diving-coiba-national-marine-park-2","status":"publish","type":"page","link":"https:\/\/panamafreediving.com\/de\/","title":{"rendered":"Freediving in Panama"},"content":{"rendered":"<div   class='avia-fullscreen-slider main_color   avia-builder-el-0  el_before_av_textblock  avia-builder-el-first  container_wrap sidebar_right'  ><div  class='avia-slideshow av-l4eeohmj-25bb289ec25ecef6ff3d8ac78a940b99 avia-slideshow-large av_fullscreen avia-slide-slider av-slideshow-ui av-control-default av-slideshow-manual av-loop-once av-loop-manual-endless av-default-height-applied   avia-slideshow-1' data-slideshow-options=\"{&quot;animation&quot;:&quot;slide&quot;,&quot;autoplay&quot;:false,&quot;loop_autoplay&quot;:&quot;once&quot;,&quot;interval&quot;:5,&quot;loop_manual&quot;:&quot;manual-endless&quot;,&quot;autoplay_stopper&quot;:false,&quot;noNavigation&quot;:false,&quot;bg_slider&quot;:true,&quot;keep_padding&quot;:false,&quot;hoverpause&quot;:false,&quot;show_slide_delay&quot;:0,&quot;slide_height&quot;:&quot;100&quot;,&quot;image_attachment&quot;:&quot;&quot;}\"  itemprop=\"image\" itemscope=\"itemscope\" itemtype=\"https:\/\/schema.org\/ImageObject\" ><ul class='avia-slideshow-inner ' style='padding-bottom: 66.699029126214%;'><li style='background-position:center center;' data-img-url='https:\/\/panamafreediving.com\/wp-content\/uploads\/2022\/06\/Sabina_CreditMe_@Soulfocus_Media-21-1030x687.jpg' class='avia-slideshow-slide av-l4eeohmj-25bb289ec25ecef6ff3d8ac78a940b99__0  av-single-slide slide-1 slide-odd'><div data-rel='slideshow-1' class='avia-slide-wrap '   ><\/div><\/li><\/ul><\/div><\/div><div id='after_full_slider_1'  class='main_color av_default_container_wrap container_wrap sidebar_right'  ><div class='container av-section-cont-open' ><div class='template-page content  av-content-small alpha units'><div class='post-entry post-entry-type-page post-entry-3796'><div class='entry-content-wrapper clearfix'>\n<section  class='av_textblock_section av-l52e3tjv-abe2097184345065c3fc26cb6db3e578 '   itemscope=\"itemscope\" itemtype=\"https:\/\/schema.org\/CreativeWork\" ><div class='avia_textblock'  itemprop=\"text\" ><h2><span style=\"color: #000000;\">FREEDIVER KURS<\/span><\/h2>\n<p><span style=\"font-weight: 400; color: #000000;\">Die Gr\u00fcnde, Freediving ausprobieren zu wollen, sind so vielf\u00e4ltig wie die Fische im Meer.<\/span><\/p>\n<p><span style=\"font-weight: 400; color: #000000;\">Vielleicht m\u00f6chtest du deine Beziehung zum Ozean und seinen Kreaturen erweitern, eine neue Form der Meditation probieren, deine pers\u00f6nlichen Grenzen finden und eventuell \u00fcberschreiten, Sorgen und Stress vergessen oder deine Atemanhalte- und Entspannungsf\u00e4higkeiten im Wasser verbessern.<\/span><\/p>\n<p><span style=\"font-weight: 400; color: #000000;\">Egal, was deine Motivation ist, ein Freediver-Kurs ist der perfekte Start einer Reise, bei der du deine Verbindung zum Meer und zu dir selbst intensivierst. Wenn du bereits etwas Erfahrung, aber keine formelle Ausbildung hast, wird dir dieser Kurs zeigen, wie gro\u00dfartig dein K\u00f6rper tats\u00e4chlich ist. Du lernst, wie du seine nat\u00fcrlichen Kr\u00e4fte nutzen und jeden Sprung in die Tiefe zu einer Reise der Selbstfindung machen kannst.<\/span><\/p>\n<p><span style=\"font-weight: 400; color: #000000;\">Um an dem Apnea Total Freediver Kurs teilzunehmen, musst du mindestens 15 Jahre alt sein, ausreichende Schwimmkenntnisse haben und musst in guter k\u00f6rperlicher Verfassung sein. Es sind keine Vorkenntnisse im Scuba, Schnorcheln oder Freitauchen erforderlich.<\/span><\/p>\n<p><span style=\"text-decoration: underline;\"><strong><span style=\"color: #000000; text-decoration: underline;\">Dieser zweit\u00e4gige Kurs beinhaltet<\/span><\/strong><\/span><\/p>\n<ul>\n<li style=\"font-weight: 400;\" aria-level=\"1\"><span style=\"font-weight: 400; color: #000000;\">Zwei von einem Instruktor geleitete theoretische Pr\u00e4sentationen, in denen du \u00fcber verschiedene Freitauchdisziplinen, Ausr\u00fcstung, Atemtechniken, Druckausgleich, Skills und Sicherheits-Protokolle lernst.<\/span><\/li>\n<li style=\"font-weight: 400;\" aria-level=\"1\"><span style=\"font-weight: 400; color: #000000;\">Zwei Open Water Session, um Free Immersion und Constant Weight sowie die richtigen Buddy- und Sicherheitsverfahren zu \u00fcben (Tiefen zwischen 12 und 20 Metern).<\/span><\/li>\n<\/ul>\n<p><span style=\"color: #000000;\"><span style=\"text-decoration: underline;\"><span style=\"font-weight: 400;\">Preis:<\/span><\/span><span style=\"font-weight: 400;\"> $375\u00a0 (inklusive Leihausr\u00fcstung, Online-Zertifizierung, Online-Kursmaterialien)<\/span><\/span><\/p>\n<\/div><\/section>\n\n<style type=\"text\/css\" data-created_by=\"avia_inline_auto\" id=\"style-css-av-l52lx6rk-72329879760d900a9abc0424e82f75ba\">\n.av_font_icon.av-l52lx6rk-72329879760d900a9abc0424e82f75ba{\ncolor:#197de8;\nborder-color:#197de8;\n}\n.av_font_icon.av-l52lx6rk-72329879760d900a9abc0424e82f75ba .av-icon-char{\nfont-size:40px;\nline-height:40px;\nwidth:40px;\n}\n<\/style>\n<span  class='av_font_icon av-l52lx6rk-72329879760d900a9abc0424e82f75ba avia_animate_when_visible av-icon-style-border avia-icon-pos-center avia-icon-animate'><a href='https:\/\/panamafreediving.com\/de\/panama-dive-center-contact\/'  target=\"_blank\"  rel=\"noopener noreferrer\"  class='av-icon-char' aria-hidden='true' data-av_icon='\ue837' data-av_iconfont='entypo-fontello' data-avia-icon-tooltip=\"&lt;br \/&gt;\nKontakt&lt;br \/&gt;\n\"><\/a><span class='av_icon_caption av-special-font'>Kontakt<\/span><\/span>\n<\/div><\/div><\/div><!-- close content main div --><\/div><\/div><div   class='avia-fullscreen-slider main_color   avia-builder-el-3  el_after_av_font_icon  el_before_av_one_full  slider-not-first container_wrap sidebar_right'  ><div  class='avia-slideshow av-l52ea26c-08dfc3167642b36b174aa7dcb31439d6 avia-slideshow-large av_fullscreen avia-slide-slider av-slideshow-ui av-control-default av-slideshow-manual av-loop-once av-loop-manual-endless av-default-height-applied   avia-slideshow-2' data-slideshow-options=\"{&quot;animation&quot;:&quot;slide&quot;,&quot;autoplay&quot;:false,&quot;loop_autoplay&quot;:&quot;once&quot;,&quot;interval&quot;:5,&quot;loop_manual&quot;:&quot;manual-endless&quot;,&quot;autoplay_stopper&quot;:false,&quot;noNavigation&quot;:false,&quot;bg_slider&quot;:true,&quot;keep_padding&quot;:false,&quot;hoverpause&quot;:false,&quot;show_slide_delay&quot;:0,&quot;slide_height&quot;:&quot;100&quot;,&quot;image_attachment&quot;:&quot;&quot;}\"  itemprop=\"image\" itemscope=\"itemscope\" itemtype=\"https:\/\/schema.org\/ImageObject\" ><ul class='avia-slideshow-inner ' style='padding-bottom: 75.04854368932%;'><li style='background-position:center center;' data-img-url='https:\/\/panamafreediving.com\/wp-content\/uploads\/2022\/07\/Freediving-static-apnea-Ani.-1030x773.jpg' class='avia-slideshow-slide av-l52ea26c-08dfc3167642b36b174aa7dcb31439d6__0  av-single-slide slide-1 slide-odd'><div data-rel='slideshow-2' class='avia-slide-wrap '   ><\/div><\/li><\/ul><\/div><\/div><div id='after_full_slider_2'  class='main_color av_default_container_wrap container_wrap sidebar_right'  ><div class='container av-section-cont-open' ><div class='template-page content  av-content-small alpha units'><div class='post-entry post-entry-type-page post-entry-3796'><div class='entry-content-wrapper clearfix'>\n<div  class='flex_column av-5qunq4-228a4371db88f2bd62c758253c35b50d av_one_full  avia-builder-el-4  el_after_av_fullscreen  el_before_av_font_icon  avia-builder-el-first  first flex_column_div  '     ><section  class='av_textblock_section av-l52eb1ij-3e7c2f77e15c19bfeb36b0aa6c9a04eb '   itemscope=\"itemscope\" itemtype=\"https:\/\/schema.org\/CreativeWork\" ><div class='avia_textblock'  itemprop=\"text\" ><h2><span style=\"color: #000000;\">FORTGESCHRITTENER FREEDIVER KURS<\/span><\/h2>\n<p><span style=\"font-weight: 400; color: #000000;\">Wenn du dich f\u00fcr den Advanced Freediver Kurs anmeldest, weisst du bereits, warum Freediving eine beliebte Art ist, die Welt unter den Wellen zu erkunden. Du m\u00f6chtest mehr dar\u00fcber erfahren, wie du die erstaunlichen Kr\u00e4fte, die in deinem K\u00f6rper schlummern, wecken kannst, um l\u00e4nger und ruhiger unter Wasser zu bleiben.<\/span><\/p>\n<p><span style=\"font-weight: 400; color: #000000;\">Vielleicht m\u00f6chtest du tiefer gehen und probieren, ob du es auf 30 Meter schaffen kannst und deine Atemanhaltezeit w\u00e4hrend der Static Apnea verl\u00e4ngern. Es wird interessant, dein Bewusstsein f\u00fcr die Botschaften, die dein K\u00f6rper dir sendet, zu sch\u00e4rfen und daran zu arbeiten, mit innerer Ruhe ein Gef\u00fchl des absoluten Friedens zu finden.<\/span><\/p>\n<p><span style=\"font-weight: 400; color: #000000;\">Du kannst dich darauf freuen, all dies und mehr w\u00e4hrend des Advanced Freediver-Kurses zu erkunden.<\/span><\/p>\n<p><strong><span style=\"text-decoration: underline;\"><span style=\"color: #000000; text-decoration: underline;\">Dieser dreit\u00e4gige Kurs beinhaltet<\/span><\/span><\/strong><\/p>\n<ul>\n<li style=\"font-weight: 400;\" aria-level=\"1\"><span style=\"font-weight: 400; color: #000000;\">Stactic Apnea: Theorie, Trockenpraxis und Pool-Session<\/span><\/li>\n<li style=\"font-weight: 400;\" aria-level=\"1\"><span style=\"font-weight: 400; color: #000000;\">Zwei theoretische Pr\u00e4sentationen, in denen du fortgeschrittene Atemtechniken, Ausatmungstauchen und Tieftauchtechniken lernst<\/span><\/li>\n<li style=\"font-weight: 400;\" aria-level=\"1\"><span style=\"font-weight: 400; color: #000000;\">Zwei Open Water Session (Tiefe bis zu 30 Meter).<\/span><\/li>\n<\/ul>\n<p><span style=\"color: #000000;\"><span style=\"text-decoration: underline;\"><span style=\"font-weight: 400;\">Preis:<\/span><\/span><span style=\"font-weight: 400;\"> 420 $ (inklusive Leihausr\u00fcstung, Online-Zertifizierung, Online-Kursmaterialien)<\/span><\/span><\/p>\n<\/div><\/section><\/div>\n\n<style type=\"text\/css\" data-created_by=\"avia_inline_auto\" id=\"style-css-av-3qykfg-cb73da7d82e9499c8c236de4fa0e33ca\">\n.av_font_icon.av-3qykfg-cb73da7d82e9499c8c236de4fa0e33ca{\ncolor:#197de8;\nborder-color:#197de8;\n}\n.av_font_icon.av-3qykfg-cb73da7d82e9499c8c236de4fa0e33ca .av-icon-char{\nfont-size:40px;\nline-height:40px;\nwidth:40px;\n}\n<\/style>\n<span  class='av_font_icon av-3qykfg-cb73da7d82e9499c8c236de4fa0e33ca avia_animate_when_visible av-icon-style-border avia-icon-pos-center avia-icon-animate'><a href='https:\/\/panamafreediving.com\/de\/panama-dive-center-contact\/'  target=\"_blank\"  rel=\"noopener noreferrer\"  class='av-icon-char' aria-hidden='true' data-av_icon='\ue837' data-av_iconfont='entypo-fontello' data-avia-icon-tooltip=\"&lt;br \/&gt;\nContact Us&lt;br \/&gt;\n\"><\/a><span class='av_icon_caption av-special-font'>Kontakt<\/span><\/span>\n<div  class='hr av-2bqfjg-4f1000c53c0807924bb09174c0f276c4 hr-short  avia-builder-el-7  el_after_av_font_icon  avia-builder-el-last  hr-center'><span class='hr-inner '><span class=\"hr-inner-style\"><\/span><\/span><\/div>\n","protected":false},"excerpt":{"rendered":"<p>This is a Page excerpt. It will be displayed for search results<\/p>\n","protected":false},"author":2,"featured_media":0,"parent":0,"menu_order":0,"comment_status":"open","ping_status":"open","template":"","meta":{"footnotes":""},"class_list":["post-3796","page","type-page","status-publish","hentry"],"yoast_head":"<!-- This site is optimized with the Yoast SEO Premium plugin v15.4 - https:\/\/yoast.com\/wordpress\/plugins\/seo\/ -->\n<title>Panama Dive Center | Diving Coiba National Park | Santa Catalina |<\/title>\n<meta name=\"description\" content=\"The first 5 Star PADI Dive Resort in Santa Catalina. We offer daily dives and PADI Courses to Coiba National Park, the top scuba diving location in Panama!\" \/>\n<meta name=\"robots\" content=\"index, follow, max-snippet:-1, max-image-preview:large, max-video-preview:-1\" \/>\n<link rel=\"canonical\" href=\"https:\/\/panamafreediving.com\/de\/\" \/>\n<meta property=\"og:locale\" content=\"de_DE\" \/>\n<meta property=\"og:type\" content=\"article\" \/>\n<meta property=\"og:title\" content=\"Panama Dive Center | Diving Coiba National Park | Santa Catalina |\" \/>\n<meta property=\"og:description\" content=\"The first 5 Star PADI Dive Resort in Santa Catalina. We offer daily dives and PADI Courses to Coiba National Park, the top scuba diving location in Panama!\" \/>\n<meta property=\"og:url\" content=\"https:\/\/panamafreediving.com\/de\/\" \/>\n<meta property=\"og:site_name\" content=\"Panama dive Center\" \/>\n<meta property=\"article:publisher\" content=\"https:\/\/www.facebook.com\/padipanamadivecenter\" \/>\n<meta property=\"article:modified_time\" content=\"2022-07-07T12:02:56+00:00\" \/>\n<meta name=\"twitter:card\" content=\"summary_large_image\" \/>\n<meta name=\"twitter:label1\" content=\"Verfasst von\">\n\t<meta name=\"twitter:data1\" content=\"Sabina Schreck\">\n\t<meta name=\"twitter:label2\" content=\"Gesch\u00e4tzte Lesezeit\">\n\t<meta name=\"twitter:data2\" content=\"5 Minuten\">\n<script type=\"application\/ld+json\" class=\"yoast-schema-graph\">{\"@context\":\"https:\/\/schema.org\",\"@graph\":[{\"@type\":\"Organization\",\"@id\":\"https:\/\/panamafreediving.com\/#organization\",\"name\":\"Panama Free Diving\",\"url\":\"https:\/\/panamafreediving.com\/\",\"sameAs\":[\"https:\/\/www.facebook.com\/padipanamadivecenter\",\"https:\/\/www.instagram.com\/panama_dive_center\/\",\"https:\/\/www.youtube.com\/channel\/UCamRbdZ7Ysol_Lqxp0UWJPA\"],\"logo\":{\"@type\":\"ImageObject\",\"@id\":\"https:\/\/panamafreediving.com\/#logo\",\"inLanguage\":\"de-DE\",\"url\":\"https:\/\/panamafreediving.com\/wp-content\/uploads\/2017\/12\/RAYFB.jpg\",\"width\":1026,\"height\":1026,\"caption\":\"Panama Free Diving\"},\"image\":{\"@id\":\"https:\/\/panamafreediving.com\/#logo\"}},{\"@type\":\"WebSite\",\"@id\":\"https:\/\/panamafreediving.com\/#website\",\"url\":\"https:\/\/panamafreediving.com\/\",\"name\":\"Panama dive Center\",\"description\":\"Dive in Coiba Panama\",\"publisher\":{\"@id\":\"https:\/\/panamafreediving.com\/#organization\"},\"potentialAction\":[{\"@type\":\"SearchAction\",\"target\":\"https:\/\/panamafreediving.com\/?s={search_term_string}\",\"query-input\":\"required name=search_term_string\"}],\"inLanguage\":\"de-DE\"},{\"@type\":\"WebPage\",\"@id\":\"https:\/\/panamafreediving.com\/de\/#webpage\",\"url\":\"https:\/\/panamafreediving.com\/de\/\",\"name\":\"Panama Dive Center | Diving Coiba National Park | Santa Catalina |\",\"isPartOf\":{\"@id\":\"https:\/\/panamafreediving.com\/#website\"},\"datePublished\":\"2013-04-07T17:44:22+00:00\",\"dateModified\":\"2022-07-07T12:02:56+00:00\",\"description\":\"The first 5 Star PADI Dive Resort in Santa Catalina. We offer daily dives and PADI Courses to Coiba National Park, the top scuba diving location in Panama!\",\"inLanguage\":\"de-DE\",\"potentialAction\":[{\"@type\":\"ReadAction\",\"target\":[\"https:\/\/panamafreediving.com\/de\/\"]}]}]}<\/script>\n<!-- \/ Yoast SEO Premium plugin. -->","_links":{"self":[{"href":"https:\/\/panamafreediving.com\/de\/wp-json\/wp\/v2\/pages\/3796\/"}],"collection":[{"href":"https:\/\/panamafreediving.com\/de\/wp-json\/wp\/v2\/pages\/"}],"about":[{"href":"https:\/\/panamafreediving.com\/de\/wp-json\/wp\/v2\/types\/page\/"}],"author":[{"embeddable":true,"href":"https:\/\/panamafreediving.com\/de\/wp-json\/wp\/v2\/users\/2\/"}],"replies":[{"embeddable":true,"href":"https:\/\/panamafreediving.com\/de\/wp-json\/wp\/v2\/comments\/?post=3796"}],"version-history":[{"count":129,"href":"https:\/\/panamafreediving.com\/de\/wp-json\/wp\/v2\/pages\/3796\/revisions\/"}],"predecessor-version":[{"id":25521,"href":"https:\/\/panamafreediving.com\/de\/wp-json\/wp\/v2\/pages\/3796\/revisions\/25521\/"}],"wp:attachment":[{"href":"https:\/\/panamafreediving.com\/de\/wp-json\/wp\/v2\/media\/?parent=3796"}],"curies":[{"name":"wp","href":"https:\/\/api.w.org\/{rel}","templated":true}]}}